{"id":29198,"date":"2025-03-25T15:36:28","date_gmt":"2025-03-25T14:36:28","guid":{"rendered":"https:\/\/serverdedicato.lovenailsrivenditore.com\/?product=kodi-blush-professionale-fall-in-love-13ml"},"modified":"2026-04-20T09:14:23","modified_gmt":"2026-04-20T07:14:23","slug":"kodi-blush-professionale-fall-in-love-13ml","status":"publish","type":"product","link":"https:\/\/serverdedicato.lovenailsrivenditore.com\/?product=kodi-blush-professionale-fall-in-love-13ml","title":{"rendered":"KODI PROFESSIONAL- BLUSH PROFESSIONALE &#8211; Fall in Love 13ml"},"content":{"rendered":"<p>Il blush \u00e8 un prodotto decorativo che rinfresca istantaneamente il trucco, ringiovanisce visivamente e dona al viso un aspetto riposato.<\/p>\n<p>Un&#8217;ottima scelta sia per l&#8217;uso individuale che per quello professionale \u00e8 il blush multifunzionale &#8220;Fall in Love&#8221;\u00a0 del famoso marchio internazionale Kodi Professional.<\/p>\n<p>Grazie alla sua esclusiva formula cremosa e ultra pigmentata, il prodotto pu\u00f2 essere utilizzato in molteplici modi: come classico fard, come tinta per labbra e\/o come ombretto. I blush hanno una consistenza gradevole e setosa, facile da sfumare con un pennello o da sovrapporre per un effetto pi\u00f9 intenso. Il prodotto ha un colore rosa caldo, quindi \u00e8 ideale per diversi tipi e tonalit\u00e0 di pelle.<\/p>\n<p>Mantiene a lungo un trucco impeccabile e dalla lunga tenuta.<\/p>\n<p>Come si usa: applicare una piccola quantit\u00e0 di fard sulla pelle e sfumare con un pennello.<\/p>\n<p>Colore: rosa caldo.<\/p>\n<p>Ingredienti: CICLOMETILCONE, FENIL TRIMETILCONE, DIMETILCONE\/FENIL VINIL DIMETILCONE CROSSPOLYMER, LAURETH-12, CERA D&#8217;API, NYLON-12, PROPILPARABENE. PU\u00d2 CONTENERE (+\/-): CI 77891, CI 77491, CI 77492, CI 77499, CI 45410, C116035, CI 15850.<\/p>\n","protected":false},"excerpt":{"rendered":"<p>Il blush \u00e8 un prodotto decorativo che rinfresca istantaneamente il trucco, ringiovanisce visivamente e dona al viso un aspetto riposato.<\/p>\n<p>Un&#8217;ottima scelta sia per l&#8217;uso individuale che per quello professionale \u00e8 il blush multifunzionale &#8220;Fall in Love&#8221;\u00a0 del famoso marchio internazionale Kodi Professional.<\/p>\n<p>Grazie alla sua esclusiva formula cremosa e ultra pigmentata, il prodotto pu\u00f2 essere utilizzato in molteplici modi: come classico fard, come tinta per labbra e\/o come ombretto. I blush hanno una consistenza gradevole e setosa, facile da sfumare con un pennello o da sovrapporre per un effetto pi\u00f9 intenso. Il prodotto ha un colore rosa caldo, quindi \u00e8 ideale per diversi tipi e tonalit\u00e0 di pelle.<\/p>\n<p>Mantiene a lungo un trucco impeccabile e dalla lunga tenuta.<\/p>\n<p>Come si usa: applicare una piccola quantit\u00e0 di fard sulla pelle e sfumare con un pennello.<\/p>\n<p>Colore: rosa caldo.<\/p>\n","protected":false},"featured_media":29199,"comment_status":"closed","ping_status":"open","template":"","meta":[],"product_brand":[],"product_cat":[2627,2628,1856,1509,2629,2315],"product_tag":[1805,2611,2630,2612],"class_list":{"0":"post-29198","1":"product","2":"type-product","3":"status-publish","4":"has-post-thumbnail","6":"product_cat-kodi","7":"product_cat-kodi-professional","8":"product_cat-make-up","9":"product_cat-top-brand-professionali-unghie","10":"product_cat-viso-kodi-professional","11":"product_cat-viso","12":"product_tag-blush","13":"product_tag-fard","14":"product_tag-kodi","15":"product_tag-phard","17":"first","18":"instock","19":"shipping-taxable","20":"purchasable","21":"product-type-simple"},"_links":{"self":[{"href":"https:\/\/serverdedicato.lovenailsrivenditore.com\/index.php?rest_route=\/wp\/v2\/product\/29198","targetHints":{"allow":["GET"]}}],"collection":[{"href":"https:\/\/serverdedicato.lovenailsrivenditore.com\/index.php?rest_route=\/wp\/v2\/product"}],"about":[{"href":"https:\/\/serverdedicato.lovenailsrivenditore.com\/index.php?rest_route=\/wp\/v2\/types\/product"}],"replies":[{"embeddable":true,"href":"https:\/\/serverdedicato.lovenailsrivenditore.com\/index.php?rest_route=%2Fwp%2Fv2%2Fcomments&post=29198"}],"wp:featuredmedia":[{"embeddable":true,"href":"https:\/\/serverdedicato.lovenailsrivenditore.com\/index.php?rest_route=\/wp\/v2\/media\/29199"}],"wp:attachment":[{"href":"https:\/\/serverdedicato.lovenailsrivenditore.com\/index.php?rest_route=%2Fwp%2Fv2%2Fmedia&parent=29198"}],"wp:term":[{"taxonomy":"product_brand","embeddable":true,"href":"https:\/\/serverdedicato.lovenailsrivenditore.com\/index.php?rest_route=%2Fwp%2Fv2%2Fproduct_brand&post=29198"},{"taxonomy":"product_cat","embeddable":true,"href":"https:\/\/serverdedicato.lovenailsrivenditore.com\/index.php?rest_route=%2Fwp%2Fv2%2Fproduct_cat&post=29198"},{"taxonomy":"product_tag","embeddable":true,"href":"https:\/\/serverdedicato.lovenailsrivenditore.com\/index.php?rest_route=%2Fwp%2Fv2%2Fproduct_tag&post=29198"}],"curies":[{"name":"wp","href":"https:\/\/api.w.org\/{rel}","templated":true}]}}