{"id":29224,"date":"2025-03-26T17:24:23","date_gmt":"2025-03-26T16:24:23","guid":{"rendered":"https:\/\/serverdedicato.lovenailsrivenditore.com\/?product=kodi-professional-bb-beauty-balm-n-02-30ml"},"modified":"2026-04-20T09:14:56","modified_gmt":"2026-04-20T07:14:56","slug":"kodi-professional-bb-beauty-balm-n-02-30ml","status":"publish","type":"product","link":"https:\/\/serverdedicato.lovenailsrivenditore.com\/?product=kodi-professional-bb-beauty-balm-n-02-30ml","title":{"rendered":"KODI PROFESSIONAL- BB BEAUTY BALM n.02 &#8211; 30ml"},"content":{"rendered":"<p>BB Beauty Balm \u00e8 un&#8217;evoluzione unica del famoso marchio internazionale Kodi professional, che unisce le propriet\u00e0 di un prodotto per la cura e di un prodotto cosmetico decorativo. Questa \u00e8 la soluzione perfetta per chi d\u00e0 valore al proprio tempo e desidera ottenere la massima naturalezza nel trucco. \u00a0 BB Beauty Balm ha una consistenza fluida e ultraleggera. Bastano pochi clic sull&#8217;erogatore a pompa per ottenere la giusta quantit\u00e0 di toner. Il prodotto pu\u00f2 essere applicato con un pennello per una coprenza pi\u00f9 spessa oppure con una spugna umida per creare un effetto impalpabile. Il BB Beauty Balm \u00e8 arricchito con pregiato olio di jojoba, che nutre e si prende cura dell&#8217;epidermide, idratandola.<\/p>\n<p>La tonalit\u00e0 n. 01 \u00e8 beige<\/p>\n<p>Contenuto: 30 ml<\/p>\n<p>Ingredienti: ACQUA DEIONIZZATA, DIMETILCONE, TRIFENIL TRIMETILCONE, BUTILENGLICOLE, ISONONIL ISONONANOATO, OLIO DI JOJOBA, CICLOPENTASILOSSANO, CETYL PEG\/PPG-10\/1 DIMETILCONE, SQUALANO, PEG-10 DIMETILCONE, CERA D&#8217;API, CLORURO DI SODIO, ACETATO DI TOCOFEROLO, PROPILPARABENE. PU\u00d2 CONTENERE (+\/-): CI 77891, C177491, C177492, C177499.<\/p>\n","protected":false},"excerpt":{"rendered":"<p>BB Beauty Balm \u00e8 un&#8217;evoluzione unica del famoso marchio internazionale Kodi professional, che unisce le propriet\u00e0 di un prodotto per la cura e di un prodotto cosmetico decorativo. Questa \u00e8 la soluzione perfetta per chi d\u00e0 valore al proprio tempo e desidera ottenere la massima naturalezza nel trucco. \u00a0 BB Beauty Balm ha una consistenza fluida e ultraleggera. Bastano pochi clic sull&#8217;erogatore a pompa per ottenere la giusta quantit\u00e0 di toner. Il prodotto pu\u00f2 essere applicato con un pennello per una coprenza pi\u00f9 spessa oppure con una spugna umida per creare un effetto impalpabile. Il BB Beauty Balm \u00e8 arricchito con pregiato olio di jojoba, che nutre e si prende cura dell&#8217;epidermide, idratandola.<\/p>\n<p>La tonalit\u00e0 n. 01 \u00e8 beige<\/p>\n<p>Contenuto: 30 ml<\/p>\n","protected":false},"featured_media":29225,"comment_status":"closed","ping_status":"open","template":"","meta":[],"product_brand":[],"product_cat":[2627,2628,1856,1509,2629,2315],"product_tag":[2636,2334,2630],"class_list":{"0":"post-29224","1":"product","2":"type-product","3":"status-publish","4":"has-post-thumbnail","6":"product_cat-kodi","7":"product_cat-kodi-professional","8":"product_cat-make-up","9":"product_cat-top-brand-professionali-unghie","10":"product_cat-viso-kodi-professional","11":"product_cat-viso","12":"product_tag-bb-cream","13":"product_tag-fondotinta","14":"product_tag-kodi","16":"first","17":"instock","18":"shipping-taxable","19":"purchasable","20":"product-type-simple"},"_links":{"self":[{"href":"https:\/\/serverdedicato.lovenailsrivenditore.com\/index.php?rest_route=\/wp\/v2\/product\/29224","targetHints":{"allow":["GET"]}}],"collection":[{"href":"https:\/\/serverdedicato.lovenailsrivenditore.com\/index.php?rest_route=\/wp\/v2\/product"}],"about":[{"href":"https:\/\/serverdedicato.lovenailsrivenditore.com\/index.php?rest_route=\/wp\/v2\/types\/product"}],"replies":[{"embeddable":true,"href":"https:\/\/serverdedicato.lovenailsrivenditore.com\/index.php?rest_route=%2Fwp%2Fv2%2Fcomments&post=29224"}],"wp:featuredmedia":[{"embeddable":true,"href":"https:\/\/serverdedicato.lovenailsrivenditore.com\/index.php?rest_route=\/wp\/v2\/media\/29225"}],"wp:attachment":[{"href":"https:\/\/serverdedicato.lovenailsrivenditore.com\/index.php?rest_route=%2Fwp%2Fv2%2Fmedia&parent=29224"}],"wp:term":[{"taxonomy":"product_brand","embeddable":true,"href":"https:\/\/serverdedicato.lovenailsrivenditore.com\/index.php?rest_route=%2Fwp%2Fv2%2Fproduct_brand&post=29224"},{"taxonomy":"product_cat","embeddable":true,"href":"https:\/\/serverdedicato.lovenailsrivenditore.com\/index.php?rest_route=%2Fwp%2Fv2%2Fproduct_cat&post=29224"},{"taxonomy":"product_tag","embeddable":true,"href":"https:\/\/serverdedicato.lovenailsrivenditore.com\/index.php?rest_route=%2Fwp%2Fv2%2Fproduct_tag&post=29224"}],"curies":[{"name":"wp","href":"https:\/\/api.w.org\/{rel}","templated":true}]}}