{"id":29243,"date":"2025-03-26T18:09:04","date_gmt":"2025-03-26T17:09:04","guid":{"rendered":"https:\/\/serverdedicato.lovenailsrivenditore.com\/?product=kodi-professional-base-make-up-scintillante-30ml"},"modified":"2026-04-20T09:15:07","modified_gmt":"2026-04-20T07:15:07","slug":"kodi-professional-base-make-up-scintillante-30ml","status":"publish","type":"product","link":"https:\/\/serverdedicato.lovenailsrivenditore.com\/?product=kodi-professional-base-make-up-scintillante-30ml","title":{"rendered":"KODI PROFESSIONAL &#8211; BASE MAKE UP SCINTILLANTE &#8211; 30ml"},"content":{"rendered":"<p>Moisturizing Shimmer Base (base idratante per il trucco con effetto shimmer), 30 ml<\/p>\n<p>La linea di base per il trucco KODI PROFESSIONAL consente di scegliere il prodotto ottimale che corregger\u00e0 delicatamente le imperfezioni della pelle, la preparer\u00e0 all&#8217;applicazione di ulteriori prodotti e garantir\u00e0 un trucco impeccabile e duraturo per il periodo di tempo desiderato. Tutte le basi hanno propriet\u00e0 protettive, riducendo l&#8217;impatto dei fattori ambientali esterni negativi. Moisturizing Shimmer Base \u00e8 la scelta ideale per ottenere l&#8217;effetto di una pelle pi\u00f9 fresca e sana, che sembra risplendere dall&#8217;interno. La consistenza leggera \u00e8 facile da applicare, si distribuisce uniformemente e leviga bene la pelle senza appesantirla. Grazie alla brillantezza finemente distribuita, il prodotto presenta un effetto riflettente che nasconde visivamente le irregolarit\u00e0 della pelle. I componenti idratanti intensivi contenuti nel prodotto rendono la pelle elastica, liscia e morbida. Adatto a tutti i tipi di pelle, consigliato per pelli tendenti alla secchezza.<\/p>\n","protected":false},"excerpt":{"rendered":"<p>Moisturizing Shimmer Base (base idratante per il trucco con effetto shimmer), 30 ml<\/p>\n<p>La linea di base per il trucco KODI PROFESSIONAL consente di scegliere il prodotto ottimale che corregger\u00e0 delicatamente le imperfezioni della pelle, la preparer\u00e0 all&#8217;applicazione di ulteriori prodotti e garantir\u00e0 un trucco impeccabile e duraturo per il periodo di tempo desiderato. Tutte le basi hanno propriet\u00e0 protettive, riducendo l&#8217;impatto dei fattori ambientali esterni negativi. Moisturizing Shimmer Base \u00e8 la scelta ideale per ottenere l&#8217;effetto di una pelle pi\u00f9 fresca e sana, che sembra risplendere dall&#8217;interno. La consistenza leggera \u00e8 facile da applicare, si distribuisce uniformemente e leviga bene la pelle senza appesantirla. Grazie alla brillantezza finemente distribuita, il prodotto presenta un effetto riflettente che nasconde visivamente le irregolarit\u00e0 della pelle. I componenti idratanti intensivi contenuti nel prodotto rendono la pelle elastica, liscia e morbida. Adatto a tutti i tipi di pelle, consigliato per pelli tendenti alla secchezza.<\/p>\n","protected":false},"featured_media":29244,"comment_status":"closed","ping_status":"open","template":"","meta":[],"product_brand":[],"product_cat":[2627,2628,1856,1509,2629,2315],"product_tag":[2640,2370],"class_list":{"0":"post-29243","1":"product","2":"type-product","3":"status-publish","4":"has-post-thumbnail","6":"product_cat-kodi","7":"product_cat-kodi-professional","8":"product_cat-make-up","9":"product_cat-top-brand-professionali-unghie","10":"product_cat-viso-kodi-professional","11":"product_cat-viso","12":"product_tag-base-make-up","13":"product_tag-shimmer","15":"first","16":"instock","17":"shipping-taxable","18":"purchasable","19":"product-type-simple"},"_links":{"self":[{"href":"https:\/\/serverdedicato.lovenailsrivenditore.com\/index.php?rest_route=\/wp\/v2\/product\/29243","targetHints":{"allow":["GET"]}}],"collection":[{"href":"https:\/\/serverdedicato.lovenailsrivenditore.com\/index.php?rest_route=\/wp\/v2\/product"}],"about":[{"href":"https:\/\/serverdedicato.lovenailsrivenditore.com\/index.php?rest_route=\/wp\/v2\/types\/product"}],"replies":[{"embeddable":true,"href":"https:\/\/serverdedicato.lovenailsrivenditore.com\/index.php?rest_route=%2Fwp%2Fv2%2Fcomments&post=29243"}],"wp:featuredmedia":[{"embeddable":true,"href":"https:\/\/serverdedicato.lovenailsrivenditore.com\/index.php?rest_route=\/wp\/v2\/media\/29244"}],"wp:attachment":[{"href":"https:\/\/serverdedicato.lovenailsrivenditore.com\/index.php?rest_route=%2Fwp%2Fv2%2Fmedia&parent=29243"}],"wp:term":[{"taxonomy":"product_brand","embeddable":true,"href":"https:\/\/serverdedicato.lovenailsrivenditore.com\/index.php?rest_route=%2Fwp%2Fv2%2Fproduct_brand&post=29243"},{"taxonomy":"product_cat","embeddable":true,"href":"https:\/\/serverdedicato.lovenailsrivenditore.com\/index.php?rest_route=%2Fwp%2Fv2%2Fproduct_cat&post=29243"},{"taxonomy":"product_tag","embeddable":true,"href":"https:\/\/serverdedicato.lovenailsrivenditore.com\/index.php?rest_route=%2Fwp%2Fv2%2Fproduct_tag&post=29243"}],"curies":[{"name":"wp","href":"https:\/\/api.w.org\/{rel}","templated":true}]}}