{"id":29248,"date":"2025-03-26T18:17:16","date_gmt":"2025-03-26T17:17:16","guid":{"rendered":"https:\/\/serverdedicato.lovenailsrivenditore.com\/?product=kodi-professional-hd-liquid-fondotinta-n-02-30ml"},"modified":"2026-04-20T09:15:10","modified_gmt":"2026-04-20T07:15:10","slug":"kodi-professional-hd-liquid-fondotinta-n-02-30ml","status":"publish","type":"product","link":"https:\/\/serverdedicato.lovenailsrivenditore.com\/?product=kodi-professional-hd-liquid-fondotinta-n-02-30ml","title":{"rendered":"KODI PROFESSIONAL &#8211; HD LIQUID FONDOTINTA n.02 &#8211; 30ml"},"content":{"rendered":"<p>Il fondotinta HD LIQUID FOUNDATION, sviluppato dagli esperti del marchio internazionale Kodi Professional, \u00e8 la soluzione migliore sia per le pi\u00f9 esperte che per le meno esperte. Il prodotto contiene la tecnologia dei pigmenti HD multitonali (pigmenti ad alta definizione) che uniformano visivamente il tono della pelle nelle foto e nei video.<\/p>\n<p>La palette HD LIQUID FOUNDATION \u00e8 caratterizzata da colori naturali ed equilibrati. La tonalit\u00e0 #02 \u00e8 beige miele. Grazie alla formula ultraleggera a base d&#8217;acqua, il tono si distribuisce facilmente e uniformemente con un pennello, nascondendo efficacemente tutte le imperfezioni e senza enfatizzare i rilievi della pelle. Ha un&#8217;elevata densit\u00e0, ma allo stesso tempo conserva la sua naturalezza.<\/p>\n<p>Uno speciale erogatore impedisce il consumo eccessivo di toner, aumenta l&#8217;igiene e previene le fuoriuscite.<\/p>\n<p>Come si usa: applicare con un pennello per ottenere texture cremose o con una spugna umida. Per una maggiore stabilit\u00e0, fissare con la cipria. Pu\u00f2 essere utilizzato come ausilio per correggere singole aree del viso.<\/p>\n<p>Contenuto: 30 ml<\/p>\n<p>Ingredienti: ACQUA, CICLOPENTASILOSSANO, PEG-10, DIMETILCONE, GLICERILE, BUTILENGLICOLE, SQUALANO, ISONONIL ISONONANOATO, STEARETH-21, COPOLIMERO DIMETILCONE\/METILCONE, ACETATO DI TOCOFEROLO, NITRURO DI BORO, PROPILPARABENE, FRAGRANZA. PU\u00d2 CONTENERE (+\/-): CI 77891, OSSIDI DI FERRO, CI 77491, CI 77492<\/p>\n","protected":false},"excerpt":{"rendered":"<p>Il fondotinta HD LIQUID FOUNDATION, sviluppato dagli esperti del marchio internazionale Kodi Professional, \u00e8 la soluzione migliore sia per le pi\u00f9 esperte che per le meno esperte. Il prodotto contiene la tecnologia dei pigmenti HD multitonali (pigmenti ad alta definizione) che uniformano visivamente il tono della pelle nelle foto e nei video.<\/p>\n<p>La palette HD LIQUID FOUNDATION \u00e8 caratterizzata da colori naturali ed equilibrati. La tonalit\u00e0 #02 \u00e8 beige miele. Grazie alla formula ultraleggera a base d&#8217;acqua, il tono si distribuisce facilmente e uniformemente con un pennello, nascondendo efficacemente tutte le imperfezioni e senza enfatizzare i rilievi della pelle. Ha un&#8217;elevata densit\u00e0, ma allo stesso tempo conserva la sua naturalezza.<\/p>\n<p>Uno speciale erogatore impedisce il consumo eccessivo di toner, aumenta l&#8217;igiene e previene le fuoriuscite.<\/p>\n<p>Come si usa: applicare con un pennello per ottenere texture cremose o con una spugna umida. Per una maggiore stabilit\u00e0, fissare con la cipria. Pu\u00f2 essere utilizzato come ausilio per correggere singole aree del viso.<\/p>\n","protected":false},"featured_media":29249,"comment_status":"closed","ping_status":"open","template":"","meta":[],"product_brand":[],"product_cat":[2628,1856,2629,2315],"product_tag":[2334,2433,2630],"class_list":{"0":"post-29248","1":"product","2":"type-product","3":"status-publish","4":"has-post-thumbnail","6":"product_cat-kodi-professional","7":"product_cat-make-up","8":"product_cat-viso-kodi-professional","9":"product_cat-viso","10":"product_tag-fondotinta","11":"product_tag-fondotinta-chiaro","12":"product_tag-kodi","14":"first","15":"instock","16":"shipping-taxable","17":"purchasable","18":"product-type-simple"},"_links":{"self":[{"href":"https:\/\/serverdedicato.lovenailsrivenditore.com\/index.php?rest_route=\/wp\/v2\/product\/29248","targetHints":{"allow":["GET"]}}],"collection":[{"href":"https:\/\/serverdedicato.lovenailsrivenditore.com\/index.php?rest_route=\/wp\/v2\/product"}],"about":[{"href":"https:\/\/serverdedicato.lovenailsrivenditore.com\/index.php?rest_route=\/wp\/v2\/types\/product"}],"replies":[{"embeddable":true,"href":"https:\/\/serverdedicato.lovenailsrivenditore.com\/index.php?rest_route=%2Fwp%2Fv2%2Fcomments&post=29248"}],"wp:featuredmedia":[{"embeddable":true,"href":"https:\/\/serverdedicato.lovenailsrivenditore.com\/index.php?rest_route=\/wp\/v2\/media\/29249"}],"wp:attachment":[{"href":"https:\/\/serverdedicato.lovenailsrivenditore.com\/index.php?rest_route=%2Fwp%2Fv2%2Fmedia&parent=29248"}],"wp:term":[{"taxonomy":"product_brand","embeddable":true,"href":"https:\/\/serverdedicato.lovenailsrivenditore.com\/index.php?rest_route=%2Fwp%2Fv2%2Fproduct_brand&post=29248"},{"taxonomy":"product_cat","embeddable":true,"href":"https:\/\/serverdedicato.lovenailsrivenditore.com\/index.php?rest_route=%2Fwp%2Fv2%2Fproduct_cat&post=29248"},{"taxonomy":"product_tag","embeddable":true,"href":"https:\/\/serverdedicato.lovenailsrivenditore.com\/index.php?rest_route=%2Fwp%2Fv2%2Fproduct_tag&post=29248"}],"curies":[{"name":"wp","href":"https:\/\/api.w.org\/{rel}","templated":true}]}}