{"id":29257,"date":"2025-03-26T22:49:49","date_gmt":"2025-03-26T21:49:49","guid":{"rendered":"https:\/\/serverdedicato.lovenailsrivenditore.com\/?product=kodi-professional-gel-sopracciglia-7ml"},"modified":"2026-04-20T09:15:17","modified_gmt":"2026-04-20T07:15:17","slug":"kodi-professional-gel-sopracciglia-7ml","status":"publish","type":"product","link":"https:\/\/serverdedicato.lovenailsrivenditore.com\/?product=kodi-professional-gel-sopracciglia-7ml","title":{"rendered":"KODI PROFESSIONAL &#8211; GEL SOPRACCIGLIA 7ml"},"content":{"rendered":"<p>Avere sopracciglia curate e in ordine resta uno dei criteri principali per un trucco perfetto e vari prodotti per la cura delle sopracciglia hanno ormai conquistato un posto degno nel beauty case di ogni donna. Il gel trasparente per modellare le sopracciglia \u00e8 un cosmetico indispensabile sia per uso professionale che individuale. Questo strumento \u00e8 la chiave per avere sopracciglia impeccabili per tutto il giorno, poich\u00e9 consente di organizzare, modellare nella giusta direzione e fissare ogni singolo pelo. Adatto per sopracciglia indisciplinate. La consistenza piuttosto densa ne garantisce un utilizzo pratico, mentre la base trasparente assicura versatilit\u00e0.<\/p>\n","protected":false},"excerpt":{"rendered":"<p>Avere sopracciglia curate e in ordine resta uno dei criteri principali per un trucco perfetto e vari prodotti per la cura delle sopracciglia hanno ormai conquistato un posto degno nel beauty case di ogni donna. Il gel trasparente per modellare le sopracciglia \u00e8 un cosmetico indispensabile sia per uso professionale che individuale. Questo strumento \u00e8 la chiave per avere sopracciglia impeccabili per tutto il giorno, poich\u00e9 consente di organizzare, modellare nella giusta direzione e fissare ogni singolo pelo. Adatto per sopracciglia indisciplinate. La consistenza piuttosto densa ne garantisce un utilizzo pratico, mentre la base trasparente assicura versatilit\u00e0.<\/p>\n","protected":false},"featured_media":29258,"comment_status":"closed","ping_status":"open","template":"","meta":[],"product_brand":[],"product_cat":[2627,2628,1856,2641,2347,1509],"product_tag":[2424,2007],"class_list":{"0":"post-29257","1":"product","2":"type-product","3":"status-publish","4":"has-post-thumbnail","6":"product_cat-kodi","7":"product_cat-kodi-professional","8":"product_cat-make-up","9":"product_cat-sopracciglia-kodi-professional","10":"product_cat-sopracciglia","11":"product_cat-top-brand-professionali-unghie","12":"product_tag-gel-sopracciglia","13":"product_tag-sopracciglia","15":"first","16":"instock","17":"shipping-taxable","18":"purchasable","19":"product-type-simple"},"_links":{"self":[{"href":"https:\/\/serverdedicato.lovenailsrivenditore.com\/index.php?rest_route=\/wp\/v2\/product\/29257","targetHints":{"allow":["GET"]}}],"collection":[{"href":"https:\/\/serverdedicato.lovenailsrivenditore.com\/index.php?rest_route=\/wp\/v2\/product"}],"about":[{"href":"https:\/\/serverdedicato.lovenailsrivenditore.com\/index.php?rest_route=\/wp\/v2\/types\/product"}],"replies":[{"embeddable":true,"href":"https:\/\/serverdedicato.lovenailsrivenditore.com\/index.php?rest_route=%2Fwp%2Fv2%2Fcomments&post=29257"}],"wp:featuredmedia":[{"embeddable":true,"href":"https:\/\/serverdedicato.lovenailsrivenditore.com\/index.php?rest_route=\/wp\/v2\/media\/29258"}],"wp:attachment":[{"href":"https:\/\/serverdedicato.lovenailsrivenditore.com\/index.php?rest_route=%2Fwp%2Fv2%2Fmedia&parent=29257"}],"wp:term":[{"taxonomy":"product_brand","embeddable":true,"href":"https:\/\/serverdedicato.lovenailsrivenditore.com\/index.php?rest_route=%2Fwp%2Fv2%2Fproduct_brand&post=29257"},{"taxonomy":"product_cat","embeddable":true,"href":"https:\/\/serverdedicato.lovenailsrivenditore.com\/index.php?rest_route=%2Fwp%2Fv2%2Fproduct_cat&post=29257"},{"taxonomy":"product_tag","embeddable":true,"href":"https:\/\/serverdedicato.lovenailsrivenditore.com\/index.php?rest_route=%2Fwp%2Fv2%2Fproduct_tag&post=29257"}],"curies":[{"name":"wp","href":"https:\/\/api.w.org\/{rel}","templated":true}]}}