{"id":29265,"date":"2025-03-26T22:59:40","date_gmt":"2025-03-26T21:59:40","guid":{"rendered":"https:\/\/serverdedicato.lovenailsrivenditore.com\/?product=kodi-professional-fondotinta-in-stick-vanilla-12gr"},"modified":"2026-04-20T09:15:21","modified_gmt":"2026-04-20T07:15:21","slug":"kodi-professional-fondotinta-in-stick-vanilla-12gr","status":"publish","type":"product","link":"https:\/\/serverdedicato.lovenailsrivenditore.com\/?product=kodi-professional-fondotinta-in-stick-vanilla-12gr","title":{"rendered":"KODI PROFESSIONAL &#8211; FONDOTINTA IN STICK- VANILLA 12gr"},"content":{"rendered":"<p>La chiave per un trucco perfetto \u00e8, prima di tutto, un fondotinta di alta qualit\u00e0. Scegliendo il prodotto giusto si ottiene una pelle impeccabile e bella che mantiene il suo aspetto a lungo. Un fattore importante \u00e8 anche la sensazione di comfort che si prova quando si utilizza il fondotinta. Oltre ai fondotinta tradizionali, la gamma Make-up KODI PROFESSIONAL comprende fondotinta compatti in Stick, realizzati con tecnologie moderne. Il fondotinta in stick ha una coprenza elevata, che garantisce un&#8217;applicazione multifunzionale. Oltre a creare un tono uniforme con una texture naturale e setosa, il prodotto pu\u00f2 essere utilizzato per scolpire, correggere singole aree del viso e come correttore. Il fondotinta in stick \u00e8 molto comodo se vuoi rinfrescare il trucco in movimento. Grazie alla densit\u00e0 ottimale della consistenza, il tono \u00e8 facile da applicare e distribuire.<\/p>\n<p>Come si usa: applicare con un pennello per fondotinta. Per un risultato pi\u00f9 duraturo, si consiglia di fissare con cura il prodotto con la cipria.<\/p>\n<p>Colore: vaniglia<\/p>\n","protected":false},"excerpt":{"rendered":"<p>La chiave per un trucco perfetto \u00e8, prima di tutto, un fondotinta di alta qualit\u00e0. Scegliendo il prodotto giusto si ottiene una pelle impeccabile e bella che mantiene il suo aspetto a lungo. Un fattore importante \u00e8 anche la sensazione di comfort che si prova quando si utilizza il fondotinta. Oltre ai fondotinta tradizionali, la gamma Make-up KODI PROFESSIONAL comprende fondotinta compatti in Stick, realizzati con tecnologie moderne. Il fondotinta in stick ha una coprenza elevata, che garantisce un&#8217;applicazione multifunzionale. Oltre a creare un tono uniforme con una texture naturale e setosa, il prodotto pu\u00f2 essere utilizzato per scolpire, correggere singole aree del viso e come correttore. Il fondotinta in stick \u00e8 molto comodo se vuoi rinfrescare il trucco in movimento. Grazie alla densit\u00e0 ottimale della consistenza, il tono \u00e8 facile da applicare e distribuire.<\/p>\n","protected":false},"featured_media":29266,"comment_status":"closed","ping_status":"open","template":"","meta":[],"product_brand":[],"product_cat":[2627,2628,1856,1509,2629,2315],"product_tag":[2334,1602],"class_list":{"0":"post-29265","1":"product","2":"type-product","3":"status-publish","4":"has-post-thumbnail","6":"product_cat-kodi","7":"product_cat-kodi-professional","8":"product_cat-make-up","9":"product_cat-top-brand-professionali-unghie","10":"product_cat-viso-kodi-professional","11":"product_cat-viso","12":"product_tag-fondotinta","13":"product_tag-vaniglia","15":"first","16":"instock","17":"shipping-taxable","18":"purchasable","19":"product-type-simple"},"_links":{"self":[{"href":"https:\/\/serverdedicato.lovenailsrivenditore.com\/index.php?rest_route=\/wp\/v2\/product\/29265","targetHints":{"allow":["GET"]}}],"collection":[{"href":"https:\/\/serverdedicato.lovenailsrivenditore.com\/index.php?rest_route=\/wp\/v2\/product"}],"about":[{"href":"https:\/\/serverdedicato.lovenailsrivenditore.com\/index.php?rest_route=\/wp\/v2\/types\/product"}],"replies":[{"embeddable":true,"href":"https:\/\/serverdedicato.lovenailsrivenditore.com\/index.php?rest_route=%2Fwp%2Fv2%2Fcomments&post=29265"}],"wp:featuredmedia":[{"embeddable":true,"href":"https:\/\/serverdedicato.lovenailsrivenditore.com\/index.php?rest_route=\/wp\/v2\/media\/29266"}],"wp:attachment":[{"href":"https:\/\/serverdedicato.lovenailsrivenditore.com\/index.php?rest_route=%2Fwp%2Fv2%2Fmedia&parent=29265"}],"wp:term":[{"taxonomy":"product_brand","embeddable":true,"href":"https:\/\/serverdedicato.lovenailsrivenditore.com\/index.php?rest_route=%2Fwp%2Fv2%2Fproduct_brand&post=29265"},{"taxonomy":"product_cat","embeddable":true,"href":"https:\/\/serverdedicato.lovenailsrivenditore.com\/index.php?rest_route=%2Fwp%2Fv2%2Fproduct_cat&post=29265"},{"taxonomy":"product_tag","embeddable":true,"href":"https:\/\/serverdedicato.lovenailsrivenditore.com\/index.php?rest_route=%2Fwp%2Fv2%2Fproduct_tag&post=29265"}],"curies":[{"name":"wp","href":"https:\/\/api.w.org\/{rel}","templated":true}]}}