{"id":29348,"date":"2025-03-28T10:50:18","date_gmt":"2025-03-28T09:50:18","guid":{"rendered":"https:\/\/serverdedicato.lovenailsrivenditore.com\/?product=kodi-professional-sense-of-luxury-lip-gloss-n-04-6ml"},"modified":"2026-04-20T09:16:15","modified_gmt":"2026-04-20T07:16:15","slug":"kodi-professional-sense-of-luxury-lip-gloss-n-04-6ml","status":"publish","type":"product","link":"https:\/\/serverdedicato.lovenailsrivenditore.com\/?product=kodi-professional-sense-of-luxury-lip-gloss-n-04-6ml","title":{"rendered":"KODI PROFESSIONAL &#8211; SENSE OF LUXURY LIP GLOSS n.04 &#8211; 6ml"},"content":{"rendered":"<p>Il lucidalabbra Sense of Luxury n. 4 \u00e8 la tonalit\u00e0 pi\u00f9 brillante e vibrante della serie. Oltre al colore intenso con finitura lucida, questa tonalit\u00e0 dona alle labbra un volume meraviglioso, rendendole incredibilmente succose ed espressive. La consistenza cremosa favorisce un&#8217;applicazione precisa e uniforme, mentre il complesso vitaminico e gli ingredienti idratanti garantiscono una delicata cura della pelle. Il rossetto-gloss non secca le labbra e il pigmento non brucia la pelle. La serie Sense of Luxury \u00e8 stata creata per farti provare ogni giorno una sensazione di lusso senza pari sulle tue labbra.<\/p>\n<p>Come si usa: applicare sulle labbra con un applicatore o un pennello. Si consiglia di utilizzare una matita per modellare prima la forma delle labbra.<\/p>\n","protected":false},"excerpt":{"rendered":"<p>Il lucidalabbra Sense of Luxury n. 4 \u00e8 la tonalit\u00e0 pi\u00f9 brillante e vibrante della serie. Oltre al colore intenso con finitura lucida, questa tonalit\u00e0 dona alle labbra un volume meraviglioso, rendendole incredibilmente succose ed espressive. La consistenza cremosa favorisce un&#8217;applicazione precisa e uniforme, mentre il complesso vitaminico e gli ingredienti idratanti garantiscono una delicata cura della pelle. Il rossetto-gloss non secca le labbra e il pigmento non brucia la pelle. La serie Sense of Luxury \u00e8 stata creata per farti provare ogni giorno una sensazione di lusso senza pari sulle tue labbra.<\/p>\n<p>Come si usa: applicare sulle labbra con un applicatore o un pennello. Si consiglia di utilizzare una matita per modellare prima la forma delle labbra.<\/p>\n","protected":false},"featured_media":29349,"comment_status":"closed","ping_status":"open","template":"","meta":[],"product_brand":[],"product_cat":[2627,2628,2647,1857,1856,1509],"product_tag":[1853,1890],"class_list":{"0":"post-29348","1":"product","2":"type-product","3":"status-publish","4":"has-post-thumbnail","6":"product_cat-kodi","7":"product_cat-kodi-professional","8":"product_cat-labbra-kodi-professional","9":"product_cat-labbra","10":"product_cat-make-up","11":"product_cat-top-brand-professionali-unghie","12":"product_tag-lipgloss","13":"product_tag-lucidalabbra","15":"first","16":"instock","17":"shipping-taxable","18":"purchasable","19":"product-type-simple"},"_links":{"self":[{"href":"https:\/\/serverdedicato.lovenailsrivenditore.com\/index.php?rest_route=\/wp\/v2\/product\/29348","targetHints":{"allow":["GET"]}}],"collection":[{"href":"https:\/\/serverdedicato.lovenailsrivenditore.com\/index.php?rest_route=\/wp\/v2\/product"}],"about":[{"href":"https:\/\/serverdedicato.lovenailsrivenditore.com\/index.php?rest_route=\/wp\/v2\/types\/product"}],"replies":[{"embeddable":true,"href":"https:\/\/serverdedicato.lovenailsrivenditore.com\/index.php?rest_route=%2Fwp%2Fv2%2Fcomments&post=29348"}],"wp:featuredmedia":[{"embeddable":true,"href":"https:\/\/serverdedicato.lovenailsrivenditore.com\/index.php?rest_route=\/wp\/v2\/media\/29349"}],"wp:attachment":[{"href":"https:\/\/serverdedicato.lovenailsrivenditore.com\/index.php?rest_route=%2Fwp%2Fv2%2Fmedia&parent=29348"}],"wp:term":[{"taxonomy":"product_brand","embeddable":true,"href":"https:\/\/serverdedicato.lovenailsrivenditore.com\/index.php?rest_route=%2Fwp%2Fv2%2Fproduct_brand&post=29348"},{"taxonomy":"product_cat","embeddable":true,"href":"https:\/\/serverdedicato.lovenailsrivenditore.com\/index.php?rest_route=%2Fwp%2Fv2%2Fproduct_cat&post=29348"},{"taxonomy":"product_tag","embeddable":true,"href":"https:\/\/serverdedicato.lovenailsrivenditore.com\/index.php?rest_route=%2Fwp%2Fv2%2Fproduct_tag&post=29348"}],"curies":[{"name":"wp","href":"https:\/\/api.w.org\/{rel}","templated":true}]}}