{"id":29351,"date":"2025-03-28T11:51:45","date_gmt":"2025-03-28T10:51:45","guid":{"rendered":"https:\/\/serverdedicato.lovenailsrivenditore.com\/?product=kodi-professional-sense-of-luxury-lip-gloss-n-05-6ml"},"modified":"2026-04-20T09:16:16","modified_gmt":"2026-04-20T07:16:16","slug":"kodi-professional-sense-of-luxury-lip-gloss-n-05-6ml","status":"publish","type":"product","link":"https:\/\/serverdedicato.lovenailsrivenditore.com\/?product=kodi-professional-sense-of-luxury-lip-gloss-n-05-6ml","title":{"rendered":"KODI PROFESSIONAL &#8211; SENSE OF LUXURY LIP GLOSS n.05 &#8211; 6ml"},"content":{"rendered":"<p>Rossetto Sense of Luxury Lip Gloss n. 05, 6 ml.<\/p>\n<p>Il lucidalabbra Sense of Luxury No. 5 ha quella tonalit\u00e0 perfettamente elegante che ti conquister\u00e0 a prima vista. Questa tonalit\u00e0 pu\u00f2 diventare la tua preferita sia per il trucco da giorno che da sera. Una volta applicato sulle labbra, il rossetto-gloss dona un colore uniforme con una splendida finitura lucida. La consistenza cremosa favorisce un&#8217;applicazione precisa e uniforme, mentre il complesso vitaminico e gli ingredienti idratanti garantiscono una delicata cura della pelle. Il rossetto-gloss non secca le labbra e il pigmento non brucia la pelle. La serie Sense of Luxury \u00e8 stata creata per farti provare ogni giorno una sensazione di lusso senza pari sulle tue labbra.<\/p>\n<p>Come si usa: applicare sulle labbra con un applicatore o un pennello. Si consiglia di utilizzare una matita per modellare prima la forma delle labbra.<\/p>\n","protected":false},"excerpt":{"rendered":"<p>Rossetto Sense of Luxury Lip Gloss n. 05, 6 ml.<\/p>\n<p>Il lucidalabbra Sense of Luxury No. 5 ha quella tonalit\u00e0 perfettamente elegante che ti conquister\u00e0 a prima vista. Questa tonalit\u00e0 pu\u00f2 diventare la tua preferita sia per il trucco da giorno che da sera. Una volta applicato sulle labbra, il rossetto-gloss dona un colore uniforme con una splendida finitura lucida. La consistenza cremosa favorisce un&#8217;applicazione precisa e uniforme, mentre il complesso vitaminico e gli ingredienti idratanti garantiscono una delicata cura della pelle. Il rossetto-gloss non secca le labbra e il pigmento non brucia la pelle. La serie Sense of Luxury \u00e8 stata creata per farti provare ogni giorno una sensazione di lusso senza pari sulle tue labbra.<\/p>\n<p>Come si usa: applicare sulle labbra con un applicatore o un pennello. Si consiglia di utilizzare una matita per modellare prima la forma delle labbra.<\/p>\n","protected":false},"featured_media":29352,"comment_status":"closed","ping_status":"open","template":"","meta":[],"product_brand":[],"product_cat":[2627,2628,2647,1857,1856,1509],"product_tag":[1853,1890],"class_list":{"0":"post-29351","1":"product","2":"type-product","3":"status-publish","4":"has-post-thumbnail","6":"product_cat-kodi","7":"product_cat-kodi-professional","8":"product_cat-labbra-kodi-professional","9":"product_cat-labbra","10":"product_cat-make-up","11":"product_cat-top-brand-professionali-unghie","12":"product_tag-lipgloss","13":"product_tag-lucidalabbra","15":"first","16":"instock","17":"shipping-taxable","18":"purchasable","19":"product-type-simple"},"_links":{"self":[{"href":"https:\/\/serverdedicato.lovenailsrivenditore.com\/index.php?rest_route=\/wp\/v2\/product\/29351","targetHints":{"allow":["GET"]}}],"collection":[{"href":"https:\/\/serverdedicato.lovenailsrivenditore.com\/index.php?rest_route=\/wp\/v2\/product"}],"about":[{"href":"https:\/\/serverdedicato.lovenailsrivenditore.com\/index.php?rest_route=\/wp\/v2\/types\/product"}],"replies":[{"embeddable":true,"href":"https:\/\/serverdedicato.lovenailsrivenditore.com\/index.php?rest_route=%2Fwp%2Fv2%2Fcomments&post=29351"}],"wp:featuredmedia":[{"embeddable":true,"href":"https:\/\/serverdedicato.lovenailsrivenditore.com\/index.php?rest_route=\/wp\/v2\/media\/29352"}],"wp:attachment":[{"href":"https:\/\/serverdedicato.lovenailsrivenditore.com\/index.php?rest_route=%2Fwp%2Fv2%2Fmedia&parent=29351"}],"wp:term":[{"taxonomy":"product_brand","embeddable":true,"href":"https:\/\/serverdedicato.lovenailsrivenditore.com\/index.php?rest_route=%2Fwp%2Fv2%2Fproduct_brand&post=29351"},{"taxonomy":"product_cat","embeddable":true,"href":"https:\/\/serverdedicato.lovenailsrivenditore.com\/index.php?rest_route=%2Fwp%2Fv2%2Fproduct_cat&post=29351"},{"taxonomy":"product_tag","embeddable":true,"href":"https:\/\/serverdedicato.lovenailsrivenditore.com\/index.php?rest_route=%2Fwp%2Fv2%2Fproduct_tag&post=29351"}],"curies":[{"name":"wp","href":"https:\/\/api.w.org\/{rel}","templated":true}]}}