{"id":29367,"date":"2025-03-28T12:30:47","date_gmt":"2025-03-28T11:30:47","guid":{"rendered":"https:\/\/serverdedicato.lovenailsrivenditore.com\/?product=kodi-professional-matita-sopracciglia-03pb"},"modified":"2026-04-20T09:16:27","modified_gmt":"2026-04-20T07:16:27","slug":"kodi-professional-matita-sopracciglia-03pb","status":"publish","type":"product","link":"https:\/\/serverdedicato.lovenailsrivenditore.com\/?product=kodi-professional-matita-sopracciglia-03pb","title":{"rendered":"KODI PROFESSIONAL &#8211; MATITA SOPRACCIGLIA &#8211; 03PB"},"content":{"rendered":"<p>Matita per sopracciglia in polvere 03PB La matita per sopracciglia in polvere \u00e8 uno di quei prodotti richiesti dai truccatori professionisti, perch\u00e9 unisce linee pulite, facilit\u00e0 di applicazione e un effetto duraturo. La serie di matite per sopracciglia in polvere KODI PROFESSIONAL \u00e8 stata progettata tenendo conto delle tendenze moderne che dettano la tendenza alla naturalezza. Con questa matita puoi facilmente correggere professionalmente le sopracciglia (modellare la forma, disegnare singoli peli o riempire gli spazi vuoti) e donare loro un aspetto impeccabile a lungo. Il corpo della matita \u00e8 realizzato in legno di alta qualit\u00e0, che garantisce la conservazione della mina e delle sue propriet\u00e0. Il prodotto \u00e8 caratterizzato da un elevato contenuto di pigmenti, resistenza al calore e una consistenza morbida &#8220;polverosa&#8221;. La saturazione della tonalit\u00e0 \u00e8 regolata tramite stratificazione.<\/p>\n<p>Il pennello ti aiuter\u00e0 a sfumare il pigmento e a dare forma perfetta alle sopracciglia.<\/p>\n<p>La tavolozza dei colori comprende 8 delle tonalit\u00e0 &#8220;naturali&#8221; pi\u00f9 popolari per il trucco naturale delle sopracciglia.<\/p>\n","protected":false},"excerpt":{"rendered":"<p>Matita per sopracciglia in polvere 03PB La matita per sopracciglia in polvere \u00e8 uno di quei prodotti richiesti dai truccatori professionisti, perch\u00e9 unisce linee pulite, facilit\u00e0 di applicazione e un effetto duraturo. La serie di matite per sopracciglia in polvere KODI PROFESSIONAL \u00e8 stata progettata tenendo conto delle tendenze moderne che dettano la tendenza alla naturalezza. Con questa matita puoi facilmente correggere professionalmente le sopracciglia (modellare la forma, disegnare singoli peli o riempire gli spazi vuoti) e donare loro un aspetto impeccabile a lungo. Il corpo della matita \u00e8 realizzato in legno di alta qualit\u00e0, che garantisce la conservazione della mina e delle sue propriet\u00e0. Il prodotto \u00e8 caratterizzato da un elevato contenuto di pigmenti, resistenza al calore e una consistenza morbida &#8220;polverosa&#8221;. La saturazione della tonalit\u00e0 \u00e8 regolata tramite stratificazione.<\/p>\n<p>Il pennello ti aiuter\u00e0 a sfumare il pigmento e a dare forma perfetta alle sopracciglia.<\/p>\n<p>La tavolozza dei colori comprende 8 delle tonalit\u00e0 &#8220;naturali&#8221; pi\u00f9 popolari per il trucco naturale delle sopracciglia.<\/p>\n","protected":false},"featured_media":29368,"comment_status":"closed","ping_status":"open","template":"","meta":[],"product_brand":[],"product_cat":[2627,2628,1856,2641,2347,1509],"product_tag":[2007],"class_list":{"0":"post-29367","1":"product","2":"type-product","3":"status-publish","4":"has-post-thumbnail","6":"product_cat-kodi","7":"product_cat-kodi-professional","8":"product_cat-make-up","9":"product_cat-sopracciglia-kodi-professional","10":"product_cat-sopracciglia","11":"product_cat-top-brand-professionali-unghie","12":"product_tag-sopracciglia","14":"first","15":"instock","16":"shipping-taxable","17":"purchasable","18":"product-type-simple"},"_links":{"self":[{"href":"https:\/\/serverdedicato.lovenailsrivenditore.com\/index.php?rest_route=\/wp\/v2\/product\/29367","targetHints":{"allow":["GET"]}}],"collection":[{"href":"https:\/\/serverdedicato.lovenailsrivenditore.com\/index.php?rest_route=\/wp\/v2\/product"}],"about":[{"href":"https:\/\/serverdedicato.lovenailsrivenditore.com\/index.php?rest_route=\/wp\/v2\/types\/product"}],"replies":[{"embeddable":true,"href":"https:\/\/serverdedicato.lovenailsrivenditore.com\/index.php?rest_route=%2Fwp%2Fv2%2Fcomments&post=29367"}],"wp:featuredmedia":[{"embeddable":true,"href":"https:\/\/serverdedicato.lovenailsrivenditore.com\/index.php?rest_route=\/wp\/v2\/media\/29368"}],"wp:attachment":[{"href":"https:\/\/serverdedicato.lovenailsrivenditore.com\/index.php?rest_route=%2Fwp%2Fv2%2Fmedia&parent=29367"}],"wp:term":[{"taxonomy":"product_brand","embeddable":true,"href":"https:\/\/serverdedicato.lovenailsrivenditore.com\/index.php?rest_route=%2Fwp%2Fv2%2Fproduct_brand&post=29367"},{"taxonomy":"product_cat","embeddable":true,"href":"https:\/\/serverdedicato.lovenailsrivenditore.com\/index.php?rest_route=%2Fwp%2Fv2%2Fproduct_cat&post=29367"},{"taxonomy":"product_tag","embeddable":true,"href":"https:\/\/serverdedicato.lovenailsrivenditore.com\/index.php?rest_route=%2Fwp%2Fv2%2Fproduct_tag&post=29367"}],"curies":[{"name":"wp","href":"https:\/\/api.w.org\/{rel}","templated":true}]}}