{"id":29396,"date":"2025-03-28T17:30:16","date_gmt":"2025-03-28T16:30:16","guid":{"rendered":"https:\/\/serverdedicato.lovenailsrivenditore.com\/?product=claresa-brush-easy-gel-peach-5gr"},"modified":"2026-04-20T09:16:49","modified_gmt":"2026-04-20T07:16:49","slug":"claresa-brush-easy-gel-peach-5gr","status":"publish","type":"product","link":"https:\/\/serverdedicato.lovenailsrivenditore.com\/?product=claresa-brush-easy-gel-peach-5gr","title":{"rendered":"CLARESA &#8211; BRUSH EASY GEL PEACH &#8211; 5gr"},"content":{"rendered":"<p><span>Trovi difficile lavorare con il gel tradizionale? Stai cercando un modo per ridurre il tempo necessario per completare il tuo styling?<\/span><\/p>\n<p><span>Scopri\u00a0<\/span><strong><span>EASY BRUSH GEL<\/span><\/strong><span> : una formula in gel flessibile in un comodissimo flacone!<\/span><\/p>\n<p><span>Non solo indurisce la lamina ungueale naturale, rinforzando le unghie deboli e sottili, ma \u00e8 perfetto anche per\u00a0<\/span><strong><span> allungamenti<\/span><\/strong> <strong><span>, <\/span><\/strong><strong><span>correzioni rapide<\/span><\/strong><span> e copertura<\/span><span>\u00a0delle unghie .<\/span><\/p>\n<p><span>L&#8217;eccellente aderenza alla lamina ungueale render\u00e0 lo styling duraturo\u00a0<\/span><strong><span>e resistente<\/span><\/strong><span>\u00a0: non si romper\u00e0 n\u00e9 si screpoler\u00e0.<\/span><\/p>\n<p><span>La sua consistenza\u00a0<\/span><strong><span>medio-densa<\/span><\/strong><span>\u00a0consente\u00a0<\/span><strong><span>un&#8217;applicazione facile e veloce<\/span><\/strong><span>\u00a0,<\/span><\/p>\n<p><span>Si livella rapidamente\u00a0<\/span><strong><span>e<\/span><\/strong><span>\u00a0non richiede l&#8217;uso di una base, il che riduce ulteriormente i tempi di styling e consente di lavorare con la\u00a0<\/span><strong><span>tecnica &#8220;no-file&#8221;.<\/span><\/strong><\/p>\n<p><span>Grazie al\u00a0<\/span><strong><span>pennello perfettamente profilato,<\/span><\/strong><span>\u00a0il prodotto pu\u00f2 essere applicato\u00a0<\/span><strong><span>fino alle cuticole.<\/span><\/strong><\/p>\n<p><span>Il gel \u00e8 disponibile in un&#8217;ampia gamma di 13 colori, cos\u00ec da poterlo utilizzare sia per stili personalizzati che per decorazioni in stile baby boomer<\/span><\/p>\n<p><strong><span>Colore :Pesca<\/span><\/strong><span>\u00a0\u00a0\u2013 Una tonalit\u00e0 pesca calda e pastello. Una scelta perfetta per gli stili primaverili ed estivi.<\/span><\/p>\n<p><strong>\u00a0<\/strong><\/p>\n","protected":false},"excerpt":{"rendered":"<p>Trovi difficile lavorare con il gel tradizionale? Stai cercando un modo per ridurre il tempo necessario per completare il tuo styling?<\/p>\n<p>Scopri\u00a0<strong>EASY BRUSH GEL<\/strong> : una formula in gel flessibile in un comodissimo flacone!<\/p>\n<p>Non solo indurisce la lamina ungueale naturale, rinforzando le unghie deboli e sottili, ma \u00e8 perfetto anche per\u00a0<strong> allungamenti<\/strong> <strong>, <\/strong><strong>correzioni rapide<\/strong> e copertura\u00a0delle unghie .<\/p>\n<p>L&#8217;eccellente aderenza alla lamina ungueale render\u00e0 lo styling duraturo\u00a0<strong>e resistente<\/strong>\u00a0: non si romper\u00e0 n\u00e9 si screpoler\u00e0.<\/p>\n<p>La sua consistenza\u00a0<strong>medio-densa<\/strong>\u00a0consente\u00a0<strong>un&#8217;applicazione facile e veloce<\/strong>\u00a0,<\/p>\n<p>Si livella rapidamente\u00a0<strong>e<\/strong>\u00a0non richiede l&#8217;uso di una base, il che riduce ulteriormente i tempi di styling e consente di lavorare con la\u00a0<strong>tecnica &#8220;no-file&#8221;.<\/strong><\/p>\n<p>Grazie al\u00a0<strong>pennello perfettamente profilato,<\/strong>\u00a0il prodotto pu\u00f2 essere applicato\u00a0<strong>fino alle cuticole.<\/strong><\/p>\n<p>Il gel \u00e8 disponibile in un&#8217;ampia gamma di 13 colori, cos\u00ec da poterlo utilizzare sia per stili personalizzati che per decorazioni in stile baby boomer.<\/p>\n<p><strong>Colore :Pesca<\/strong>\u00a0\u00a0\u2013 Una tonalit\u00e0 pesca calda e pastello. Una scelta perfetta per gli stili primaverili ed estivi.<\/p>\n","protected":false},"featured_media":29397,"comment_status":"closed","ping_status":"open","template":"","meta":[],"product_brand":[],"product_cat":[1519,1507,1509],"product_tag":[2234,1029,725,1297],"class_list":{"0":"post-29396","1":"product","2":"type-product","3":"status-publish","4":"has-post-thumbnail","6":"product_cat-base-claresa","7":"product_cat-claresa","8":"product_cat-top-brand-professionali-unghie","9":"product_tag-brush-easy-gel","10":"product_tag-gel-in-bottiglia","11":"product_tag-gel-in-bottle","12":"product_tag-peach","14":"first","15":"instock","16":"shipping-taxable","17":"purchasable","18":"product-type-simple"},"_links":{"self":[{"href":"https:\/\/serverdedicato.lovenailsrivenditore.com\/index.php?rest_route=\/wp\/v2\/product\/29396","targetHints":{"allow":["GET"]}}],"collection":[{"href":"https:\/\/serverdedicato.lovenailsrivenditore.com\/index.php?rest_route=\/wp\/v2\/product"}],"about":[{"href":"https:\/\/serverdedicato.lovenailsrivenditore.com\/index.php?rest_route=\/wp\/v2\/types\/product"}],"replies":[{"embeddable":true,"href":"https:\/\/serverdedicato.lovenailsrivenditore.com\/index.php?rest_route=%2Fwp%2Fv2%2Fcomments&post=29396"}],"wp:featuredmedia":[{"embeddable":true,"href":"https:\/\/serverdedicato.lovenailsrivenditore.com\/index.php?rest_route=\/wp\/v2\/media\/29397"}],"wp:attachment":[{"href":"https:\/\/serverdedicato.lovenailsrivenditore.com\/index.php?rest_route=%2Fwp%2Fv2%2Fmedia&parent=29396"}],"wp:term":[{"taxonomy":"product_brand","embeddable":true,"href":"https:\/\/serverdedicato.lovenailsrivenditore.com\/index.php?rest_route=%2Fwp%2Fv2%2Fproduct_brand&post=29396"},{"taxonomy":"product_cat","embeddable":true,"href":"https:\/\/serverdedicato.lovenailsrivenditore.com\/index.php?rest_route=%2Fwp%2Fv2%2Fproduct_cat&post=29396"},{"taxonomy":"product_tag","embeddable":true,"href":"https:\/\/serverdedicato.lovenailsrivenditore.com\/index.php?rest_route=%2Fwp%2Fv2%2Fproduct_tag&post=29396"}],"curies":[{"name":"wp","href":"https:\/\/api.w.org\/{rel}","templated":true}]}}