{"id":29417,"date":"2025-03-28T17:46:01","date_gmt":"2025-03-28T16:46:01","guid":{"rendered":"https:\/\/serverdedicato.lovenailsrivenditore.com\/?product=claresa-brush-easy-gel-glitter-pink-5gr"},"modified":"2026-04-20T09:17:08","modified_gmt":"2026-04-20T07:17:08","slug":"claresa-brush-easy-gel-glitter-pink-5gr","status":"publish","type":"product","link":"https:\/\/serverdedicato.lovenailsrivenditore.com\/?product=claresa-brush-easy-gel-glitter-pink-5gr","title":{"rendered":"CLARESA &#8211; BRUSH EASY GEL GLITTER PINK &#8211; 5gr"},"content":{"rendered":"<p>Trovi difficile lavorare con il gel tradizionale? Stai cercando un modo per ridurre il tempo necessario per completare il tuo styling?<\/p>\n<p>Scopri\u00a0<strong>EASY BRUSH GEL<\/strong> : una formula in gel flessibile in un comodissimo flacone!<\/p>\n<p>Non solo indurisce la lamina ungueale naturale, rinforzando le unghie deboli e sottili, ma \u00e8 perfetto anche per\u00a0<strong> allungamenti<\/strong> <strong>, <\/strong><strong>correzioni rapide<\/strong> e copertura\u00a0delle unghie .<\/p>\n<p>L&#8217;eccellente aderenza alla lamina ungueale render\u00e0 lo styling duraturo\u00a0<strong>e resistente<\/strong>\u00a0: non si romper\u00e0 n\u00e9 si screpoler\u00e0.<\/p>\n<p>La sua consistenza\u00a0<strong>medio-densa<\/strong>\u00a0consente\u00a0<strong>un&#8217;applicazione facile e veloce<\/strong>\u00a0,<\/p>\n<p>Si livella rapidamente\u00a0<strong>e<\/strong>\u00a0non richiede l&#8217;uso di una base, il che riduce ulteriormente i tempi di styling e consente di lavorare con la\u00a0<strong>tecnica &#8220;no-file&#8221;.<\/strong><\/p>\n<p>Grazie al\u00a0<strong>pennello perfettamente profilato,<\/strong>\u00a0il prodotto pu\u00f2 essere applicato\u00a0<strong>fino alle cuticole.<\/strong><\/p>\n<p>Il gel \u00e8 disponibile in un&#8217;ampia gamma di 13 colori, cos\u00ec da poterlo utilizzare sia per stili personalizzati che per decorazioni in stile baby boomer<\/p>\n<p><strong>Colore : <\/strong><strong><span>Glitter Pink<\/span><\/strong><span> \u00a0\u2013 Colore rosa intenso con aggiunta di glitter che rendono le unghie abbaglianti. Un&#8217;ottima scelta per chi ama la brillantezza e le tonalit\u00e0 energiche.<\/span><\/p>\n<p><strong>\u00a0<\/strong><\/p>\n","protected":false},"excerpt":{"rendered":"<p>Trovi difficile lavorare con il gel tradizionale? Stai cercando un modo per ridurre il tempo necessario per completare il tuo styling?<\/p>\n<p>Scopri\u00a0<strong>EASY BRUSH GEL<\/strong> : una formula in gel flessibile in un comodissimo flacone!<\/p>\n<p>Non solo indurisce la lamina ungueale naturale, rinforzando le unghie deboli e sottili, ma \u00e8 perfetto anche per\u00a0<strong> allungamenti<\/strong> <strong>, <\/strong><strong>correzioni rapide<\/strong> e copertura\u00a0delle unghie .<\/p>\n<p>L&#8217;eccellente aderenza alla lamina ungueale render\u00e0 lo styling duraturo\u00a0<strong>e resistente<\/strong>\u00a0: non si romper\u00e0 n\u00e9 si screpoler\u00e0.<\/p>\n<p>La sua consistenza\u00a0<strong>medio-densa<\/strong>\u00a0consente\u00a0<strong>un&#8217;applicazione facile e veloce<\/strong>\u00a0,<\/p>\n<p>Si livella rapidamente\u00a0<strong>e<\/strong>\u00a0non richiede l&#8217;uso di una base, il che riduce ulteriormente i tempi di styling e consente di lavorare con la\u00a0<strong>tecnica &#8220;no-file&#8221;.<\/strong><\/p>\n<p>Grazie al\u00a0<strong>pennello perfettamente profilato,<\/strong>\u00a0il prodotto pu\u00f2 essere applicato\u00a0<strong>fino alle cuticole.<\/strong><\/p>\n<p>Il gel \u00e8 disponibile in un&#8217;ampia gamma di 13 colori, cos\u00ec da poterlo utilizzare sia per stili personalizzati che per decorazioni in stile baby boomer.<\/p>\n<p><strong>Colore : Glitter Pink \u00a0\u2013 Colore rosa intenso con aggiunta di glitter che rendono le unghie abbaglianti. Un&#8217;ottima scelta per chi ama la brillantezza e le tonalit\u00e0 energiche.<\/strong><\/p>\n","protected":false},"featured_media":29418,"comment_status":"closed","ping_status":"open","template":"","meta":[],"product_brand":[],"product_cat":[1519,1507,1509],"product_tag":[2234,1029,725],"class_list":{"0":"post-29417","1":"product","2":"type-product","3":"status-publish","4":"has-post-thumbnail","6":"product_cat-base-claresa","7":"product_cat-claresa","8":"product_cat-top-brand-professionali-unghie","9":"product_tag-brush-easy-gel","10":"product_tag-gel-in-bottiglia","11":"product_tag-gel-in-bottle","13":"first","14":"instock","15":"shipping-taxable","16":"purchasable","17":"product-type-simple"},"_links":{"self":[{"href":"https:\/\/serverdedicato.lovenailsrivenditore.com\/index.php?rest_route=\/wp\/v2\/product\/29417","targetHints":{"allow":["GET"]}}],"collection":[{"href":"https:\/\/serverdedicato.lovenailsrivenditore.com\/index.php?rest_route=\/wp\/v2\/product"}],"about":[{"href":"https:\/\/serverdedicato.lovenailsrivenditore.com\/index.php?rest_route=\/wp\/v2\/types\/product"}],"replies":[{"embeddable":true,"href":"https:\/\/serverdedicato.lovenailsrivenditore.com\/index.php?rest_route=%2Fwp%2Fv2%2Fcomments&post=29417"}],"wp:featuredmedia":[{"embeddable":true,"href":"https:\/\/serverdedicato.lovenailsrivenditore.com\/index.php?rest_route=\/wp\/v2\/media\/29418"}],"wp:attachment":[{"href":"https:\/\/serverdedicato.lovenailsrivenditore.com\/index.php?rest_route=%2Fwp%2Fv2%2Fmedia&parent=29417"}],"wp:term":[{"taxonomy":"product_brand","embeddable":true,"href":"https:\/\/serverdedicato.lovenailsrivenditore.com\/index.php?rest_route=%2Fwp%2Fv2%2Fproduct_brand&post=29417"},{"taxonomy":"product_cat","embeddable":true,"href":"https:\/\/serverdedicato.lovenailsrivenditore.com\/index.php?rest_route=%2Fwp%2Fv2%2Fproduct_cat&post=29417"},{"taxonomy":"product_tag","embeddable":true,"href":"https:\/\/serverdedicato.lovenailsrivenditore.com\/index.php?rest_route=%2Fwp%2Fv2%2Fproduct_tag&post=29417"}],"curies":[{"name":"wp","href":"https:\/\/api.w.org\/{rel}","templated":true}]}}