{"id":29482,"date":"2025-03-29T10:05:16","date_gmt":"2025-03-29T09:05:16","guid":{"rendered":"https:\/\/serverdedicato.lovenailsrivenditore.com\/?product=kodi-professional-matita-labbra-19l"},"modified":"2026-04-20T09:17:56","modified_gmt":"2026-04-20T07:17:56","slug":"kodi-professional-matita-labbra-19l","status":"publish","type":"product","link":"https:\/\/serverdedicato.lovenailsrivenditore.com\/?product=kodi-professional-matita-labbra-19l","title":{"rendered":"KODI PROFESSIONAL &#8211; MATITA LABBRA 19L"},"content":{"rendered":"<p>Quasi nessun trucco professionale per le labbra pu\u00f2 essere immaginato senza l&#8217;uso di una matita per il contouring. Il modo pi\u00f9 semplice per ricreare la forma perfetta delle labbra \u00e8 usare una matita. La gamma di cosmetici decorativi professionali KODI PROFESSIONAL ti consente di mettere in risalto la bellezza naturale delle tue labbra in modo semplice e veloce e di correggere eventuali imperfezioni, se necessario. La nuova serie di matite per le labbra comprende 30 tonalit\u00e0 incredibilmente belle per un trucco labbra impeccabile. La base di cera e i componenti emollienti conferiscono alla matita una consistenza setosa e confortevole, che consente di creare in modo rapido e semplice un contorno uniforme e definito e di modellare la forma delle labbra, se necessario. La matita scivola delicatamente sulla pelle, creando un tratto uniforme e saturo, grazie all&#8217;elevata concentrazione di pigmenti. L&#8217;uso di una matita aumenta la durata del trucco ed evita che il rossetto o il lucidalabbra sbavino.<\/p>\n","protected":false},"excerpt":{"rendered":"<p>Quasi nessun trucco professionale per le labbra pu\u00f2 essere immaginato senza l&#8217;uso di una matita per il contouring. Il modo pi\u00f9 semplice per ricreare la forma perfetta delle labbra \u00e8 usare una matita. La gamma di cosmetici decorativi professionali KODI PROFESSIONAL ti consente di mettere in risalto la bellezza naturale delle tue labbra in modo semplice e veloce e di correggere eventuali imperfezioni, se necessario. La nuova serie di matite per le labbra comprende 30 tonalit\u00e0 incredibilmente belle per un trucco labbra impeccabile. La base di cera e i componenti emollienti conferiscono alla matita una consistenza setosa e confortevole, che consente di creare in modo rapido e semplice un contorno uniforme e definito e di modellare la forma delle labbra, se necessario. La matita scivola delicatamente sulla pelle, creando un tratto uniforme e saturo, grazie all&#8217;elevata concentrazione di pigmenti. L&#8217;uso di una matita aumenta la durata del trucco ed evita che il rossetto o il lucidalabbra sbavino.<\/p>\n","protected":false},"featured_media":29483,"comment_status":"closed","ping_status":"open","template":"","meta":[],"product_brand":[],"product_cat":[2627,2628,2647,1857,1856,1509],"product_tag":[2651,2652],"class_list":{"0":"post-29482","1":"product","2":"type-product","3":"status-publish","4":"has-post-thumbnail","6":"product_cat-kodi","7":"product_cat-kodi-professional","8":"product_cat-labbra-kodi-professional","9":"product_cat-labbra","10":"product_cat-make-up","11":"product_cat-top-brand-professionali-unghie","12":"product_tag-lip-pencil","13":"product_tag-matita-labbra","15":"first","16":"instock","17":"shipping-taxable","18":"purchasable","19":"product-type-simple"},"_links":{"self":[{"href":"https:\/\/serverdedicato.lovenailsrivenditore.com\/index.php?rest_route=\/wp\/v2\/product\/29482","targetHints":{"allow":["GET"]}}],"collection":[{"href":"https:\/\/serverdedicato.lovenailsrivenditore.com\/index.php?rest_route=\/wp\/v2\/product"}],"about":[{"href":"https:\/\/serverdedicato.lovenailsrivenditore.com\/index.php?rest_route=\/wp\/v2\/types\/product"}],"replies":[{"embeddable":true,"href":"https:\/\/serverdedicato.lovenailsrivenditore.com\/index.php?rest_route=%2Fwp%2Fv2%2Fcomments&post=29482"}],"wp:featuredmedia":[{"embeddable":true,"href":"https:\/\/serverdedicato.lovenailsrivenditore.com\/index.php?rest_route=\/wp\/v2\/media\/29483"}],"wp:attachment":[{"href":"https:\/\/serverdedicato.lovenailsrivenditore.com\/index.php?rest_route=%2Fwp%2Fv2%2Fmedia&parent=29482"}],"wp:term":[{"taxonomy":"product_brand","embeddable":true,"href":"https:\/\/serverdedicato.lovenailsrivenditore.com\/index.php?rest_route=%2Fwp%2Fv2%2Fproduct_brand&post=29482"},{"taxonomy":"product_cat","embeddable":true,"href":"https:\/\/serverdedicato.lovenailsrivenditore.com\/index.php?rest_route=%2Fwp%2Fv2%2Fproduct_cat&post=29482"},{"taxonomy":"product_tag","embeddable":true,"href":"https:\/\/serverdedicato.lovenailsrivenditore.com\/index.php?rest_route=%2Fwp%2Fv2%2Fproduct_tag&post=29482"}],"curies":[{"name":"wp","href":"https:\/\/api.w.org\/{rel}","templated":true}]}}