{"id":29517,"date":"2025-03-29T11:49:00","date_gmt":"2025-03-29T10:49:00","guid":{"rendered":"https:\/\/serverdedicato.lovenailsrivenditore.com\/?product=kodi-professional-matita-occhi-12e"},"modified":"2026-04-20T09:18:21","modified_gmt":"2026-04-20T07:18:21","slug":"kodi-professional-matita-occhi-12e","status":"publish","type":"product","link":"https:\/\/serverdedicato.lovenailsrivenditore.com\/?product=kodi-professional-matita-occhi-12e","title":{"rendered":"KODI PROFESSIONAL &#8211; MATITA OCCHI 12E"},"content":{"rendered":"<p>Le matite sono realizzate con una formula avanzata che garantisce un effetto delicato sulla pelle delicata delle palpebre e allo stesso tempo un colore denso, stabile e uniforme. La matita 12E viene utilizzata per delineare il contorno occhi e delineare bene lo spazio tra le ciglia. Serve a modellare e correggere la forma degli occhi, consentendo di dare profondit\u00e0 ed espressivit\u00e0 allo sguardo. La matita \u00e8 altamente pigmentata, ha una consistenza piuttosto densa e una consistenza cremosa, grazie alla quale scivola delicatamente sulla pelle e si sfuma bene se necessario. Dopo l&#8217;applicazione, si fissa sulla pelle in pochi secondi, regalando un colore intenso e duraturo fino a 12 ore.<\/p>\n","protected":false},"excerpt":{"rendered":"<p>Le matite sono realizzate con una formula avanzata che garantisce un effetto delicato sulla pelle delicata delle palpebre e allo stesso tempo un colore denso, stabile e uniforme. La matita 12E viene utilizzata per delineare il contorno occhi e delineare bene lo spazio tra le ciglia. Serve a modellare e correggere la forma degli occhi, consentendo di dare profondit\u00e0 ed espressivit\u00e0 allo sguardo. La matita \u00e8 altamente pigmentata, ha una consistenza piuttosto densa e una consistenza cremosa, grazie alla quale scivola delicatamente sulla pelle e si sfuma bene se necessario. Dopo l&#8217;applicazione, si fissa sulla pelle in pochi secondi, regalando un colore intenso e duraturo fino a 12 ore.<\/p>\n","protected":false},"featured_media":29518,"comment_status":"closed","ping_status":"open","template":"","meta":[],"product_brand":[],"product_cat":[2627,2628,1856,2643,2318,1509],"product_tag":[2323,2382],"class_list":{"0":"post-29517","1":"product","2":"type-product","3":"status-publish","4":"has-post-thumbnail","6":"product_cat-kodi","7":"product_cat-kodi-professional","8":"product_cat-make-up","9":"product_cat-occhi-kodi-professional","10":"product_cat-occhi","11":"product_cat-top-brand-professionali-unghie","12":"product_tag-eyeliner","13":"product_tag-matita-occhi","15":"first","16":"instock","17":"shipping-taxable","18":"purchasable","19":"product-type-simple"},"_links":{"self":[{"href":"https:\/\/serverdedicato.lovenailsrivenditore.com\/index.php?rest_route=\/wp\/v2\/product\/29517","targetHints":{"allow":["GET"]}}],"collection":[{"href":"https:\/\/serverdedicato.lovenailsrivenditore.com\/index.php?rest_route=\/wp\/v2\/product"}],"about":[{"href":"https:\/\/serverdedicato.lovenailsrivenditore.com\/index.php?rest_route=\/wp\/v2\/types\/product"}],"replies":[{"embeddable":true,"href":"https:\/\/serverdedicato.lovenailsrivenditore.com\/index.php?rest_route=%2Fwp%2Fv2%2Fcomments&post=29517"}],"wp:featuredmedia":[{"embeddable":true,"href":"https:\/\/serverdedicato.lovenailsrivenditore.com\/index.php?rest_route=\/wp\/v2\/media\/29518"}],"wp:attachment":[{"href":"https:\/\/serverdedicato.lovenailsrivenditore.com\/index.php?rest_route=%2Fwp%2Fv2%2Fmedia&parent=29517"}],"wp:term":[{"taxonomy":"product_brand","embeddable":true,"href":"https:\/\/serverdedicato.lovenailsrivenditore.com\/index.php?rest_route=%2Fwp%2Fv2%2Fproduct_brand&post=29517"},{"taxonomy":"product_cat","embeddable":true,"href":"https:\/\/serverdedicato.lovenailsrivenditore.com\/index.php?rest_route=%2Fwp%2Fv2%2Fproduct_cat&post=29517"},{"taxonomy":"product_tag","embeddable":true,"href":"https:\/\/serverdedicato.lovenailsrivenditore.com\/index.php?rest_route=%2Fwp%2Fv2%2Fproduct_tag&post=29517"}],"curies":[{"name":"wp","href":"https:\/\/api.w.org\/{rel}","templated":true}]}}