{"id":29520,"date":"2025-03-29T12:00:13","date_gmt":"2025-03-29T11:00:13","guid":{"rendered":"https:\/\/serverdedicato.lovenailsrivenditore.com\/?product=kodi-professional-matita-occhi-20e"},"modified":"2026-04-20T09:18:23","modified_gmt":"2026-04-20T07:18:23","slug":"kodi-professional-matita-occhi-20e","status":"publish","type":"product","link":"https:\/\/serverdedicato.lovenailsrivenditore.com\/?product=kodi-professional-matita-occhi-20e","title":{"rendered":"KODI PROFESSIONAL &#8211; MATITA OCCHI 20E"},"content":{"rendered":"<p>Le matite professionali per il contorno occhi con pigmenti di alta qualit\u00e0 regalano un tratto pi\u00f9 morbido, pi\u00f9 fluido e, soprattutto, pi\u00f9 naturale. Grazie alle sue propriet\u00e0, la matita classica per il contorno occhi \u00e8 un prodotto cosmetico indispensabile e il suo campo di applicazione \u00e8 piuttosto ampio. Progettata specificamente per l&#8217;uso professionale, la serie di matite classiche KODI PROFESSIONAL \u00e8 facile e comoda da usare e la tavolozza dei colori consente di scegliere la tonalit\u00e0 desiderata nel modo pi\u00f9 accurato possibile. L&#8217;Eyeliner 20E \u00e8 studiato per modellare e correggere la forma degli occhi. Per ingrandire visivamente gli occhi \u00e8 indispensabile una tonalit\u00e0 chiara. La matita ha una mina di media densit\u00e0 e consente di realizzare facilmente tratti netti e precisi. La matita \u00e8 molto ricca di pigmenti stabili, non sbava n\u00e9 lascia segni e si abbina bene ad altre texture decorative. Contiene nutrienti e idratanti naturali.<\/p>\n","protected":false},"excerpt":{"rendered":"<p>Le matite professionali per il contorno occhi con pigmenti di alta qualit\u00e0 regalano un tratto pi\u00f9 morbido, pi\u00f9 fluido e, soprattutto, pi\u00f9 naturale. Grazie alle sue propriet\u00e0, la matita classica per il contorno occhi \u00e8 un prodotto cosmetico indispensabile e il suo campo di applicazione \u00e8 piuttosto ampio. Progettata specificamente per l&#8217;uso professionale, la serie di matite classiche KODI PROFESSIONAL \u00e8 facile e comoda da usare e la tavolozza dei colori consente di scegliere la tonalit\u00e0 desiderata nel modo pi\u00f9 accurato possibile. L&#8217;Eyeliner 20E \u00e8 studiato per modellare e correggere la forma degli occhi. Per ingrandire visivamente gli occhi \u00e8 indispensabile una tonalit\u00e0 chiara. La matita ha una mina di media densit\u00e0 e consente di realizzare facilmente tratti netti e precisi. La matita \u00e8 molto ricca di pigmenti stabili, non sbava n\u00e9 lascia segni e si abbina bene ad altre texture decorative. Contiene nutrienti e idratanti naturali.<\/p>\n","protected":false},"featured_media":29521,"comment_status":"closed","ping_status":"open","template":"","meta":[],"product_brand":[],"product_cat":[2627,2628,1856,2318,2643,1509],"product_tag":[2323,2382],"class_list":{"0":"post-29520","1":"product","2":"type-product","3":"status-publish","4":"has-post-thumbnail","6":"product_cat-kodi","7":"product_cat-kodi-professional","8":"product_cat-make-up","9":"product_cat-occhi","10":"product_cat-occhi-kodi-professional","11":"product_cat-top-brand-professionali-unghie","12":"product_tag-eyeliner","13":"product_tag-matita-occhi","15":"first","16":"instock","17":"shipping-taxable","18":"purchasable","19":"product-type-simple"},"_links":{"self":[{"href":"https:\/\/serverdedicato.lovenailsrivenditore.com\/index.php?rest_route=\/wp\/v2\/product\/29520","targetHints":{"allow":["GET"]}}],"collection":[{"href":"https:\/\/serverdedicato.lovenailsrivenditore.com\/index.php?rest_route=\/wp\/v2\/product"}],"about":[{"href":"https:\/\/serverdedicato.lovenailsrivenditore.com\/index.php?rest_route=\/wp\/v2\/types\/product"}],"replies":[{"embeddable":true,"href":"https:\/\/serverdedicato.lovenailsrivenditore.com\/index.php?rest_route=%2Fwp%2Fv2%2Fcomments&post=29520"}],"wp:featuredmedia":[{"embeddable":true,"href":"https:\/\/serverdedicato.lovenailsrivenditore.com\/index.php?rest_route=\/wp\/v2\/media\/29521"}],"wp:attachment":[{"href":"https:\/\/serverdedicato.lovenailsrivenditore.com\/index.php?rest_route=%2Fwp%2Fv2%2Fmedia&parent=29520"}],"wp:term":[{"taxonomy":"product_brand","embeddable":true,"href":"https:\/\/serverdedicato.lovenailsrivenditore.com\/index.php?rest_route=%2Fwp%2Fv2%2Fproduct_brand&post=29520"},{"taxonomy":"product_cat","embeddable":true,"href":"https:\/\/serverdedicato.lovenailsrivenditore.com\/index.php?rest_route=%2Fwp%2Fv2%2Fproduct_cat&post=29520"},{"taxonomy":"product_tag","embeddable":true,"href":"https:\/\/serverdedicato.lovenailsrivenditore.com\/index.php?rest_route=%2Fwp%2Fv2%2Fproduct_tag&post=29520"}],"curies":[{"name":"wp","href":"https:\/\/api.w.org\/{rel}","templated":true}]}}