{"id":29538,"date":"2025-03-29T12:49:38","date_gmt":"2025-03-29T11:49:38","guid":{"rendered":"https:\/\/serverdedicato.lovenailsrivenditore.com\/?product=kodi-professional-matita-occhi-17e"},"modified":"2026-04-20T09:18:36","modified_gmt":"2026-04-20T07:18:36","slug":"kodi-professional-matita-occhi-17e","status":"publish","type":"product","link":"https:\/\/serverdedicato.lovenailsrivenditore.com\/?product=kodi-professional-matita-occhi-17e","title":{"rendered":"KODI PROFESSIONAL &#8211; MATITA OCCHI 17E"},"content":{"rendered":"<p>Grazie alla sua versatilit\u00e0, l&#8217;eyeliner \u00e8 uno dei prodotti cosmetici pi\u00f9 importanti nell&#8217;arsenale dei truccatori professionisti. Una matita di qualit\u00e0 pu\u00f2 cambiare radicalmente il tuo sguardo, evidenziandolo, rendendolo luminoso ed espressivo. Le matite per il contorno occhi classiche KODI PROFESSIONAL sono presentate in un&#8217;ampia gamma di colori, garantendo colori intensi e duraturi con un&#8217;eccellente durata. L&#8217;Eyeliner 17E \u00e8 uno dei pi\u00f9 popolari della serie. Ha una densit\u00e0 ottimale e una consistenza cremosa. Una volta applicata, la matita scivola facilmente sulla pelle, senza tirarla o graffiarla. Utilizzato per disegnare il contorno delle palpebre, per correggere e modellare la forma degli occhi, ideale per creare frecce grafiche. Grazie all&#8217;elevato livello di pigmenti, la matita offre un colore intenso e uniforme. Non sbava e non lascia segni dopo l&#8217;applicazione. La composizione della matita \u00e8 arricchita con ingredienti nutrienti ed emollienti. Recensioni di prodotti<\/p>\n","protected":false},"excerpt":{"rendered":"<p>Grazie alla sua versatilit\u00e0, l&#8217;eyeliner \u00e8 uno dei prodotti cosmetici pi\u00f9 importanti nell&#8217;arsenale dei truccatori professionisti. Una matita di qualit\u00e0 pu\u00f2 cambiare radicalmente il tuo sguardo, evidenziandolo, rendendolo luminoso ed espressivo. Le matite per il contorno occhi classiche KODI PROFESSIONAL sono presentate in un&#8217;ampia gamma di colori, garantendo colori intensi e duraturi con un&#8217;eccellente durata. L&#8217;Eyeliner 17E \u00e8 uno dei pi\u00f9 popolari della serie. Ha una densit\u00e0 ottimale e una consistenza cremosa. Una volta applicata, la matita scivola facilmente sulla pelle, senza tirarla o graffiarla. Utilizzato per disegnare il contorno delle palpebre, per correggere e modellare la forma degli occhi, ideale per creare frecce grafiche. Grazie all&#8217;elevato livello di pigmenti, la matita offre un colore intenso e uniforme. Non sbava e non lascia segni dopo l&#8217;applicazione. La composizione della matita \u00e8 arricchita con ingredienti nutrienti ed emollienti. Recensioni di prodotti<\/p>\n","protected":false},"featured_media":29539,"comment_status":"closed","ping_status":"open","template":"","meta":[],"product_brand":[],"product_cat":[2627,2628,1856,2318,2643,1509],"product_tag":[2323,2382],"class_list":{"0":"post-29538","1":"product","2":"type-product","3":"status-publish","4":"has-post-thumbnail","6":"product_cat-kodi","7":"product_cat-kodi-professional","8":"product_cat-make-up","9":"product_cat-occhi","10":"product_cat-occhi-kodi-professional","11":"product_cat-top-brand-professionali-unghie","12":"product_tag-eyeliner","13":"product_tag-matita-occhi","15":"first","16":"instock","17":"shipping-taxable","18":"purchasable","19":"product-type-simple"},"_links":{"self":[{"href":"https:\/\/serverdedicato.lovenailsrivenditore.com\/index.php?rest_route=\/wp\/v2\/product\/29538","targetHints":{"allow":["GET"]}}],"collection":[{"href":"https:\/\/serverdedicato.lovenailsrivenditore.com\/index.php?rest_route=\/wp\/v2\/product"}],"about":[{"href":"https:\/\/serverdedicato.lovenailsrivenditore.com\/index.php?rest_route=\/wp\/v2\/types\/product"}],"replies":[{"embeddable":true,"href":"https:\/\/serverdedicato.lovenailsrivenditore.com\/index.php?rest_route=%2Fwp%2Fv2%2Fcomments&post=29538"}],"wp:featuredmedia":[{"embeddable":true,"href":"https:\/\/serverdedicato.lovenailsrivenditore.com\/index.php?rest_route=\/wp\/v2\/media\/29539"}],"wp:attachment":[{"href":"https:\/\/serverdedicato.lovenailsrivenditore.com\/index.php?rest_route=%2Fwp%2Fv2%2Fmedia&parent=29538"}],"wp:term":[{"taxonomy":"product_brand","embeddable":true,"href":"https:\/\/serverdedicato.lovenailsrivenditore.com\/index.php?rest_route=%2Fwp%2Fv2%2Fproduct_brand&post=29538"},{"taxonomy":"product_cat","embeddable":true,"href":"https:\/\/serverdedicato.lovenailsrivenditore.com\/index.php?rest_route=%2Fwp%2Fv2%2Fproduct_cat&post=29538"},{"taxonomy":"product_tag","embeddable":true,"href":"https:\/\/serverdedicato.lovenailsrivenditore.com\/index.php?rest_route=%2Fwp%2Fv2%2Fproduct_tag&post=29538"}],"curies":[{"name":"wp","href":"https:\/\/api.w.org\/{rel}","templated":true}]}}