{"id":29550,"date":"2025-03-30T15:53:16","date_gmt":"2025-03-30T13:53:16","guid":{"rendered":"https:\/\/serverdedicato.lovenailsrivenditore.com\/?product=kodi-professional-ombretto-3d-diamond-shimmer-n-09"},"modified":"2026-04-20T09:18:45","modified_gmt":"2026-04-20T07:18:45","slug":"kodi-professional-ombretto-3d-diamond-shimmer-n-09","status":"publish","type":"product","link":"https:\/\/serverdedicato.lovenailsrivenditore.com\/?product=kodi-professional-ombretto-3d-diamond-shimmer-n-09","title":{"rendered":"KODI PROFESSIONAL &#8211; OMBRETTO 3D DIAMOND (SHIMMER) n.09"},"content":{"rendered":"<p>Tutti gli ombretti sono caratterizzati da propriet\u00e0 combinatorie, propriet\u00e0 ipoallergeniche e sicurezza d&#8217;uso garantita. Con la nuova collezione di ombretti 3D DiamondPowder \u00e8 ora possibile ottenere facilmente una lussuosa finitura a diamante sulle palpebre, che in precedenza richiedeva diversi passaggi. La palette della collezione \u00e8 composta da 20 lussuose tonalit\u00e0 con effetto scintillante 3D. La texture delicata e finemente distribuita si applica e si sfuma delicatamente, pu\u00f2 essere applicata asciutta o bagnata e consente di ottenere diverse intensit\u00e0 di finitura con la sua impeccabile durata.<\/p>\n","protected":false},"excerpt":{"rendered":"<p>Tutti gli ombretti sono caratterizzati da propriet\u00e0 combinatorie, propriet\u00e0 ipoallergeniche e sicurezza d&#8217;uso garantita. Con la nuova collezione di ombretti 3D DiamondPowder \u00e8 ora possibile ottenere facilmente una lussuosa finitura a diamante sulle palpebre, che in precedenza richiedeva diversi passaggi. La palette della collezione \u00e8 composta da 20 lussuose tonalit\u00e0 con effetto scintillante 3D. La texture delicata e finemente distribuita si applica e si sfuma delicatamente, pu\u00f2 essere applicata asciutta o bagnata e consente di ottenere diverse intensit\u00e0 di finitura con la sua impeccabile durata.<\/p>\n","protected":false},"featured_media":29551,"comment_status":"closed","ping_status":"open","template":"","meta":[],"product_brand":[],"product_cat":[2627,2628,1856,2318,2643,1509],"product_tag":[2381,2322],"class_list":{"0":"post-29550","1":"product","2":"type-product","3":"status-publish","4":"has-post-thumbnail","6":"product_cat-kodi","7":"product_cat-kodi-professional","8":"product_cat-make-up","9":"product_cat-occhi","10":"product_cat-occhi-kodi-professional","11":"product_cat-top-brand-professionali-unghie","12":"product_tag-eyes","13":"product_tag-ombretto","15":"first","16":"instock","17":"shipping-taxable","18":"purchasable","19":"product-type-simple"},"_links":{"self":[{"href":"https:\/\/serverdedicato.lovenailsrivenditore.com\/index.php?rest_route=\/wp\/v2\/product\/29550","targetHints":{"allow":["GET"]}}],"collection":[{"href":"https:\/\/serverdedicato.lovenailsrivenditore.com\/index.php?rest_route=\/wp\/v2\/product"}],"about":[{"href":"https:\/\/serverdedicato.lovenailsrivenditore.com\/index.php?rest_route=\/wp\/v2\/types\/product"}],"replies":[{"embeddable":true,"href":"https:\/\/serverdedicato.lovenailsrivenditore.com\/index.php?rest_route=%2Fwp%2Fv2%2Fcomments&post=29550"}],"wp:featuredmedia":[{"embeddable":true,"href":"https:\/\/serverdedicato.lovenailsrivenditore.com\/index.php?rest_route=\/wp\/v2\/media\/29551"}],"wp:attachment":[{"href":"https:\/\/serverdedicato.lovenailsrivenditore.com\/index.php?rest_route=%2Fwp%2Fv2%2Fmedia&parent=29550"}],"wp:term":[{"taxonomy":"product_brand","embeddable":true,"href":"https:\/\/serverdedicato.lovenailsrivenditore.com\/index.php?rest_route=%2Fwp%2Fv2%2Fproduct_brand&post=29550"},{"taxonomy":"product_cat","embeddable":true,"href":"https:\/\/serverdedicato.lovenailsrivenditore.com\/index.php?rest_route=%2Fwp%2Fv2%2Fproduct_cat&post=29550"},{"taxonomy":"product_tag","embeddable":true,"href":"https:\/\/serverdedicato.lovenailsrivenditore.com\/index.php?rest_route=%2Fwp%2Fv2%2Fproduct_tag&post=29550"}],"curies":[{"name":"wp","href":"https:\/\/api.w.org\/{rel}","templated":true}]}}