{"id":29620,"date":"2025-03-31T13:25:29","date_gmt":"2025-03-31T11:25:29","guid":{"rendered":"https:\/\/serverdedicato.lovenailsrivenditore.com\/?product=kodi-professional-matita-occhi-03e"},"modified":"2026-04-20T09:19:38","modified_gmt":"2026-04-20T07:19:38","slug":"kodi-professional-matita-occhi-03e","status":"publish","type":"product","link":"https:\/\/serverdedicato.lovenailsrivenditore.com\/?product=kodi-professional-matita-occhi-03e","title":{"rendered":"KODI PROFESSIONAL &#8211; MATITA OCCHI 03E"},"content":{"rendered":"<p>Quando si esegue un trucco professionale, \u00e8 necessario utilizzare eyeliner di diverse tonalit\u00e0, perch\u00e9 \u00e8 un eyeliner di alta qualit\u00e0 la chiave per uno sguardo espressivo, che consente di enfatizzare efficacemente i vantaggi individuali dell&#8217;aspetto, tenendo conto del tipo di colore e di altri fattori. La collezione di matite classiche KODI PROFESSIONAL \u00e8 presentata in un&#8217;ampia palette di tonalit\u00e0, per consentirti di risolvere facilmente qualsiasi problema di trucco occhi professionale. La matita 03E viene utilizzata per delineare lo sguardo, modellare e correggere la forma degli occhi e consente di donare maggiore freschezza allo sguardo. La matita \u00e8 altamente pigmentata, ha una consistenza piuttosto densa e una consistenza cremosa. Utilizzato per tracciare linee con tratti precisi e netti, si sfuma bene se necessario. Dopo l&#8217;applicazione, si fissa sulla pelle in pochi secondi, garantendo un colore stabile e intenso fino a 12 ore.<\/p>\n","protected":false},"excerpt":{"rendered":"<p>Quando si esegue un trucco professionale, \u00e8 necessario utilizzare eyeliner di diverse tonalit\u00e0, perch\u00e9 \u00e8 un eyeliner di alta qualit\u00e0 la chiave per uno sguardo espressivo, che consente di enfatizzare efficacemente i vantaggi individuali dell&#8217;aspetto, tenendo conto del tipo di colore e di altri fattori. La collezione di matite classiche KODI PROFESSIONAL \u00e8 presentata in un&#8217;ampia palette di tonalit\u00e0, per consentirti di risolvere facilmente qualsiasi problema di trucco occhi professionale. La matita 03E viene utilizzata per delineare lo sguardo, modellare e correggere la forma degli occhi e consente di donare maggiore freschezza allo sguardo. La matita \u00e8 altamente pigmentata, ha una consistenza piuttosto densa e una consistenza cremosa. Utilizzato per tracciare linee con tratti precisi e netti, si sfuma bene se necessario. Dopo l&#8217;applicazione, si fissa sulla pelle in pochi secondi, garantendo un colore stabile e intenso fino a 12 ore.<\/p>\n","protected":false},"featured_media":29621,"comment_status":"closed","ping_status":"open","template":"","meta":[],"product_brand":[],"product_cat":[2627,2628,1856,2318,2643,1509],"product_tag":[2323,2382],"class_list":{"0":"post-29620","1":"product","2":"type-product","3":"status-publish","4":"has-post-thumbnail","6":"product_cat-kodi","7":"product_cat-kodi-professional","8":"product_cat-make-up","9":"product_cat-occhi","10":"product_cat-occhi-kodi-professional","11":"product_cat-top-brand-professionali-unghie","12":"product_tag-eyeliner","13":"product_tag-matita-occhi","15":"first","16":"instock","17":"shipping-taxable","18":"purchasable","19":"product-type-simple"},"_links":{"self":[{"href":"https:\/\/serverdedicato.lovenailsrivenditore.com\/index.php?rest_route=\/wp\/v2\/product\/29620","targetHints":{"allow":["GET"]}}],"collection":[{"href":"https:\/\/serverdedicato.lovenailsrivenditore.com\/index.php?rest_route=\/wp\/v2\/product"}],"about":[{"href":"https:\/\/serverdedicato.lovenailsrivenditore.com\/index.php?rest_route=\/wp\/v2\/types\/product"}],"replies":[{"embeddable":true,"href":"https:\/\/serverdedicato.lovenailsrivenditore.com\/index.php?rest_route=%2Fwp%2Fv2%2Fcomments&post=29620"}],"wp:featuredmedia":[{"embeddable":true,"href":"https:\/\/serverdedicato.lovenailsrivenditore.com\/index.php?rest_route=\/wp\/v2\/media\/29621"}],"wp:attachment":[{"href":"https:\/\/serverdedicato.lovenailsrivenditore.com\/index.php?rest_route=%2Fwp%2Fv2%2Fmedia&parent=29620"}],"wp:term":[{"taxonomy":"product_brand","embeddable":true,"href":"https:\/\/serverdedicato.lovenailsrivenditore.com\/index.php?rest_route=%2Fwp%2Fv2%2Fproduct_brand&post=29620"},{"taxonomy":"product_cat","embeddable":true,"href":"https:\/\/serverdedicato.lovenailsrivenditore.com\/index.php?rest_route=%2Fwp%2Fv2%2Fproduct_cat&post=29620"},{"taxonomy":"product_tag","embeddable":true,"href":"https:\/\/serverdedicato.lovenailsrivenditore.com\/index.php?rest_route=%2Fwp%2Fv2%2Fproduct_tag&post=29620"}],"curies":[{"name":"wp","href":"https:\/\/api.w.org\/{rel}","templated":true}]}}