{"id":29637,"date":"2025-03-31T15:50:33","date_gmt":"2025-03-31T13:50:33","guid":{"rendered":"https:\/\/serverdedicato.lovenailsrivenditore.com\/?product=kodi-professional-matita-occhi-10e"},"modified":"2026-04-20T09:19:53","modified_gmt":"2026-04-20T07:19:53","slug":"kodi-professional-matita-occhi-10e","status":"publish","type":"product","link":"https:\/\/serverdedicato.lovenailsrivenditore.com\/?product=kodi-professional-matita-occhi-10e","title":{"rendered":"KODI PROFESSIONAL &#8211; MATITA OCCHI 10E"},"content":{"rendered":"<p>La qualit\u00e0 e la durata del trucco occhi dipendono in larga misura dai prodotti di base che vengono applicati per primi quando si truccano gli occhi. Il classico eyeliner KODI PROFESSIONAL \u00e8 la chiave per uno sguardo espressivo, poich\u00e9 consente di mettere in risalto i singoli tratti del viso, tenendo conto del tipo di colore e di altri fattori. La collezione di matite classiche \u00e8 presentata in una palette di colori ottimale e offre una scelta delle tonalit\u00e0 pi\u00f9 popolari. La matita 10E si utilizza per contornare gli occhi, modellare e correggere la forma degli occhi e consente di dare espressivit\u00e0 allo sguardo. La matita \u00e8 altamente pigmentata, ha una consistenza piuttosto densa e una consistenza cremosa. Utilizzato per tracciare linee con tratti precisi e netti, si sfuma bene se necessario. Dopo l&#8217;applicazione, si fissa sulla pelle in pochi secondi, garantendo un colore stabile e intenso fino a 12 ore. Arricchito con ingredienti nutrienti e idratanti.<\/p>\n","protected":false},"excerpt":{"rendered":"<p>La qualit\u00e0 e la durata del trucco occhi dipendono in larga misura dai prodotti di base che vengono applicati per primi quando si truccano gli occhi. Il classico eyeliner KODI PROFESSIONAL \u00e8 la chiave per uno sguardo espressivo, poich\u00e9 consente di mettere in risalto i singoli tratti del viso, tenendo conto del tipo di colore e di altri fattori. La collezione di matite classiche \u00e8 presentata in una palette di colori ottimale e offre una scelta delle tonalit\u00e0 pi\u00f9 popolari. La matita 10E si utilizza per contornare gli occhi, modellare e correggere la forma degli occhi e consente di dare espressivit\u00e0 allo sguardo. La matita \u00e8 altamente pigmentata, ha una consistenza piuttosto densa e una consistenza cremosa. Utilizzato per tracciare linee con tratti precisi e netti, si sfuma bene se necessario. Dopo l&#8217;applicazione, si fissa sulla pelle in pochi secondi, garantendo un colore stabile e intenso fino a 12 ore. Arricchito con ingredienti nutrienti e idratanti.<\/p>\n","protected":false},"featured_media":29638,"comment_status":"closed","ping_status":"open","template":"","meta":[],"product_brand":[],"product_cat":[2627,2628,1856,2318,2643,1509],"product_tag":[2323,2382],"class_list":{"0":"post-29637","1":"product","2":"type-product","3":"status-publish","4":"has-post-thumbnail","6":"product_cat-kodi","7":"product_cat-kodi-professional","8":"product_cat-make-up","9":"product_cat-occhi","10":"product_cat-occhi-kodi-professional","11":"product_cat-top-brand-professionali-unghie","12":"product_tag-eyeliner","13":"product_tag-matita-occhi","15":"first","16":"instock","17":"shipping-taxable","18":"purchasable","19":"product-type-simple"},"_links":{"self":[{"href":"https:\/\/serverdedicato.lovenailsrivenditore.com\/index.php?rest_route=\/wp\/v2\/product\/29637","targetHints":{"allow":["GET"]}}],"collection":[{"href":"https:\/\/serverdedicato.lovenailsrivenditore.com\/index.php?rest_route=\/wp\/v2\/product"}],"about":[{"href":"https:\/\/serverdedicato.lovenailsrivenditore.com\/index.php?rest_route=\/wp\/v2\/types\/product"}],"replies":[{"embeddable":true,"href":"https:\/\/serverdedicato.lovenailsrivenditore.com\/index.php?rest_route=%2Fwp%2Fv2%2Fcomments&post=29637"}],"wp:featuredmedia":[{"embeddable":true,"href":"https:\/\/serverdedicato.lovenailsrivenditore.com\/index.php?rest_route=\/wp\/v2\/media\/29638"}],"wp:attachment":[{"href":"https:\/\/serverdedicato.lovenailsrivenditore.com\/index.php?rest_route=%2Fwp%2Fv2%2Fmedia&parent=29637"}],"wp:term":[{"taxonomy":"product_brand","embeddable":true,"href":"https:\/\/serverdedicato.lovenailsrivenditore.com\/index.php?rest_route=%2Fwp%2Fv2%2Fproduct_brand&post=29637"},{"taxonomy":"product_cat","embeddable":true,"href":"https:\/\/serverdedicato.lovenailsrivenditore.com\/index.php?rest_route=%2Fwp%2Fv2%2Fproduct_cat&post=29637"},{"taxonomy":"product_tag","embeddable":true,"href":"https:\/\/serverdedicato.lovenailsrivenditore.com\/index.php?rest_route=%2Fwp%2Fv2%2Fproduct_tag&post=29637"}],"curies":[{"name":"wp","href":"https:\/\/api.w.org\/{rel}","templated":true}]}}