{"id":29640,"date":"2025-03-31T15:54:11","date_gmt":"2025-03-31T13:54:11","guid":{"rendered":"https:\/\/serverdedicato.lovenailsrivenditore.com\/?product=kodi-professional-matita-occhi-15e"},"modified":"2026-04-20T09:19:55","modified_gmt":"2026-04-20T07:19:55","slug":"kodi-professional-matita-occhi-15e","status":"publish","type":"product","link":"https:\/\/serverdedicato.lovenailsrivenditore.com\/?product=kodi-professional-matita-occhi-15e","title":{"rendered":"KODI PROFESSIONAL &#8211; MATITA OCCHI 15E"},"content":{"rendered":"<p>Le matite eyeliner classiche KODI PROFESSIONAL sono le tonalit\u00e0 pi\u00f9 amate da tutti i tipi di pelle, con una finitura satinata o perlata. Il corpo della matita \u00e8 realizzato in legno di alta qualit\u00e0, che garantisce la conservazione della mina durante l&#8217;uso e l&#8217;affilatura. La matita \u00e8 comoda sia per realizzare tratti sottili e precisi, sia per realizzare linee morbide con ombreggiature. La matita 15E \u00e8 un colore grigio universale, studiato per disegnare il contorno delle palpebre e modellare la forma degli occhi. Ideale per creare frecce di tutti i tipi. La consistenza densa e cremosa facilita l&#8217;applicazione e consente di creare le linee desiderate. La matita \u00e8 altamente satura di pigmenti stabili, non sbava n\u00e9 lascia segni e si abbina bene ad altre texture decorative. Realizzato con una formula migliorata con ingredienti nutrienti ed emollienti aggiunti.<\/p>\n","protected":false},"excerpt":{"rendered":"<p>Le matite eyeliner classiche KODI PROFESSIONAL sono le tonalit\u00e0 pi\u00f9 amate da tutti i tipi di pelle, con una finitura satinata o perlata. Il corpo della matita \u00e8 realizzato in legno di alta qualit\u00e0, che garantisce la conservazione della mina durante l&#8217;uso e l&#8217;affilatura. La matita \u00e8 comoda sia per realizzare tratti sottili e precisi, sia per realizzare linee morbide con ombreggiature. La matita 15E \u00e8 un colore grigio universale, studiato per disegnare il contorno delle palpebre e modellare la forma degli occhi. Ideale per creare frecce di tutti i tipi. La consistenza densa e cremosa facilita l&#8217;applicazione e consente di creare le linee desiderate. La matita \u00e8 altamente satura di pigmenti stabili, non sbava n\u00e9 lascia segni e si abbina bene ad altre texture decorative. Realizzato con una formula migliorata con ingredienti nutrienti ed emollienti aggiunti.<\/p>\n","protected":false},"featured_media":29641,"comment_status":"closed","ping_status":"open","template":"","meta":[],"product_brand":[],"product_cat":[2627,2628,1856,2318,2643,1509],"product_tag":[2323,2382],"class_list":{"0":"post-29640","1":"product","2":"type-product","3":"status-publish","4":"has-post-thumbnail","6":"product_cat-kodi","7":"product_cat-kodi-professional","8":"product_cat-make-up","9":"product_cat-occhi","10":"product_cat-occhi-kodi-professional","11":"product_cat-top-brand-professionali-unghie","12":"product_tag-eyeliner","13":"product_tag-matita-occhi","15":"first","16":"instock","17":"shipping-taxable","18":"purchasable","19":"product-type-simple"},"_links":{"self":[{"href":"https:\/\/serverdedicato.lovenailsrivenditore.com\/index.php?rest_route=\/wp\/v2\/product\/29640","targetHints":{"allow":["GET"]}}],"collection":[{"href":"https:\/\/serverdedicato.lovenailsrivenditore.com\/index.php?rest_route=\/wp\/v2\/product"}],"about":[{"href":"https:\/\/serverdedicato.lovenailsrivenditore.com\/index.php?rest_route=\/wp\/v2\/types\/product"}],"replies":[{"embeddable":true,"href":"https:\/\/serverdedicato.lovenailsrivenditore.com\/index.php?rest_route=%2Fwp%2Fv2%2Fcomments&post=29640"}],"wp:featuredmedia":[{"embeddable":true,"href":"https:\/\/serverdedicato.lovenailsrivenditore.com\/index.php?rest_route=\/wp\/v2\/media\/29641"}],"wp:attachment":[{"href":"https:\/\/serverdedicato.lovenailsrivenditore.com\/index.php?rest_route=%2Fwp%2Fv2%2Fmedia&parent=29640"}],"wp:term":[{"taxonomy":"product_brand","embeddable":true,"href":"https:\/\/serverdedicato.lovenailsrivenditore.com\/index.php?rest_route=%2Fwp%2Fv2%2Fproduct_brand&post=29640"},{"taxonomy":"product_cat","embeddable":true,"href":"https:\/\/serverdedicato.lovenailsrivenditore.com\/index.php?rest_route=%2Fwp%2Fv2%2Fproduct_cat&post=29640"},{"taxonomy":"product_tag","embeddable":true,"href":"https:\/\/serverdedicato.lovenailsrivenditore.com\/index.php?rest_route=%2Fwp%2Fv2%2Fproduct_tag&post=29640"}],"curies":[{"name":"wp","href":"https:\/\/api.w.org\/{rel}","templated":true}]}}