{"id":29643,"date":"2025-03-31T16:00:29","date_gmt":"2025-03-31T14:00:29","guid":{"rendered":"https:\/\/serverdedicato.lovenailsrivenditore.com\/?product=kodi-professional-matita-occhi-16e"},"modified":"2026-04-20T09:19:56","modified_gmt":"2026-04-20T07:19:56","slug":"kodi-professional-matita-occhi-16e","status":"publish","type":"product","link":"https:\/\/serverdedicato.lovenailsrivenditore.com\/?product=kodi-professional-matita-occhi-16e","title":{"rendered":"KODI PROFESSIONAL &#8211; MATITA OCCHI 16E"},"content":{"rendered":"<p>La serie di matite classiche per il contouring KODI PROFESSIONAL contiene pi\u00f9 di 20 delle tonalit\u00e0 pi\u00f9 popolari e garantisce un risultato di applicazione duraturo. La serie contiene matite con finitura opaca e perlescente, che consentono di scegliere il colore desiderato nel modo pi\u00f9 accurato possibile. Il legno di alta qualit\u00e0 della custodia garantisce la sicurezza del piombo in qualsiasi condizione di utilizzo. La matita 16E \u00e8 adatta a tutti i tipi di aspetto. Grazie alla sua tonalit\u00e0 grigia universale, \u00e8 ideale per delineare le palpebre e modellare la forma degli occhi. L&#8217;elevato livello di pigmenti, la consistenza densa e la texture cremosa e scorrevole rendono la matita molto comoda per creare frecce di ogni tipo, offrendo un colore denso e uniforme. Dopo l&#8217;applicazione, la linea non sbava n\u00e9 lascia segni. Si abbina bene ad altri prodotti per il trucco decorativo degli occhi, arricchiti con ingredienti nutrienti e idratanti.<\/p>\n","protected":false},"excerpt":{"rendered":"<p>La serie di matite classiche per il contouring KODI PROFESSIONAL contiene pi\u00f9 di 20 delle tonalit\u00e0 pi\u00f9 popolari e garantisce un risultato di applicazione duraturo. La serie contiene matite con finitura opaca e perlescente, che consentono di scegliere il colore desiderato nel modo pi\u00f9 accurato possibile. Il legno di alta qualit\u00e0 della custodia garantisce la sicurezza del piombo in qualsiasi condizione di utilizzo. La matita 16E \u00e8 adatta a tutti i tipi di aspetto. Grazie alla sua tonalit\u00e0 grigia universale, \u00e8 ideale per delineare le palpebre e modellare la forma degli occhi. L&#8217;elevato livello di pigmenti, la consistenza densa e la texture cremosa e scorrevole rendono la matita molto comoda per creare frecce di ogni tipo, offrendo un colore denso e uniforme. Dopo l&#8217;applicazione, la linea non sbava n\u00e9 lascia segni. Si abbina bene ad altri prodotti per il trucco decorativo degli occhi, arricchiti con ingredienti nutrienti e idratanti.<\/p>\n","protected":false},"featured_media":29644,"comment_status":"closed","ping_status":"open","template":"","meta":[],"product_brand":[],"product_cat":[2627,2628,1856,2318,2643,1509],"product_tag":[2323,2382],"class_list":{"0":"post-29643","1":"product","2":"type-product","3":"status-publish","4":"has-post-thumbnail","6":"product_cat-kodi","7":"product_cat-kodi-professional","8":"product_cat-make-up","9":"product_cat-occhi","10":"product_cat-occhi-kodi-professional","11":"product_cat-top-brand-professionali-unghie","12":"product_tag-eyeliner","13":"product_tag-matita-occhi","15":"first","16":"instock","17":"shipping-taxable","18":"purchasable","19":"product-type-simple"},"_links":{"self":[{"href":"https:\/\/serverdedicato.lovenailsrivenditore.com\/index.php?rest_route=\/wp\/v2\/product\/29643","targetHints":{"allow":["GET"]}}],"collection":[{"href":"https:\/\/serverdedicato.lovenailsrivenditore.com\/index.php?rest_route=\/wp\/v2\/product"}],"about":[{"href":"https:\/\/serverdedicato.lovenailsrivenditore.com\/index.php?rest_route=\/wp\/v2\/types\/product"}],"replies":[{"embeddable":true,"href":"https:\/\/serverdedicato.lovenailsrivenditore.com\/index.php?rest_route=%2Fwp%2Fv2%2Fcomments&post=29643"}],"wp:featuredmedia":[{"embeddable":true,"href":"https:\/\/serverdedicato.lovenailsrivenditore.com\/index.php?rest_route=\/wp\/v2\/media\/29644"}],"wp:attachment":[{"href":"https:\/\/serverdedicato.lovenailsrivenditore.com\/index.php?rest_route=%2Fwp%2Fv2%2Fmedia&parent=29643"}],"wp:term":[{"taxonomy":"product_brand","embeddable":true,"href":"https:\/\/serverdedicato.lovenailsrivenditore.com\/index.php?rest_route=%2Fwp%2Fv2%2Fproduct_brand&post=29643"},{"taxonomy":"product_cat","embeddable":true,"href":"https:\/\/serverdedicato.lovenailsrivenditore.com\/index.php?rest_route=%2Fwp%2Fv2%2Fproduct_cat&post=29643"},{"taxonomy":"product_tag","embeddable":true,"href":"https:\/\/serverdedicato.lovenailsrivenditore.com\/index.php?rest_route=%2Fwp%2Fv2%2Fproduct_tag&post=29643"}],"curies":[{"name":"wp","href":"https:\/\/api.w.org\/{rel}","templated":true}]}}