{"id":29649,"date":"2025-03-31T16:28:00","date_gmt":"2025-03-31T14:28:00","guid":{"rendered":"https:\/\/serverdedicato.lovenailsrivenditore.com\/?product=kodi-professional-matita-occhi-18e"},"modified":"2026-04-20T09:20:00","modified_gmt":"2026-04-20T07:20:00","slug":"kodi-professional-matita-occhi-18e","status":"publish","type":"product","link":"https:\/\/serverdedicato.lovenailsrivenditore.com\/?product=kodi-professional-matita-occhi-18e","title":{"rendered":"KODI PROFESSIONAL &#8211; MATITA OCCHI 18E"},"content":{"rendered":"<p>Una matita per il contorno occhi di alta qualit\u00e0 \u00e8 un prodotto cosmetico davvero indispensabile per la cura degli occhi. Nonostante la variet\u00e0 di prodotti alternativi presenti oggi sul mercato, la classica matita per il contouring continua a mantenere la sua posizione, in quanto \u00e8 multifunzionale e anche la pi\u00f9 semplice e comoda da usare. Progettata per l&#8217;uso professionale da parte dei truccatori, la palette di matite occhi KODI PROFESSIONAL offre la selezione ottimale delle tonalit\u00e0 pi\u00f9 ricercate. L&#8217;Eyeliner 18E \u00e8 studiato per delineare le palpebre, creare frecce di ogni tipo e consente di modificare la forma degli occhi. La matita \u00e8 piuttosto densa e la consistenza \u00e8 cremosa. Durante l&#8217;applicazione, scivola delicatamente sulla pelle, senza tirarla o allungarla. La saturazione con pigmenti di alta qualit\u00e0 garantisce colori profondi e intensi. Gli oli naturali e le vitamine presenti nella composizione si prendono cura della pelle delle palpebre. Si abbina bene ad altre texture decorative per il trucco degli occhi.<\/p>\n","protected":false},"excerpt":{"rendered":"<p>IUna matita per il contorno occhi di alta qualit\u00e0 \u00e8 un prodotto cosmetico davvero indispensabile per la cura degli occhi. Nonostante la variet\u00e0 di prodotti alternativi presenti oggi sul mercato, la classica matita per il contouring continua a mantenere la sua posizione, in quanto \u00e8 multifunzionale e anche la pi\u00f9 semplice e comoda da usare. Progettata per l&#8217;uso professionale da parte dei truccatori, la palette di matite occhi KODI PROFESSIONAL offre la selezione ottimale delle tonalit\u00e0 pi\u00f9 ricercate. L&#8217;Eyeliner 18E \u00e8 studiato per delineare le palpebre, creare frecce di ogni tipo e consente di modificare la forma degli occhi. La matita \u00e8 piuttosto densa e la consistenza \u00e8 cremosa. Durante l&#8217;applicazione, scivola delicatamente sulla pelle, senza tirarla o allungarla. La saturazione con pigmenti di alta qualit\u00e0 garantisce colori profondi e intensi. Gli oli naturali e le vitamine presenti nella composizione si prendono cura della pelle delle palpebre. Si abbina bene ad altre texture decorative per il trucco degli occhi.<\/p>\n","protected":false},"featured_media":29650,"comment_status":"closed","ping_status":"open","template":"","meta":[],"product_brand":[],"product_cat":[2627,2628,1856,2318,2643,1509],"product_tag":[2323,2382],"class_list":{"0":"post-29649","1":"product","2":"type-product","3":"status-publish","4":"has-post-thumbnail","6":"product_cat-kodi","7":"product_cat-kodi-professional","8":"product_cat-make-up","9":"product_cat-occhi","10":"product_cat-occhi-kodi-professional","11":"product_cat-top-brand-professionali-unghie","12":"product_tag-eyeliner","13":"product_tag-matita-occhi","15":"first","16":"instock","17":"shipping-taxable","18":"purchasable","19":"product-type-simple"},"_links":{"self":[{"href":"https:\/\/serverdedicato.lovenailsrivenditore.com\/index.php?rest_route=\/wp\/v2\/product\/29649","targetHints":{"allow":["GET"]}}],"collection":[{"href":"https:\/\/serverdedicato.lovenailsrivenditore.com\/index.php?rest_route=\/wp\/v2\/product"}],"about":[{"href":"https:\/\/serverdedicato.lovenailsrivenditore.com\/index.php?rest_route=\/wp\/v2\/types\/product"}],"replies":[{"embeddable":true,"href":"https:\/\/serverdedicato.lovenailsrivenditore.com\/index.php?rest_route=%2Fwp%2Fv2%2Fcomments&post=29649"}],"wp:featuredmedia":[{"embeddable":true,"href":"https:\/\/serverdedicato.lovenailsrivenditore.com\/index.php?rest_route=\/wp\/v2\/media\/29650"}],"wp:attachment":[{"href":"https:\/\/serverdedicato.lovenailsrivenditore.com\/index.php?rest_route=%2Fwp%2Fv2%2Fmedia&parent=29649"}],"wp:term":[{"taxonomy":"product_brand","embeddable":true,"href":"https:\/\/serverdedicato.lovenailsrivenditore.com\/index.php?rest_route=%2Fwp%2Fv2%2Fproduct_brand&post=29649"},{"taxonomy":"product_cat","embeddable":true,"href":"https:\/\/serverdedicato.lovenailsrivenditore.com\/index.php?rest_route=%2Fwp%2Fv2%2Fproduct_cat&post=29649"},{"taxonomy":"product_tag","embeddable":true,"href":"https:\/\/serverdedicato.lovenailsrivenditore.com\/index.php?rest_route=%2Fwp%2Fv2%2Fproduct_tag&post=29649"}],"curies":[{"name":"wp","href":"https:\/\/api.w.org\/{rel}","templated":true}]}}