{"id":29661,"date":"2025-03-31T16:55:47","date_gmt":"2025-03-31T14:55:47","guid":{"rendered":"https:\/\/serverdedicato.lovenailsrivenditore.com\/?product=kodi-professional-illuminante-compatto-n-05"},"modified":"2026-04-20T09:20:06","modified_gmt":"2026-04-20T07:20:06","slug":"kodi-professional-illuminante-compatto-n-05","status":"publish","type":"product","link":"https:\/\/serverdedicato.lovenailsrivenditore.com\/?product=kodi-professional-illuminante-compatto-n-05","title":{"rendered":"KODI PROFESSIONAL &#8211; ILLUMINANTE COMPATTO n.05"},"content":{"rendered":"<p>Utilizzando l&#8217;illuminante, i truccatori sottolineano abilmente la raffinatezza di determinati tratti del viso, conferendo al trucco completezza, raffinatezza ed eleganza. Questo effetto si ottiene modellando il rilievo desiderato, evidenziandone i vantaggi con l&#8217;ausilio di pigmenti riflettenti con diversi gradi di levigatura. Gli illuminanti KODI PROFESSIONAL ti aiuteranno a creare facilmente l&#8217;effetto desiderato: da un intenso luccichio metallico a una naturale luminosit\u00e0 della pelle &#8220;sana&#8221;. La linea base di illuminanti secchi Highlighter e Illuminator \u00e8 adatta sia all&#8217;uso professionale che individuale. La palette contiene 7 tonalit\u00e0 nelle gamme fredde e calde, che consentono di scegliere l&#8217;opzione pi\u00f9 adatta a ogni tono di pelle. La texture finemente distribuita e altamente pigmentata garantisce un effetto marcato e consente di modulare la densit\u00e0 dell&#8217;applicazione. Pu\u00f2 essere utilizzato in qualsiasi fase dell&#8217;applicazione del trucco.<\/p>\n","protected":false},"excerpt":{"rendered":"<p>Utilizzando l&#8217;illuminante, i truccatori sottolineano abilmente la raffinatezza di determinati tratti del viso, conferendo al trucco completezza, raffinatezza ed eleganza. Questo effetto si ottiene modellando il rilievo desiderato, evidenziandone i vantaggi con l&#8217;ausilio di pigmenti riflettenti con diversi gradi di levigatura. Gli illuminanti KODI PROFESSIONAL ti aiuteranno a creare facilmente l&#8217;effetto desiderato: da un intenso luccichio metallico a una naturale luminosit\u00e0 della pelle &#8220;sana&#8221;. La linea base di illuminanti secchi Highlighter e Illuminator \u00e8 adatta sia all&#8217;uso professionale che individuale. La palette contiene 7 tonalit\u00e0 nelle gamme fredde e calde, che consentono di scegliere l&#8217;opzione pi\u00f9 adatta a ogni tono di pelle. La texture finemente distribuita e altamente pigmentata garantisce un effetto marcato e consente di modulare la densit\u00e0 dell&#8217;applicazione. Pu\u00f2 essere utilizzato in qualsiasi fase dell&#8217;applicazione del trucco.<\/p>\n","protected":false},"featured_media":29662,"comment_status":"closed","ping_status":"open","template":"","meta":[],"product_brand":[],"product_cat":[2627,2628,1856,1509,2315,2629],"product_tag":[2656,2357],"class_list":{"0":"post-29661","1":"product","2":"type-product","3":"status-publish","4":"has-post-thumbnail","6":"product_cat-kodi","7":"product_cat-kodi-professional","8":"product_cat-make-up","9":"product_cat-top-brand-professionali-unghie","10":"product_cat-viso","11":"product_cat-viso-kodi-professional","12":"product_tag-highlighter","13":"product_tag-illuminante","15":"first","16":"instock","17":"shipping-taxable","18":"purchasable","19":"product-type-simple"},"_links":{"self":[{"href":"https:\/\/serverdedicato.lovenailsrivenditore.com\/index.php?rest_route=\/wp\/v2\/product\/29661","targetHints":{"allow":["GET"]}}],"collection":[{"href":"https:\/\/serverdedicato.lovenailsrivenditore.com\/index.php?rest_route=\/wp\/v2\/product"}],"about":[{"href":"https:\/\/serverdedicato.lovenailsrivenditore.com\/index.php?rest_route=\/wp\/v2\/types\/product"}],"replies":[{"embeddable":true,"href":"https:\/\/serverdedicato.lovenailsrivenditore.com\/index.php?rest_route=%2Fwp%2Fv2%2Fcomments&post=29661"}],"wp:featuredmedia":[{"embeddable":true,"href":"https:\/\/serverdedicato.lovenailsrivenditore.com\/index.php?rest_route=\/wp\/v2\/media\/29662"}],"wp:attachment":[{"href":"https:\/\/serverdedicato.lovenailsrivenditore.com\/index.php?rest_route=%2Fwp%2Fv2%2Fmedia&parent=29661"}],"wp:term":[{"taxonomy":"product_brand","embeddable":true,"href":"https:\/\/serverdedicato.lovenailsrivenditore.com\/index.php?rest_route=%2Fwp%2Fv2%2Fproduct_brand&post=29661"},{"taxonomy":"product_cat","embeddable":true,"href":"https:\/\/serverdedicato.lovenailsrivenditore.com\/index.php?rest_route=%2Fwp%2Fv2%2Fproduct_cat&post=29661"},{"taxonomy":"product_tag","embeddable":true,"href":"https:\/\/serverdedicato.lovenailsrivenditore.com\/index.php?rest_route=%2Fwp%2Fv2%2Fproduct_tag&post=29661"}],"curies":[{"name":"wp","href":"https:\/\/api.w.org\/{rel}","templated":true}]}}