{"id":29752,"date":"2025-04-02T13:19:14","date_gmt":"2025-04-02T11:19:14","guid":{"rendered":"https:\/\/serverdedicato.lovenailsrivenditore.com\/?product=kodi-professional-ombretto-in-cialda-n-172"},"modified":"2026-04-20T09:21:07","modified_gmt":"2026-04-20T07:21:07","slug":"kodi-professional-ombretto-in-cialda-n-172","status":"publish","type":"product","link":"https:\/\/serverdedicato.lovenailsrivenditore.com\/?product=kodi-professional-ombretto-in-cialda-n-172","title":{"rendered":"KODI PROFESSIONAL &#8211; OMBRETTO IN CIALDA n.172"},"content":{"rendered":"<p>La palette di ombretti ideale contiene sia tonalit\u00e0 di base neutre che tonalit\u00e0 intense e brillanti per un trucco creativo. Qualunque siano le tue esigenze in fatto di trucco occhi, la collezione di ricariche per ombretti professionali KODI PROFESSIONAL ti offre tutto ci\u00f2 di cui hai bisogno per un trucco impeccabile. Sono disponibili pi\u00f9 di 200 tonalit\u00e0 tra cui scegliere, in una variet\u00e0 di texture. Gli ombretti nelle ricariche n. 172 contengono un&#8217;alta concentrazione di pigmenti e sono caratterizzati da una densa saturazione del colore. Grazie alla loro texture finemente distribuita, si applicano facilmente con il pennello e si sfumano delicatamente per creare una finitura opaca a lunga tenuta. Gli ombretti non cadono durante l&#8217;applicazione e si abbinano bene alle altre tonalit\u00e0 della serie. Pu\u00f2 essere applicato asciutto o bagnato.<\/p>\n","protected":false},"excerpt":{"rendered":"<p>La palette di ombretti ideale contiene sia tonalit\u00e0 di base neutre che tonalit\u00e0 intense e brillanti per un trucco creativo. Qualunque siano le tue esigenze in fatto di trucco occhi, la collezione di ricariche per ombretti professionali KODI PROFESSIONAL ti offre tutto ci\u00f2 di cui hai bisogno per un trucco impeccabile. Sono disponibili pi\u00f9 di 200 tonalit\u00e0 tra cui scegliere, in una variet\u00e0 di texture. Gli ombretti nelle ricariche n. 172 contengono un&#8217;alta concentrazione di pigmenti e sono caratterizzati da una densa saturazione del colore. Grazie alla loro texture finemente distribuita, si applicano facilmente con il pennello e si sfumano delicatamente per creare una finitura opaca a lunga tenuta. Gli ombretti non cadono durante l&#8217;applicazione e si abbinano bene alle altre tonalit\u00e0 della serie. Pu\u00f2 essere applicato asciutto o bagnato.<\/p>\n","protected":false},"featured_media":29753,"comment_status":"closed","ping_status":"open","template":"","meta":[],"product_brand":[],"product_cat":[2627,2628,1856,2318,2643,1509],"product_tag":[2321,2322],"class_list":{"0":"post-29752","1":"product","2":"type-product","3":"status-publish","4":"has-post-thumbnail","6":"product_cat-kodi","7":"product_cat-kodi-professional","8":"product_cat-make-up","9":"product_cat-occhi","10":"product_cat-occhi-kodi-professional","11":"product_cat-top-brand-professionali-unghie","12":"product_tag-eyeshadow","13":"product_tag-ombretto","15":"first","16":"instock","17":"shipping-taxable","18":"purchasable","19":"product-type-simple"},"_links":{"self":[{"href":"https:\/\/serverdedicato.lovenailsrivenditore.com\/index.php?rest_route=\/wp\/v2\/product\/29752","targetHints":{"allow":["GET"]}}],"collection":[{"href":"https:\/\/serverdedicato.lovenailsrivenditore.com\/index.php?rest_route=\/wp\/v2\/product"}],"about":[{"href":"https:\/\/serverdedicato.lovenailsrivenditore.com\/index.php?rest_route=\/wp\/v2\/types\/product"}],"replies":[{"embeddable":true,"href":"https:\/\/serverdedicato.lovenailsrivenditore.com\/index.php?rest_route=%2Fwp%2Fv2%2Fcomments&post=29752"}],"wp:featuredmedia":[{"embeddable":true,"href":"https:\/\/serverdedicato.lovenailsrivenditore.com\/index.php?rest_route=\/wp\/v2\/media\/29753"}],"wp:attachment":[{"href":"https:\/\/serverdedicato.lovenailsrivenditore.com\/index.php?rest_route=%2Fwp%2Fv2%2Fmedia&parent=29752"}],"wp:term":[{"taxonomy":"product_brand","embeddable":true,"href":"https:\/\/serverdedicato.lovenailsrivenditore.com\/index.php?rest_route=%2Fwp%2Fv2%2Fproduct_brand&post=29752"},{"taxonomy":"product_cat","embeddable":true,"href":"https:\/\/serverdedicato.lovenailsrivenditore.com\/index.php?rest_route=%2Fwp%2Fv2%2Fproduct_cat&post=29752"},{"taxonomy":"product_tag","embeddable":true,"href":"https:\/\/serverdedicato.lovenailsrivenditore.com\/index.php?rest_route=%2Fwp%2Fv2%2Fproduct_tag&post=29752"}],"curies":[{"name":"wp","href":"https:\/\/api.w.org\/{rel}","templated":true}]}}