{"id":29755,"date":"2025-04-02T14:29:34","date_gmt":"2025-04-02T12:29:34","guid":{"rendered":"https:\/\/serverdedicato.lovenailsrivenditore.com\/?product=kodi-professional-ombretto-in-cialda-n-174"},"modified":"2026-04-20T09:21:08","modified_gmt":"2026-04-20T07:21:08","slug":"kodi-professional-ombretto-in-cialda-n-174","status":"publish","type":"product","link":"https:\/\/serverdedicato.lovenailsrivenditore.com\/?product=kodi-professional-ombretto-in-cialda-n-174","title":{"rendered":"KODI PROFESSIONAL &#8211; OMBRETTO IN CIALDA n.174"},"content":{"rendered":"<p>Una palette di ombretti universale \u00e8 un accessorio assolutamente indispensabile per i truccatori che si occupano di trucco professionale. La presenza di tonalit\u00e0 di base neutre, cos\u00ec come di tonalit\u00e0 sature e brillanti con diverse texture, garantiscono la versatilit\u00e0 del set e consentono di ottenere diversi effetti visivi. Le ricariche per ombretti KODI PROFESSIONAL sono comode da usare e sono disponibili in una variet\u00e0 di tonalit\u00e0 e texture. Le ricariche per ombretti nella tonalit\u00e0 intensa n. 174 sono caratterizzate da un elevato contenuto di pigmenti. Creano sulla palpebra una finitura opaca e setosa a lunga tenuta. Grazie alla texture finemente distribuita, gli ombretti sono facili da applicare asciutti o bagnati, garantendo una sfumatura morbida e una buona estensione delle tonalit\u00e0. Come si usa: prelevare l&#8217;ombretto con un pennello e applicarlo in modo uniforme, sfumando se necessario.<\/p>\n","protected":false},"excerpt":{"rendered":"<p>Una palette di ombretti universale \u00e8 un accessorio assolutamente indispensabile per i truccatori che si occupano di trucco professionale. La presenza di tonalit\u00e0 di base neutre, cos\u00ec come di tonalit\u00e0 sature e brillanti con diverse texture, garantiscono la versatilit\u00e0 del set e consentono di ottenere diversi effetti visivi. Le ricariche per ombretti KODI PROFESSIONAL sono comode da usare e sono disponibili in una variet\u00e0 di tonalit\u00e0 e texture. Le ricariche per ombretti nella tonalit\u00e0 intensa n. 174 sono caratterizzate da un elevato contenuto di pigmenti. Creano sulla palpebra una finitura opaca e setosa a lunga tenuta. Grazie alla texture finemente distribuita, gli ombretti sono facili da applicare asciutti o bagnati, garantendo una sfumatura morbida e una buona estensione delle tonalit\u00e0. Come si usa: prelevare l&#8217;ombretto con un pennello e applicarlo in modo uniforme, sfumando se necessario.<\/p>\n","protected":false},"featured_media":29756,"comment_status":"closed","ping_status":"open","template":"","meta":[],"product_brand":[],"product_cat":[2627,2628,1856,2318,2643,1509],"product_tag":[2321,2322],"class_list":{"0":"post-29755","1":"product","2":"type-product","3":"status-publish","4":"has-post-thumbnail","6":"product_cat-kodi","7":"product_cat-kodi-professional","8":"product_cat-make-up","9":"product_cat-occhi","10":"product_cat-occhi-kodi-professional","11":"product_cat-top-brand-professionali-unghie","12":"product_tag-eyeshadow","13":"product_tag-ombretto","15":"first","16":"instock","17":"shipping-taxable","18":"purchasable","19":"product-type-simple"},"_links":{"self":[{"href":"https:\/\/serverdedicato.lovenailsrivenditore.com\/index.php?rest_route=\/wp\/v2\/product\/29755","targetHints":{"allow":["GET"]}}],"collection":[{"href":"https:\/\/serverdedicato.lovenailsrivenditore.com\/index.php?rest_route=\/wp\/v2\/product"}],"about":[{"href":"https:\/\/serverdedicato.lovenailsrivenditore.com\/index.php?rest_route=\/wp\/v2\/types\/product"}],"replies":[{"embeddable":true,"href":"https:\/\/serverdedicato.lovenailsrivenditore.com\/index.php?rest_route=%2Fwp%2Fv2%2Fcomments&post=29755"}],"wp:featuredmedia":[{"embeddable":true,"href":"https:\/\/serverdedicato.lovenailsrivenditore.com\/index.php?rest_route=\/wp\/v2\/media\/29756"}],"wp:attachment":[{"href":"https:\/\/serverdedicato.lovenailsrivenditore.com\/index.php?rest_route=%2Fwp%2Fv2%2Fmedia&parent=29755"}],"wp:term":[{"taxonomy":"product_brand","embeddable":true,"href":"https:\/\/serverdedicato.lovenailsrivenditore.com\/index.php?rest_route=%2Fwp%2Fv2%2Fproduct_brand&post=29755"},{"taxonomy":"product_cat","embeddable":true,"href":"https:\/\/serverdedicato.lovenailsrivenditore.com\/index.php?rest_route=%2Fwp%2Fv2%2Fproduct_cat&post=29755"},{"taxonomy":"product_tag","embeddable":true,"href":"https:\/\/serverdedicato.lovenailsrivenditore.com\/index.php?rest_route=%2Fwp%2Fv2%2Fproduct_tag&post=29755"}],"curies":[{"name":"wp","href":"https:\/\/api.w.org\/{rel}","templated":true}]}}