{"id":29758,"date":"2025-04-02T14:41:20","date_gmt":"2025-04-02T12:41:20","guid":{"rendered":"https:\/\/serverdedicato.lovenailsrivenditore.com\/?product=kodi-professional-ombretto-in-cialda-n-171"},"modified":"2026-04-20T09:21:11","modified_gmt":"2026-04-20T07:21:11","slug":"kodi-professional-ombretto-in-cialda-n-171","status":"publish","type":"product","link":"https:\/\/serverdedicato.lovenailsrivenditore.com\/?product=kodi-professional-ombretto-in-cialda-n-171","title":{"rendered":"KODI PROFESSIONAL &#8211; OMBRETTO IN CIALDA n.171"},"content":{"rendered":"<p>Solitamente i truccatori creano da soli la loro palette di ombretti ideale, utilizzando palette magnetiche con il numero richiesto di posizioni e ricariche intercambiabili delle tonalit\u00e0 desiderate. La palette di ombretti KODI PROFESSIONAL in formato refill conquister\u00e0 anche i truccatori pi\u00f9 esigenti. Oltre 200 tonalit\u00e0 e una variet\u00e0 di texture ti permettono di risolvere qualsiasi problema di trucco occhi. L&#8217;ombretto verde intenso n. 171 \u00e8 una tonalit\u00e0 altamente pigmentata con una texture opaca finemente distribuita. Si applicano facilmente sulla pelle, si sfumano bene e, grazie alla formula delicata, risultano confortevoli sulla pelle. Sono previsti metodi di applicazione a secco e a umido. Durata: fino a 12 ore. Come si usa: prelevare l&#8217;ombretto con un pennello e applicarlo in modo uniforme, sfumando se necessario.<\/p>\n","protected":false},"excerpt":{"rendered":"<p>Solitamente i truccatori creano da soli la loro palette di ombretti ideale, utilizzando palette magnetiche con il numero richiesto di posizioni e ricariche intercambiabili delle tonalit\u00e0 desiderate. La palette di ombretti KODI PROFESSIONAL in formato refill conquister\u00e0 anche i truccatori pi\u00f9 esigenti. Oltre 200 tonalit\u00e0 e una variet\u00e0 di texture ti permettono di risolvere qualsiasi problema di trucco occhi. L&#8217;ombretto verde intenso n. 171 \u00e8 una tonalit\u00e0 altamente pigmentata con una texture opaca finemente distribuita. Si applicano facilmente sulla pelle, si sfumano bene e, grazie alla formula delicata, risultano confortevoli sulla pelle. Sono previsti metodi di applicazione a secco e a umido. Durata: fino a 12 ore. Come si usa: prelevare l&#8217;ombretto con un pennello e applicarlo in modo uniforme, sfumando se necessario.<\/p>\n","protected":false},"featured_media":29759,"comment_status":"closed","ping_status":"open","template":"","meta":[],"product_brand":[],"product_cat":[2627,2628,1856,2318,2643,1509],"product_tag":[2321,2322],"class_list":{"0":"post-29758","1":"product","2":"type-product","3":"status-publish","4":"has-post-thumbnail","6":"product_cat-kodi","7":"product_cat-kodi-professional","8":"product_cat-make-up","9":"product_cat-occhi","10":"product_cat-occhi-kodi-professional","11":"product_cat-top-brand-professionali-unghie","12":"product_tag-eyeshadow","13":"product_tag-ombretto","15":"first","16":"instock","17":"shipping-taxable","18":"purchasable","19":"product-type-simple"},"_links":{"self":[{"href":"https:\/\/serverdedicato.lovenailsrivenditore.com\/index.php?rest_route=\/wp\/v2\/product\/29758","targetHints":{"allow":["GET"]}}],"collection":[{"href":"https:\/\/serverdedicato.lovenailsrivenditore.com\/index.php?rest_route=\/wp\/v2\/product"}],"about":[{"href":"https:\/\/serverdedicato.lovenailsrivenditore.com\/index.php?rest_route=\/wp\/v2\/types\/product"}],"replies":[{"embeddable":true,"href":"https:\/\/serverdedicato.lovenailsrivenditore.com\/index.php?rest_route=%2Fwp%2Fv2%2Fcomments&post=29758"}],"wp:featuredmedia":[{"embeddable":true,"href":"https:\/\/serverdedicato.lovenailsrivenditore.com\/index.php?rest_route=\/wp\/v2\/media\/29759"}],"wp:attachment":[{"href":"https:\/\/serverdedicato.lovenailsrivenditore.com\/index.php?rest_route=%2Fwp%2Fv2%2Fmedia&parent=29758"}],"wp:term":[{"taxonomy":"product_brand","embeddable":true,"href":"https:\/\/serverdedicato.lovenailsrivenditore.com\/index.php?rest_route=%2Fwp%2Fv2%2Fproduct_brand&post=29758"},{"taxonomy":"product_cat","embeddable":true,"href":"https:\/\/serverdedicato.lovenailsrivenditore.com\/index.php?rest_route=%2Fwp%2Fv2%2Fproduct_cat&post=29758"},{"taxonomy":"product_tag","embeddable":true,"href":"https:\/\/serverdedicato.lovenailsrivenditore.com\/index.php?rest_route=%2Fwp%2Fv2%2Fproduct_tag&post=29758"}],"curies":[{"name":"wp","href":"https:\/\/api.w.org\/{rel}","templated":true}]}}