{"id":29766,"date":"2025-04-02T15:28:05","date_gmt":"2025-04-02T13:28:05","guid":{"rendered":"https:\/\/serverdedicato.lovenailsrivenditore.com\/?product=kodi-professional-ombretto-in-cialda-n-166"},"modified":"2026-04-20T09:21:15","modified_gmt":"2026-04-20T07:21:15","slug":"kodi-professional-ombretto-in-cialda-n-166","status":"publish","type":"product","link":"https:\/\/serverdedicato.lovenailsrivenditore.com\/?product=kodi-professional-ombretto-in-cialda-n-166","title":{"rendered":"KODI PROFESSIONAL &#8211; OMBRETTO IN CIALDA n.166"},"content":{"rendered":"<p>A seconda delle caratteristiche della palpebra, del tipo di pelle del cliente e del compito da svolgere, durante un trucco occhi professionale, il truccatore pu\u00f2 utilizzare diverse tonalit\u00e0 e texture di ombretto. Per lo stesso motivo, la versatilit\u00e0 e la funzionalit\u00e0 di una palette di ombretti funzionale sono di grande importanza. KODI PROFESSIONAL offre un&#8217;ampia gamma di ombretti in formato refill, consentendoti di creare la palette ottimale per qualsiasi esigenza di trucco. Gli ombretti in confezione refill n. 166 sono tonalit\u00e0 altamente pigmentate con una texture opaca finemente distribuita e a lunga tenuta. Sono economici, si applicano facilmente sulla pelle e si sfumano bene e, grazie alla formula moderna e morbida, risultano confortevoli sulle palpebre. Sono previsti metodi di applicazione a secco e a umido. La ricarica dell&#8217;ombretto \u00e8 contenuta in un blister trasparente.<\/p>\n<p>Come si usa: prelevare l&#8217;ombretto con un pennello e applicarlo in modo uniforme, sfumando se necessario.<\/p>\n","protected":false},"excerpt":{"rendered":"<p>A seconda delle caratteristiche della palpebra, del tipo di pelle del cliente e del compito da svolgere, durante un trucco occhi professionale, il truccatore pu\u00f2 utilizzare diverse tonalit\u00e0 e texture di ombretto. Per lo stesso motivo, la versatilit\u00e0 e la funzionalit\u00e0 di una palette di ombretti funzionale sono di grande importanza. KODI PROFESSIONAL offre un&#8217;ampia gamma di ombretti in formato refill, consentendoti di creare la palette ottimale per qualsiasi esigenza di trucco. Gli ombretti in confezione refill n. 166 sono tonalit\u00e0 altamente pigmentate con una texture opaca finemente distribuita e a lunga tenuta. Sono economici, si applicano facilmente sulla pelle e si sfumano bene e, grazie alla formula moderna e morbida, risultano confortevoli sulle palpebre. Sono previsti metodi di applicazione a secco e a umido. La ricarica dell&#8217;ombretto \u00e8 contenuta in un blister trasparente.<\/p>\n<p>Come si usa: prelevare l&#8217;ombretto con un pennello e applicarlo in modo uniforme, sfumando se necessario.<\/p>\n","protected":false},"featured_media":29767,"comment_status":"closed","ping_status":"open","template":"","meta":[],"product_brand":[],"product_cat":[2627,2628,1856,2643,2318,1509],"product_tag":[2321,2322],"class_list":{"0":"post-29766","1":"product","2":"type-product","3":"status-publish","4":"has-post-thumbnail","6":"product_cat-kodi","7":"product_cat-kodi-professional","8":"product_cat-make-up","9":"product_cat-occhi-kodi-professional","10":"product_cat-occhi","11":"product_cat-top-brand-professionali-unghie","12":"product_tag-eyeshadow","13":"product_tag-ombretto","15":"first","16":"instock","17":"shipping-taxable","18":"purchasable","19":"product-type-simple"},"_links":{"self":[{"href":"https:\/\/serverdedicato.lovenailsrivenditore.com\/index.php?rest_route=\/wp\/v2\/product\/29766","targetHints":{"allow":["GET"]}}],"collection":[{"href":"https:\/\/serverdedicato.lovenailsrivenditore.com\/index.php?rest_route=\/wp\/v2\/product"}],"about":[{"href":"https:\/\/serverdedicato.lovenailsrivenditore.com\/index.php?rest_route=\/wp\/v2\/types\/product"}],"replies":[{"embeddable":true,"href":"https:\/\/serverdedicato.lovenailsrivenditore.com\/index.php?rest_route=%2Fwp%2Fv2%2Fcomments&post=29766"}],"wp:featuredmedia":[{"embeddable":true,"href":"https:\/\/serverdedicato.lovenailsrivenditore.com\/index.php?rest_route=\/wp\/v2\/media\/29767"}],"wp:attachment":[{"href":"https:\/\/serverdedicato.lovenailsrivenditore.com\/index.php?rest_route=%2Fwp%2Fv2%2Fmedia&parent=29766"}],"wp:term":[{"taxonomy":"product_brand","embeddable":true,"href":"https:\/\/serverdedicato.lovenailsrivenditore.com\/index.php?rest_route=%2Fwp%2Fv2%2Fproduct_brand&post=29766"},{"taxonomy":"product_cat","embeddable":true,"href":"https:\/\/serverdedicato.lovenailsrivenditore.com\/index.php?rest_route=%2Fwp%2Fv2%2Fproduct_cat&post=29766"},{"taxonomy":"product_tag","embeddable":true,"href":"https:\/\/serverdedicato.lovenailsrivenditore.com\/index.php?rest_route=%2Fwp%2Fv2%2Fproduct_tag&post=29766"}],"curies":[{"name":"wp","href":"https:\/\/api.w.org\/{rel}","templated":true}]}}