{"id":29769,"date":"2025-04-02T15:38:35","date_gmt":"2025-04-02T13:38:35","guid":{"rendered":"https:\/\/serverdedicato.lovenailsrivenditore.com\/?product=kodi-professional-ombretto-in-cialda-n-163"},"modified":"2026-04-20T09:21:17","modified_gmt":"2026-04-20T07:21:17","slug":"kodi-professional-ombretto-in-cialda-n-163","status":"publish","type":"product","link":"https:\/\/serverdedicato.lovenailsrivenditore.com\/?product=kodi-professional-ombretto-in-cialda-n-163","title":{"rendered":"KODI PROFESSIONAL &#8211; OMBRETTO IN CIALDA n.163"},"content":{"rendered":"<p>Le ricariche per ombretti professionali contengono ingredienti speciali che mantengono la tonalit\u00e0 sulla pelle, consentendo di ottenere un trucco perfetto per tutto il periodo di tempo desiderato. Le ricariche per ombretti KODI PROFESSIONAL sono disponibili in una variet\u00e0 di tonalit\u00e0 e texture, soddisfano i pi\u00f9 elevati standard qualitativi e consentono di realizzare anche le soluzioni di trucco occhi pi\u00f9 complesse. Gli ombretti nelle ricariche n. 163 sono altamente pigmentati e offrono una finitura opaca con il grado di densit\u00e0 richiesto. La texture finemente distribuita \u00e8 facile da applicare e si fonde in modo uniforme sulla pelle, consentendo una sfumatura delicata con transizioni di colore omogenee. Le ombre possono essere utilizzate asciutte o bagnate. Non si staccano e non lasciano segni durante l&#8217;applicazione. Come si usa: prelevare l&#8217;ombretto con un pennello e applicarlo in modo uniforme, sfumando se necessario.<\/p>\n","protected":false},"excerpt":{"rendered":"<p>Le ricariche per ombretti professionali contengono ingredienti speciali che mantengono la tonalit\u00e0 sulla pelle, consentendo di ottenere un trucco perfetto per tutto il periodo di tempo desiderato. Le ricariche per ombretti KODI PROFESSIONAL sono disponibili in una variet\u00e0 di tonalit\u00e0 e texture, soddisfano i pi\u00f9 elevati standard qualitativi e consentono di realizzare anche le soluzioni di trucco occhi pi\u00f9 complesse. Gli ombretti nelle ricariche n. 163 sono altamente pigmentati e offrono una finitura opaca con il grado di densit\u00e0 richiesto. La texture finemente distribuita \u00e8 facile da applicare e si fonde in modo uniforme sulla pelle, consentendo una sfumatura delicata con transizioni di colore omogenee. Le ombre possono essere utilizzate asciutte o bagnate. Non si staccano e non lasciano segni durante l&#8217;applicazione. Come si usa: prelevare l&#8217;ombretto con un pennello e applicarlo in modo uniforme, sfumando se necessario.<\/p>\n","protected":false},"featured_media":29770,"comment_status":"closed","ping_status":"open","template":"","meta":[],"product_brand":[],"product_cat":[2627,2628,1856,2318,2643,1509],"product_tag":[2321,2322],"class_list":{"0":"post-29769","1":"product","2":"type-product","3":"status-publish","4":"has-post-thumbnail","6":"product_cat-kodi","7":"product_cat-kodi-professional","8":"product_cat-make-up","9":"product_cat-occhi","10":"product_cat-occhi-kodi-professional","11":"product_cat-top-brand-professionali-unghie","12":"product_tag-eyeshadow","13":"product_tag-ombretto","15":"first","16":"instock","17":"shipping-taxable","18":"purchasable","19":"product-type-simple"},"_links":{"self":[{"href":"https:\/\/serverdedicato.lovenailsrivenditore.com\/index.php?rest_route=\/wp\/v2\/product\/29769","targetHints":{"allow":["GET"]}}],"collection":[{"href":"https:\/\/serverdedicato.lovenailsrivenditore.com\/index.php?rest_route=\/wp\/v2\/product"}],"about":[{"href":"https:\/\/serverdedicato.lovenailsrivenditore.com\/index.php?rest_route=\/wp\/v2\/types\/product"}],"replies":[{"embeddable":true,"href":"https:\/\/serverdedicato.lovenailsrivenditore.com\/index.php?rest_route=%2Fwp%2Fv2%2Fcomments&post=29769"}],"wp:featuredmedia":[{"embeddable":true,"href":"https:\/\/serverdedicato.lovenailsrivenditore.com\/index.php?rest_route=\/wp\/v2\/media\/29770"}],"wp:attachment":[{"href":"https:\/\/serverdedicato.lovenailsrivenditore.com\/index.php?rest_route=%2Fwp%2Fv2%2Fmedia&parent=29769"}],"wp:term":[{"taxonomy":"product_brand","embeddable":true,"href":"https:\/\/serverdedicato.lovenailsrivenditore.com\/index.php?rest_route=%2Fwp%2Fv2%2Fproduct_brand&post=29769"},{"taxonomy":"product_cat","embeddable":true,"href":"https:\/\/serverdedicato.lovenailsrivenditore.com\/index.php?rest_route=%2Fwp%2Fv2%2Fproduct_cat&post=29769"},{"taxonomy":"product_tag","embeddable":true,"href":"https:\/\/serverdedicato.lovenailsrivenditore.com\/index.php?rest_route=%2Fwp%2Fv2%2Fproduct_tag&post=29769"}],"curies":[{"name":"wp","href":"https:\/\/api.w.org\/{rel}","templated":true}]}}