{"id":29899,"date":"2025-04-08T03:42:53","date_gmt":"2025-04-08T01:42:53","guid":{"rendered":"https:\/\/serverdedicato.lovenailsrivenditore.com\/?product=kodi-express-ombre-spray-12"},"modified":"2026-04-20T09:22:54","modified_gmt":"2026-04-20T07:22:54","slug":"kodi-express-ombre-spray-12","status":"publish","type":"product","link":"https:\/\/serverdedicato.lovenailsrivenditore.com\/?product=kodi-express-ombre-spray-12","title":{"rendered":"KODI &#8211; EXPRESS OMBRE SPRAY &#8211; 12"},"content":{"rendered":"<p>Spesso, per i principianti, realizzare una manicure con effetto ombr\u00e9 richiede molto tempo e impegno, senza produrre il risultato desiderato. Con l&#8217;innovativo Express Ombre Spray, sviluppato dai principali tecnologi del famoso marchio internazionale Kodi Professional, questo problema \u00e8 risolto per sempre.<\/p>\n<p>Bastano pochi clic sulla pompa e il pigmento luminoso si distribuisce uniformemente su tutta la lamina ungueale, creando una distesa di colore uniforme e sfumata, senza alcuno sforzo da parte dell&#8217;artista. Inoltre, questo strumento ti far\u00e0 risparmiare sul budget destinato all&#8217;acquisto di strumenti e accessori aggiuntivi per il design ombr\u00e9.<\/p>\n<p>Istruzioni per l&#8217;uso: prima di iniziare a lavorare con lo spray ombr\u00e9, \u00e8 necessario preparare l&#8217; erogatore. Per fare ci\u00f2, premere il pulsante dell&#8217;erogatore fino in fondo 2-3 volte sul tovagliolo. Una grande quantit\u00e0 di pigmento accumulato nella pistola a spruzzo fuoriuscir\u00e0. Ora che il flusso di pigmento sar\u00e0 perfetto per una sfumatura perfetta, potrai iniziare a progettare.<\/p>\n<p>Spruzzare lo spray sul gel\/base\/smalto semipermanente non asciugato in lampada, partendo dalla punta dell&#8217;unghia e procedendo gradualmente verso la cuticola, riducendo l&#8217;intensit\u00e0 della pressione e la densit\u00e0 del colore. Polimerizzare in lampada UV per 90-120 secondi, in lampada LED per 30-60 secondi.<\/p>\n","protected":false},"excerpt":{"rendered":"<p>Spesso, per i principianti, realizzare una manicure con effetto ombr\u00e9 richiede molto tempo e impegno, senza produrre il risultato desiderato. Con l&#8217;innovativo Express Ombre Spray, sviluppato dai principali tecnologi del famoso marchio internazionale Kodi Professional, questo problema \u00e8 risolto per sempre.<\/p>\n<p>Bastano pochi clic sulla pompa e il pigmento luminoso si distribuisce uniformemente su tutta la lamina ungueale, creando una distesa di colore uniforme e sfumata, senza alcuno sforzo da parte dell&#8217;artista. Inoltre, questo strumento ti far\u00e0 risparmiare sul budget destinato all&#8217;acquisto di strumenti e accessori aggiuntivi per il design ombr\u00e9.<\/p>\n","protected":false},"featured_media":29900,"comment_status":"closed","ping_status":"open","template":"","meta":[],"product_brand":[],"product_cat":[2627,2660,1509],"product_tag":[798,764,2661],"class_list":{"0":"post-29899","1":"product","2":"type-product","3":"status-publish","4":"has-post-thumbnail","6":"product_cat-kodi","7":"product_cat-spray-ombre","8":"product_cat-top-brand-professionali-unghie","9":"product_tag-babyboomer","10":"product_tag-spray","11":"product_tag-spray-ombre","13":"first","14":"instock","15":"shipping-taxable","16":"purchasable","17":"product-type-simple"},"_links":{"self":[{"href":"https:\/\/serverdedicato.lovenailsrivenditore.com\/index.php?rest_route=\/wp\/v2\/product\/29899","targetHints":{"allow":["GET"]}}],"collection":[{"href":"https:\/\/serverdedicato.lovenailsrivenditore.com\/index.php?rest_route=\/wp\/v2\/product"}],"about":[{"href":"https:\/\/serverdedicato.lovenailsrivenditore.com\/index.php?rest_route=\/wp\/v2\/types\/product"}],"replies":[{"embeddable":true,"href":"https:\/\/serverdedicato.lovenailsrivenditore.com\/index.php?rest_route=%2Fwp%2Fv2%2Fcomments&post=29899"}],"wp:featuredmedia":[{"embeddable":true,"href":"https:\/\/serverdedicato.lovenailsrivenditore.com\/index.php?rest_route=\/wp\/v2\/media\/29900"}],"wp:attachment":[{"href":"https:\/\/serverdedicato.lovenailsrivenditore.com\/index.php?rest_route=%2Fwp%2Fv2%2Fmedia&parent=29899"}],"wp:term":[{"taxonomy":"product_brand","embeddable":true,"href":"https:\/\/serverdedicato.lovenailsrivenditore.com\/index.php?rest_route=%2Fwp%2Fv2%2Fproduct_brand&post=29899"},{"taxonomy":"product_cat","embeddable":true,"href":"https:\/\/serverdedicato.lovenailsrivenditore.com\/index.php?rest_route=%2Fwp%2Fv2%2Fproduct_cat&post=29899"},{"taxonomy":"product_tag","embeddable":true,"href":"https:\/\/serverdedicato.lovenailsrivenditore.com\/index.php?rest_route=%2Fwp%2Fv2%2Fproduct_tag&post=29899"}],"curies":[{"name":"wp","href":"https:\/\/api.w.org\/{rel}","templated":true}]}}