{"id":29954,"date":"2025-04-10T03:45:05","date_gmt":"2025-04-10T01:45:05","guid":{"rendered":"https:\/\/serverdedicato.lovenailsrivenditore.com\/?product=kodi-3d-modeling-gel-5gr"},"modified":"2026-04-20T09:23:27","modified_gmt":"2026-04-20T07:23:27","slug":"kodi-3d-modeling-gel-5gr","status":"publish","type":"product","link":"https:\/\/serverdedicato.lovenailsrivenditore.com\/?product=kodi-3d-modeling-gel-5gr","title":{"rendered":"KODI : 3D MODELING GEL &#8211; 5gr"},"content":{"rendered":"<h3 class=\"\" data-start=\"70\" data-end=\"143\"><strong data-start=\"74\" data-end=\"143\">GEL 3D ART Kodi\u00a0<\/strong><\/h3>\n<p class=\"\" data-start=\"145\" data-end=\"497\">Il <strong data-start=\"148\" data-end=\"167\">GEL 3D ART Kodi<\/strong> \u00e8 il prodotto perfetto per chi desidera creare un effetto tridimensionale sulle unghie, dando vita a design unici e di grande impatto. Ideale per le professioniste che vogliono portare la propria arte delle unghie al livello successivo, il gel 3D permette di ottenere forme, dettagli e motivi spettacolari, resistenti e duraturi.<\/p>\n<p data-start=\"145\" data-end=\"497\">Il 3d modeling gel presenta un leggero strato di dispersione<\/p>\n<p class=\"\" data-start=\"499\" data-end=\"530\"><strong data-start=\"499\" data-end=\"530\">Caratteristiche principali:<\/strong><\/p>\n<ul data-start=\"531\" data-end=\"1189\">\n<li class=\"\" data-start=\"531\" data-end=\"692\">\n<p class=\"\" data-start=\"533\" data-end=\"692\"><strong data-start=\"533\" data-end=\"560\">Facilit\u00e0 di modellatura<\/strong>: la consistenza ideale del gel permette di lavorare con precisione e creare disegni 3D dettagliati, dalla forma fluida e armoniosa.<\/p>\n<\/li>\n<li class=\"\" data-start=\"693\" data-end=\"820\">\n<p class=\"\" data-start=\"695\" data-end=\"820\"><strong data-start=\"695\" data-end=\"713\">Elevata durata<\/strong>: il gel garantisce un risultato resistente, che mantiene la forma e il colore senza sgretolarsi nel tempo.<\/p>\n<\/li>\n<li class=\"\" data-start=\"821\" data-end=\"959\">\n<p class=\"\" data-start=\"823\" data-end=\"959\"><strong data-start=\"823\" data-end=\"838\">Versatilit\u00e0<\/strong>: perfetto per decorazioni floreali, motivi geometrici, e qualsiasi altro design creativo che richiede tridimensionalit\u00e0.<\/p>\n<\/li>\n<li class=\"\" data-start=\"960\" data-end=\"1055\">\n<p class=\"\" data-start=\"962\" data-end=\"1055\"><strong data-start=\"962\" data-end=\"979\">Cura completa<\/strong>: compatibile con lampade UV \/ LED per una polimerizzazione rapida e sicura in 90s<\/p>\n<\/li>\n<li class=\"\" data-start=\"1056\" data-end=\"1189\">\n<p class=\"\" data-start=\"1058\" data-end=\"1189\"><strong data-start=\"1058\" data-end=\"1093\">Adatto a tutti i tipi di unghie<\/strong>: da unghie naturali a unghie in gel o acrilico, per un effetto professionale in ogni occasione.<\/p>\n<\/li>\n<\/ul>\n<p class=\"\" data-start=\"1191\" data-end=\"1393\">Con <strong data-start=\"1195\" data-end=\"1214\">GEL 3D ART Kodi<\/strong>, potrai creare disegni innovativi, in rilievo e sorprendenti, dando un tocco esclusivo a ogni nail art. Scegli la qualit\u00e0 e la versatilit\u00e0 di Kodi per i tuoi lavori pi\u00f9 creativi!<\/p>\n<p data-start=\"1191\" data-end=\"1393\">Composizione: Copolimero di acrilati, Metacrilato di isobornile, Metacrilato di idrossipropile, Silice, Etiltrimetilbenzoilfenilfosfinato, BHT.<\/p>\n","protected":false},"excerpt":{"rendered":"<p class=\"\" data-start=\"145\" data-end=\"497\">Il <strong data-start=\"148\" data-end=\"167\">GEL 3D ART Kodi<\/strong> \u00e8 il prodotto perfetto per chi desidera creare un effetto tridimensionale sulle unghie, dando vita a design unici e di grande impatto. Ideale per le professioniste che vogliono portare la propria arte delle unghie al livello successivo, il gel 3D permette di ottenere forme, dettagli e motivi spettacolari, resistenti e duraturi.<\/p>\n<p data-start=\"145\" data-end=\"497\">Il 3d modeling gel presenta un leggero strato di dispersione<\/p>\n","protected":false},"featured_media":29955,"comment_status":"closed","ping_status":"open","template":"","meta":[],"product_brand":[],"product_cat":[2662,2627,1509],"product_tag":[1363,2663],"class_list":{"0":"post-29954","1":"product","2":"type-product","3":"status-publish","4":"has-post-thumbnail","6":"product_cat-costruttori-kodi","7":"product_cat-kodi","8":"product_cat-top-brand-professionali-unghie","9":"product_tag-3d-gel","10":"product_tag-gel-modeling","12":"first","13":"instock","14":"shipping-taxable","15":"purchasable","16":"product-type-simple"},"_links":{"self":[{"href":"https:\/\/serverdedicato.lovenailsrivenditore.com\/index.php?rest_route=\/wp\/v2\/product\/29954","targetHints":{"allow":["GET"]}}],"collection":[{"href":"https:\/\/serverdedicato.lovenailsrivenditore.com\/index.php?rest_route=\/wp\/v2\/product"}],"about":[{"href":"https:\/\/serverdedicato.lovenailsrivenditore.com\/index.php?rest_route=\/wp\/v2\/types\/product"}],"replies":[{"embeddable":true,"href":"https:\/\/serverdedicato.lovenailsrivenditore.com\/index.php?rest_route=%2Fwp%2Fv2%2Fcomments&post=29954"}],"wp:featuredmedia":[{"embeddable":true,"href":"https:\/\/serverdedicato.lovenailsrivenditore.com\/index.php?rest_route=\/wp\/v2\/media\/29955"}],"wp:attachment":[{"href":"https:\/\/serverdedicato.lovenailsrivenditore.com\/index.php?rest_route=%2Fwp%2Fv2%2Fmedia&parent=29954"}],"wp:term":[{"taxonomy":"product_brand","embeddable":true,"href":"https:\/\/serverdedicato.lovenailsrivenditore.com\/index.php?rest_route=%2Fwp%2Fv2%2Fproduct_brand&post=29954"},{"taxonomy":"product_cat","embeddable":true,"href":"https:\/\/serverdedicato.lovenailsrivenditore.com\/index.php?rest_route=%2Fwp%2Fv2%2Fproduct_cat&post=29954"},{"taxonomy":"product_tag","embeddable":true,"href":"https:\/\/serverdedicato.lovenailsrivenditore.com\/index.php?rest_route=%2Fwp%2Fv2%2Fproduct_tag&post=29954"}],"curies":[{"name":"wp","href":"https:\/\/api.w.org\/{rel}","templated":true}]}}