{"id":30023,"date":"2025-04-14T22:21:23","date_gmt":"2025-04-14T20:21:23","guid":{"rendered":"https:\/\/serverdedicato.lovenailsrivenditore.com\/?product=kodi-professional-correttore-n-03-cialda-copia"},"modified":"2026-04-20T09:24:27","modified_gmt":"2026-04-20T07:24:27","slug":"kodi-professional-correttore-n-03-cialda-copia","status":"publish","type":"product","link":"https:\/\/serverdedicato.lovenailsrivenditore.com\/?product=kodi-professional-correttore-n-03-cialda-copia","title":{"rendered":"KODI PROFESSIONAL &#8211; CORRETTORE n.04 (cialda)"},"content":{"rendered":"<p>Un correttore di alta qualit\u00e0 e con un&#8217;ottima coprenza \u00e8 un prodotto\u00a0 di fondamentale importanza per un truccatore professionista ed \u00e8 sempre presente nel suo arsenale di lavoro. Il correttore consente di nascondere rapidamente le imperfezioni pi\u00f9 comuni della pelle e, abbinato a un prodotto colorato, garantisce un colorito del viso uniforme e bello, condizione essenziale per un trucco perfetto. La serie di correttori compatti in formato refill KODI PROFESSIONAL Make-up ti consentir\u00e0 di creare la palette di correttori ottimale per un risultato impeccabile. L&#8217;elevato livello di pigmenti e la consistenza densa e cremosa garantiscono un potente effetto camouflage. Il prodotto nasconde bene le pigmentazioni indesiderate e altre imperfezioni della pelle. Il correttore rosa dona luminosit\u00e0 e freschezza alla pelle. Il correttore pu\u00f2 essere applicato a pi\u00f9 strati e mescolato con altre tonalit\u00e0 e texture per ottenere l&#8217;effetto desiderato. Il prodotto non irrita la pelle e non ostruisce i pori.<\/p>\n<p>Il correttore n. 4 di colore verde \u00e8 utilizzato per neutralizzare i rossori della pelle, contrasta bene varie irritazioni e infiammazioni della pelle e nasconde la rete vascolare del viso.<\/p>\n<p>Modo d&#8217;uso: applicare con un pennello in nylon per ottenere texture cremose. Fissare con la cipria per un effetto pi\u00f9 duraturo.<\/p>\n","protected":false},"excerpt":{"rendered":"<p>L&#8217;elevato livello di pigmenti e la consistenza densa e cremosa garantiscono un potente effetto camouflage. Il prodotto nasconde bene le pigmentazioni indesiderate e altre imperfezioni della pelle. Il correttore rosa dona luminosit\u00e0 e freschezza alla pelle. Il correttore pu\u00f2 essere applicato a pi\u00f9 strati e mescolato con altre tonalit\u00e0 e texture per ottenere l&#8217;effetto desiderato. Il prodotto non irrita la pelle e non ostruisce i pori.<\/p>\n<p>Il correttore n. 4 di colore verde \u00e8 utilizzato per neutralizzare i rossori della pelle, contrasta bene varie irritazioni e infiammazioni della pelle e nasconde la rete vascolare del viso.<\/p>\n","protected":false},"featured_media":30024,"comment_status":"closed","ping_status":"open","template":"","meta":[],"product_brand":[],"product_cat":[2628,1856,2318,2629,2315],"product_tag":[2670,2330],"class_list":{"0":"post-30023","1":"product","2":"type-product","3":"status-publish","4":"has-post-thumbnail","6":"product_cat-kodi-professional","7":"product_cat-make-up","8":"product_cat-occhi","9":"product_cat-viso-kodi-professional","10":"product_cat-viso","11":"product_tag-corrector","12":"product_tag-correttore","14":"first","15":"instock","16":"shipping-taxable","17":"purchasable","18":"product-type-simple"},"_links":{"self":[{"href":"https:\/\/serverdedicato.lovenailsrivenditore.com\/index.php?rest_route=\/wp\/v2\/product\/30023","targetHints":{"allow":["GET"]}}],"collection":[{"href":"https:\/\/serverdedicato.lovenailsrivenditore.com\/index.php?rest_route=\/wp\/v2\/product"}],"about":[{"href":"https:\/\/serverdedicato.lovenailsrivenditore.com\/index.php?rest_route=\/wp\/v2\/types\/product"}],"replies":[{"embeddable":true,"href":"https:\/\/serverdedicato.lovenailsrivenditore.com\/index.php?rest_route=%2Fwp%2Fv2%2Fcomments&post=30023"}],"wp:featuredmedia":[{"embeddable":true,"href":"https:\/\/serverdedicato.lovenailsrivenditore.com\/index.php?rest_route=\/wp\/v2\/media\/30024"}],"wp:attachment":[{"href":"https:\/\/serverdedicato.lovenailsrivenditore.com\/index.php?rest_route=%2Fwp%2Fv2%2Fmedia&parent=30023"}],"wp:term":[{"taxonomy":"product_brand","embeddable":true,"href":"https:\/\/serverdedicato.lovenailsrivenditore.com\/index.php?rest_route=%2Fwp%2Fv2%2Fproduct_brand&post=30023"},{"taxonomy":"product_cat","embeddable":true,"href":"https:\/\/serverdedicato.lovenailsrivenditore.com\/index.php?rest_route=%2Fwp%2Fv2%2Fproduct_cat&post=30023"},{"taxonomy":"product_tag","embeddable":true,"href":"https:\/\/serverdedicato.lovenailsrivenditore.com\/index.php?rest_route=%2Fwp%2Fv2%2Fproduct_tag&post=30023"}],"curies":[{"name":"wp","href":"https:\/\/api.w.org\/{rel}","templated":true}]}}