{"id":30099,"date":"2025-04-18T13:44:58","date_gmt":"2025-04-18T11:44:58","guid":{"rendered":"https:\/\/serverdedicato.lovenailsrivenditore.com\/?product=luna-candy-gel-n-11-15ml"},"modified":"2026-04-20T09:25:30","modified_gmt":"2026-04-20T07:25:30","slug":"luna-candy-gel-n-11-15ml","status":"publish","type":"product","link":"https:\/\/serverdedicato.lovenailsrivenditore.com\/?product=luna-candy-gel-n-11-15ml","title":{"rendered":"LUNA &#8211; CANDY GEL n.11 &#8211; 15ml"},"content":{"rendered":"<p><strong>Candy Gel<\/strong><\/p>\n<ul>\n<li>Caratteristiche:<\/li>\n<li>Senza acidi.<\/li>\n<li>Fornisce ammortizzazione e non si crepa in caso di impatto.<\/li>\n<li>Consistenza media (non troppo liquida, n\u00e9 troppo densa).<\/li>\n<li>Pigmentazione media, copre il margine libero.<\/li>\n<li>Adatto alla tecnica &#8220;senza limatura&#8221;.<\/li>\n<li>Adatto per l&#8217;allungamento<\/li>\n<li>Non provoca calore nella lampada.<\/li>\n<li>Diventa pi\u00f9 spesso con le temperature fredde e pi\u00f9 sottile con le temperature calde.<\/li>\n<li>Tissotropico: diventa pi\u00f9 fluido durante l&#8217;applicazione con movimenti del pennello.<\/li>\n<li>Pu\u00f2 essere ulteriormente riscaldato per rendere il gel pi\u00f9 liquido.<\/li>\n<li>Indurisce fino a uno spessore di 1 mm; se lo spessore \u00e8 inferiore a 1 mm, potrebbe flettersi leggermente, ma ci\u00f2 non ne compromette la durabilit\u00e0<\/li>\n<li>Non si restringe e sostiene bene l&#8217;arco plantare.<\/li>\n<li>Richiede una base LUNA<\/li>\n<\/ul>\n","protected":false},"excerpt":{"rendered":"<p><strong>Candy Gel<\/strong><\/p>\n<ul>\n<li>Caratteristiche:<\/li>\n<li>Senza acidi.<\/li>\n<li>Fornisce ammortizzazione e non si crepa in caso di impatto.<\/li>\n<li>Consistenza media (non troppo liquida, n\u00e9 troppo densa).<\/li>\n<li>Pigmentazione media, copre il margine libero.<\/li>\n<li>Adatto alla tecnica &#8220;senza limatura&#8221;.<\/li>\n<li>Adatto per l&#8217;allungamento<\/li>\n<li>Non provoca calore nella lampada.<\/li>\n<li>Diventa pi\u00f9 spesso con le temperature fredde e pi\u00f9 sottile con le temperature calde.<\/li>\n<li>Tissotropico: diventa pi\u00f9 fluido durante l&#8217;applicazione con movimenti del pennello.<\/li>\n<li>Pu\u00f2 essere ulteriormente riscaldato per rendere il gel pi\u00f9 liquido.<\/li>\n<li>Indurisce fino a uno spessore di 1 mm; se lo spessore \u00e8 inferiore a 1 mm, potrebbe flettersi leggermente, ma ci\u00f2 non ne compromette la durabilit\u00e0<\/li>\n<li>Non si restringe e sostiene bene l&#8217;arco plantare.<\/li>\n<li>Richiede una base LUNA<\/li>\n<\/ul>\n","protected":false},"featured_media":30100,"comment_status":"closed","ping_status":"open","template":"","meta":[],"product_brand":[],"product_cat":[2618,2488],"product_tag":[1692,2033],"class_list":{"0":"post-30099","1":"product","2":"type-product","3":"status-publish","4":"has-post-thumbnail","6":"product_cat-costruttori-luna","7":"product_cat-luna","8":"product_tag-candy-gel","9":"product_tag-gel-costruttore","11":"first","12":"instock","13":"shipping-taxable","14":"purchasable","15":"product-type-simple"},"_links":{"self":[{"href":"https:\/\/serverdedicato.lovenailsrivenditore.com\/index.php?rest_route=\/wp\/v2\/product\/30099","targetHints":{"allow":["GET"]}}],"collection":[{"href":"https:\/\/serverdedicato.lovenailsrivenditore.com\/index.php?rest_route=\/wp\/v2\/product"}],"about":[{"href":"https:\/\/serverdedicato.lovenailsrivenditore.com\/index.php?rest_route=\/wp\/v2\/types\/product"}],"replies":[{"embeddable":true,"href":"https:\/\/serverdedicato.lovenailsrivenditore.com\/index.php?rest_route=%2Fwp%2Fv2%2Fcomments&post=30099"}],"wp:featuredmedia":[{"embeddable":true,"href":"https:\/\/serverdedicato.lovenailsrivenditore.com\/index.php?rest_route=\/wp\/v2\/media\/30100"}],"wp:attachment":[{"href":"https:\/\/serverdedicato.lovenailsrivenditore.com\/index.php?rest_route=%2Fwp%2Fv2%2Fmedia&parent=30099"}],"wp:term":[{"taxonomy":"product_brand","embeddable":true,"href":"https:\/\/serverdedicato.lovenailsrivenditore.com\/index.php?rest_route=%2Fwp%2Fv2%2Fproduct_brand&post=30099"},{"taxonomy":"product_cat","embeddable":true,"href":"https:\/\/serverdedicato.lovenailsrivenditore.com\/index.php?rest_route=%2Fwp%2Fv2%2Fproduct_cat&post=30099"},{"taxonomy":"product_tag","embeddable":true,"href":"https:\/\/serverdedicato.lovenailsrivenditore.com\/index.php?rest_route=%2Fwp%2Fv2%2Fproduct_tag&post=30099"}],"curies":[{"name":"wp","href":"https:\/\/api.w.org\/{rel}","templated":true}]}}