{"id":30206,"date":"2025-04-18T15:57:31","date_gmt":"2025-04-18T13:57:31","guid":{"rendered":"https:\/\/serverdedicato.lovenailsrivenditore.com\/?product=luna-jelly-gelly-n-05-15ml"},"modified":"2026-04-20T10:13:20","modified_gmt":"2026-04-20T08:13:20","slug":"luna-jelly-gelly-n-05-15ml","status":"publish","type":"product","link":"https:\/\/serverdedicato.lovenailsrivenditore.com\/?product=luna-jelly-gelly-n-05-15ml","title":{"rendered":"LUNA &#8211; JELLY GELLY n.05 &#8211; 15ml"},"content":{"rendered":"<p id=\"tw-target-text\" class=\"tw-data-text tw-text-large tw-ta\" dir=\"ltr\" data-placeholder=\"Traduzione\" data-ved=\"2ahUKEwjW6fWv7OGMAxXY_7sIHRmZHQkQ3ewLegQIBBAW\" aria-label=\"Testo tradotto: JELLY GELLY \u00e8 un materiale dalla consistenza densa, gelatinosa e plastica, ideale per scolpire l'unghia, definire gli angoli e creare diverse decorazioni. La sua caratteristica principale \u00e8 la consistenza, che ricorda davvero la gelatina. Il materiale \u00e8 altamente malleabile e plastico, permettendo di modellarlo in qualsiasi forma senza bisogno di ulteriore limatura. Questa flessibilit\u00e0 riduce significativamente il tempo necessario per l'allungamento delle unghie di un'ora o pi\u00f9. Caratteristiche: Consistenza densa. Non brucia in lampada, grazie alle basse temperature. Ottimo per sostenere l'arcata e non si deforma. Senza acidi. Pigmentazione media, copre il bordo libero. Adatto per l'allungamento con &quot;upper form&quot;. Non brucia in lampada. Diventa pi\u00f9 denso a basse temperature, pi\u00f9 fluido a temperature calde. Tissotropico: si diluisce durante l'applicazione con movimenti del pennello. Pu\u00f2 essere ulteriormente riscaldato per rendere il gel pi\u00f9 fluido. Richiede un sottofondo in gomma LUNAmoon.\"><span class=\"Y2IQFc\" lang=\"it\">JELLY GELLY \u00e8 un materiale dalla consistenza densa, gelatinosa,\u00a0 ideale per scolpire l&#8217;unghia, definire gli angoli e creare diverse decorazioni.<\/span><\/p>\n<p class=\"tw-data-text tw-text-large tw-ta\" dir=\"ltr\" data-placeholder=\"Traduzione\" data-ved=\"2ahUKEwjW6fWv7OGMAxXY_7sIHRmZHQkQ3ewLegQIBBAW\" aria-label=\"Testo tradotto: JELLY GELLY \u00e8 un materiale dalla consistenza densa, gelatinosa e plastica, ideale per scolpire l'unghia, definire gli angoli e creare diverse decorazioni. La sua caratteristica principale \u00e8 la consistenza, che ricorda davvero la gelatina. Il materiale \u00e8 altamente malleabile e plastico, permettendo di modellarlo in qualsiasi forma senza bisogno di ulteriore limatura. Questa flessibilit\u00e0 riduce significativamente il tempo necessario per l'allungamento delle unghie di un'ora o pi\u00f9. Caratteristiche: Consistenza densa. Non brucia in lampada, grazie alle basse temperature. Ottimo per sostenere l'arcata e non si deforma. Senza acidi. Pigmentazione media, copre il bordo libero. Adatto per l'allungamento con &quot;upper form&quot;. Non brucia in lampada. Diventa pi\u00f9 denso a basse temperature, pi\u00f9 fluido a temperature calde. Tissotropico: si diluisce durante l'applicazione con movimenti del pennello. Pu\u00f2 essere ulteriormente riscaldato per rendere il gel pi\u00f9 fluido. Richiede un sottofondo in gomma LUNAmoon.\"><span class=\"Y2IQFc\" lang=\"it\"> La sua caratteristica principale \u00e8 la consistenza, che ricorda davvero la gelatina.<\/span><\/p>\n<p class=\"tw-data-text tw-text-large tw-ta\" dir=\"ltr\" data-placeholder=\"Traduzione\" data-ved=\"2ahUKEwjW6fWv7OGMAxXY_7sIHRmZHQkQ3ewLegQIBBAW\" aria-label=\"Testo tradotto: JELLY GELLY \u00e8 un materiale dalla consistenza densa, gelatinosa e plastica, ideale per scolpire l'unghia, definire gli angoli e creare diverse decorazioni. La sua caratteristica principale \u00e8 la consistenza, che ricorda davvero la gelatina. Il materiale \u00e8 altamente malleabile e plastico, permettendo di modellarlo in qualsiasi forma senza bisogno di ulteriore limatura. Questa flessibilit\u00e0 riduce significativamente il tempo necessario per l'allungamento delle unghie di un'ora o pi\u00f9. Caratteristiche: Consistenza densa. Non brucia in lampada, grazie alle basse temperature. Ottimo per sostenere l'arcata e non si deforma. Senza acidi. Pigmentazione media, copre il bordo libero. Adatto per l'allungamento con &quot;upper form&quot;. Non brucia in lampada. Diventa pi\u00f9 denso a basse temperature, pi\u00f9 fluido a temperature calde. Tissotropico: si diluisce durante l'applicazione con movimenti del pennello. Pu\u00f2 essere ulteriormente riscaldato per rendere il gel pi\u00f9 fluido. Richiede un sottofondo in gomma LUNAmoon.\"><span class=\"Y2IQFc\" lang=\"it\"> Il materiale \u00e8 altamente malleabile permettendo di modellarlo in qualsiasi forma senza bisogno di ulteriore limatura. Questa flessibilit\u00e0 riduce significativamente il tempo necessario per l&#8217;allungamento delle unghie di un&#8217;ora o pi\u00f9.<\/span><\/p>\n","protected":false},"excerpt":{"rendered":"<p id=\"tw-target-text\" class=\"tw-data-text tw-text-large tw-ta\" dir=\"ltr\" data-placeholder=\"Traduzione\" data-ved=\"2ahUKEwjW6fWv7OGMAxXY_7sIHRmZHQkQ3ewLegQIBBAW\" aria-label=\"Testo tradotto: JELLY GELLY \u00e8 un materiale dalla consistenza densa, gelatinosa e plastica, ideale per scolpire l'unghia, definire gli angoli e creare diverse decorazioni. La sua caratteristica principale \u00e8 la consistenza, che ricorda davvero la gelatina. Il materiale \u00e8 altamente malleabile e plastico, permettendo di modellarlo in qualsiasi forma senza bisogno di ulteriore limatura. Questa flessibilit\u00e0 riduce significativamente il tempo necessario per l'allungamento delle unghie di un'ora o pi\u00f9. Caratteristiche: Consistenza densa. Non brucia in lampada, grazie alle basse temperature. Ottimo per sostenere l'arcata e non si deforma. Senza acidi. Pigmentazione media, copre il bordo libero. Adatto per l'allungamento con &quot;upper form&quot;. Non brucia in lampada. Diventa pi\u00f9 denso a basse temperature, pi\u00f9 fluido a temperature calde. Tissotropico: si diluisce durante l'applicazione con movimenti del pennello. Pu\u00f2 essere ulteriormente riscaldato per rendere il gel pi\u00f9 fluido. Richiede un sottofondo in gomma LUNAmoon.\"><span class=\"Y2IQFc\" lang=\"it\">JELLY GELLY \u00e8 un materiale dalla consistenza densa, gelatinosa,\u00a0 ideale per scolpire l&#8217;unghia, definire gli angoli e creare diverse decorazioni.<\/span><\/p>\n<p class=\"tw-data-text tw-text-large tw-ta\" dir=\"ltr\" data-placeholder=\"Traduzione\" data-ved=\"2ahUKEwjW6fWv7OGMAxXY_7sIHRmZHQkQ3ewLegQIBBAW\" aria-label=\"Testo tradotto: JELLY GELLY \u00e8 un materiale dalla consistenza densa, gelatinosa e plastica, ideale per scolpire l'unghia, definire gli angoli e creare diverse decorazioni. La sua caratteristica principale \u00e8 la consistenza, che ricorda davvero la gelatina. Il materiale \u00e8 altamente malleabile e plastico, permettendo di modellarlo in qualsiasi forma senza bisogno di ulteriore limatura. Questa flessibilit\u00e0 riduce significativamente il tempo necessario per l'allungamento delle unghie di un'ora o pi\u00f9. Caratteristiche: Consistenza densa. Non brucia in lampada, grazie alle basse temperature. Ottimo per sostenere l'arcata e non si deforma. Senza acidi. Pigmentazione media, copre il bordo libero. Adatto per l'allungamento con &quot;upper form&quot;. Non brucia in lampada. Diventa pi\u00f9 denso a basse temperature, pi\u00f9 fluido a temperature calde. Tissotropico: si diluisce durante l'applicazione con movimenti del pennello. Pu\u00f2 essere ulteriormente riscaldato per rendere il gel pi\u00f9 fluido. Richiede un sottofondo in gomma LUNAmoon.\"><span class=\"Y2IQFc\" lang=\"it\"> La sua caratteristica principale \u00e8 la consistenza, che ricorda davvero la gelatina.<\/span><\/p>\n<p class=\"tw-data-text tw-text-large tw-ta\" dir=\"ltr\" data-placeholder=\"Traduzione\" data-ved=\"2ahUKEwjW6fWv7OGMAxXY_7sIHRmZHQkQ3ewLegQIBBAW\" aria-label=\"Testo tradotto: JELLY GELLY \u00e8 un materiale dalla consistenza densa, gelatinosa e plastica, ideale per scolpire l'unghia, definire gli angoli e creare diverse decorazioni. La sua caratteristica principale \u00e8 la consistenza, che ricorda davvero la gelatina. Il materiale \u00e8 altamente malleabile e plastico, permettendo di modellarlo in qualsiasi forma senza bisogno di ulteriore limatura. Questa flessibilit\u00e0 riduce significativamente il tempo necessario per l'allungamento delle unghie di un'ora o pi\u00f9. Caratteristiche: Consistenza densa. Non brucia in lampada, grazie alle basse temperature. Ottimo per sostenere l'arcata e non si deforma. Senza acidi. Pigmentazione media, copre il bordo libero. Adatto per l'allungamento con &quot;upper form&quot;. Non brucia in lampada. Diventa pi\u00f9 denso a basse temperature, pi\u00f9 fluido a temperature calde. Tissotropico: si diluisce durante l'applicazione con movimenti del pennello. Pu\u00f2 essere ulteriormente riscaldato per rendere il gel pi\u00f9 fluido. Richiede un sottofondo in gomma LUNAmoon.\"><span class=\"Y2IQFc\" lang=\"it\"> Il materiale \u00e8 altamente malleabile permettendo di modellarlo in qualsiasi forma senza bisogno di ulteriore limatura. Questa flessibilit\u00e0 riduce significativamente il tempo necessario per l&#8217;allungamento delle unghie di un&#8217;ora o pi\u00f9.<\/span><\/p>\n","protected":false},"featured_media":30207,"comment_status":"closed","ping_status":"open","template":"","meta":[],"product_brand":[],"product_cat":[2618,2488],"product_tag":[2673,228],"class_list":{"0":"post-30206","1":"product","2":"type-product","3":"status-publish","4":"has-post-thumbnail","6":"product_cat-costruttori-luna","7":"product_cat-luna","8":"product_tag-gelatina","9":"product_tag-jelly","11":"first","12":"instock","13":"shipping-taxable","14":"purchasable","15":"product-type-simple"},"_links":{"self":[{"href":"https:\/\/serverdedicato.lovenailsrivenditore.com\/index.php?rest_route=\/wp\/v2\/product\/30206","targetHints":{"allow":["GET"]}}],"collection":[{"href":"https:\/\/serverdedicato.lovenailsrivenditore.com\/index.php?rest_route=\/wp\/v2\/product"}],"about":[{"href":"https:\/\/serverdedicato.lovenailsrivenditore.com\/index.php?rest_route=\/wp\/v2\/types\/product"}],"replies":[{"embeddable":true,"href":"https:\/\/serverdedicato.lovenailsrivenditore.com\/index.php?rest_route=%2Fwp%2Fv2%2Fcomments&post=30206"}],"wp:featuredmedia":[{"embeddable":true,"href":"https:\/\/serverdedicato.lovenailsrivenditore.com\/index.php?rest_route=\/wp\/v2\/media\/30207"}],"wp:attachment":[{"href":"https:\/\/serverdedicato.lovenailsrivenditore.com\/index.php?rest_route=%2Fwp%2Fv2%2Fmedia&parent=30206"}],"wp:term":[{"taxonomy":"product_brand","embeddable":true,"href":"https:\/\/serverdedicato.lovenailsrivenditore.com\/index.php?rest_route=%2Fwp%2Fv2%2Fproduct_brand&post=30206"},{"taxonomy":"product_cat","embeddable":true,"href":"https:\/\/serverdedicato.lovenailsrivenditore.com\/index.php?rest_route=%2Fwp%2Fv2%2Fproduct_cat&post=30206"},{"taxonomy":"product_tag","embeddable":true,"href":"https:\/\/serverdedicato.lovenailsrivenditore.com\/index.php?rest_route=%2Fwp%2Fv2%2Fproduct_tag&post=30206"}],"curies":[{"name":"wp","href":"https:\/\/api.w.org\/{rel}","templated":true}]}}