{"id":30230,"date":"2025-04-19T11:06:21","date_gmt":"2025-04-19T09:06:21","guid":{"rendered":"https:\/\/serverdedicato.lovenailsrivenditore.com\/?product=kodi-nail-fresher-160ml-sgrassante"},"modified":"2026-04-20T10:13:38","modified_gmt":"2026-04-20T08:13:38","slug":"kodi-nail-fresher-160ml-sgrassante","status":"publish","type":"product","link":"https:\/\/serverdedicato.lovenailsrivenditore.com\/?product=kodi-nail-fresher-160ml-sgrassante","title":{"rendered":"KODI &#8211; NAIL FRESHER &#8211; 160ml (Sgrassante)"},"content":{"rendered":"<p>Per realizzare una finitura in gel di alta qualit\u00e0 \u00e8 necessario utilizzare una serie di strumenti, il cui compito \u00e8 preparare al meglio l&#8217;unghia naturale, mantenerla sana e prevenire possibili danni. Il rinfrescante per unghie \u00e8 un prodotto professionale utilizzato nel processo di preparazione delle unghie per lo smalto in gel, nonch\u00e9 per altri tipi di rivestimenti artificiali o modellature. Utilizzato in combinazione con altri prodotti del sistema, garantisce buone propriet\u00e0 adesive e, di conseguenza, una buona resistenza del rivestimento. Il prodotto pulisce e disinfetta la lamina ungueale, rimuovendo l&#8217;eccesso di grasso e umidit\u00e0 dalla superficie.<\/p>\n<p>Agisce solo sugli strati superiori dell&#8217;unghia e non la danneggia.<\/p>\n","protected":false},"excerpt":{"rendered":"<p>Per realizzare una finitura in gel di alta qualit\u00e0 \u00e8 necessario utilizzare una serie di strumenti, il cui compito \u00e8 preparare al meglio l&#8217;unghia naturale, mantenerla sana e prevenire possibili danni. Il rinfrescante per unghie \u00e8 un prodotto professionale utilizzato nel processo di preparazione delle unghie per lo smalto in gel, nonch\u00e9 per altri tipi di rivestimenti artificiali o modellature. Utilizzato in combinazione con altri prodotti del sistema, garantisce buone propriet\u00e0 adesive e, di conseguenza, una buona resistenza del rivestimento. Il prodotto pulisce e disinfetta la lamina ungueale, rimuovendo l&#8217;eccesso di grasso e umidit\u00e0 dalla superficie.<\/p>\n<p>Agisce solo sugli strati superiori dell&#8217;unghia e non la danneggia.<\/p>\n","protected":false},"featured_media":30231,"comment_status":"closed","ping_status":"open","template":"","meta":[],"product_brand":[],"product_cat":[2627,2664,1509],"product_tag":[2674,1017],"class_list":{"0":"post-30230","1":"product","2":"type-product","3":"status-publish","4":"has-post-thumbnail","6":"product_cat-kodi","7":"product_cat-liquidi-e-preparatori-kodi","8":"product_cat-top-brand-professionali-unghie","9":"product_tag-nail-fresher","10":"product_tag-sgrassante","12":"first","13":"instock","14":"shipping-taxable","15":"purchasable","16":"product-type-simple"},"_links":{"self":[{"href":"https:\/\/serverdedicato.lovenailsrivenditore.com\/index.php?rest_route=\/wp\/v2\/product\/30230","targetHints":{"allow":["GET"]}}],"collection":[{"href":"https:\/\/serverdedicato.lovenailsrivenditore.com\/index.php?rest_route=\/wp\/v2\/product"}],"about":[{"href":"https:\/\/serverdedicato.lovenailsrivenditore.com\/index.php?rest_route=\/wp\/v2\/types\/product"}],"replies":[{"embeddable":true,"href":"https:\/\/serverdedicato.lovenailsrivenditore.com\/index.php?rest_route=%2Fwp%2Fv2%2Fcomments&post=30230"}],"wp:featuredmedia":[{"embeddable":true,"href":"https:\/\/serverdedicato.lovenailsrivenditore.com\/index.php?rest_route=\/wp\/v2\/media\/30231"}],"wp:attachment":[{"href":"https:\/\/serverdedicato.lovenailsrivenditore.com\/index.php?rest_route=%2Fwp%2Fv2%2Fmedia&parent=30230"}],"wp:term":[{"taxonomy":"product_brand","embeddable":true,"href":"https:\/\/serverdedicato.lovenailsrivenditore.com\/index.php?rest_route=%2Fwp%2Fv2%2Fproduct_brand&post=30230"},{"taxonomy":"product_cat","embeddable":true,"href":"https:\/\/serverdedicato.lovenailsrivenditore.com\/index.php?rest_route=%2Fwp%2Fv2%2Fproduct_cat&post=30230"},{"taxonomy":"product_tag","embeddable":true,"href":"https:\/\/serverdedicato.lovenailsrivenditore.com\/index.php?rest_route=%2Fwp%2Fv2%2Fproduct_tag&post=30230"}],"curies":[{"name":"wp","href":"https:\/\/api.w.org\/{rel}","templated":true}]}}