{"id":30233,"date":"2025-04-19T11:25:53","date_gmt":"2025-04-19T09:25:53","guid":{"rendered":"https:\/\/serverdedicato.lovenailsrivenditore.com\/?product=kodi-ultra-bond-15ml"},"modified":"2026-04-20T10:13:40","modified_gmt":"2026-04-20T08:13:40","slug":"kodi-ultra-bond-15ml","status":"publish","type":"product","link":"https:\/\/serverdedicato.lovenailsrivenditore.com\/?product=kodi-ultra-bond-15ml","title":{"rendered":"KODI &#8211; ULTRA BOND &#8211; 15ml"},"content":{"rendered":"<p>Ultrabond \u00e8 un primer funzionale privo di acidi, parte integrante del sistema di manicure in gel sviluppato dal famoso marchio internazionale Kodi Professional. Con questo strumento \u00e8 possibile garantire un&#8217;adesione affidabile della base alla superficie dell&#8217;unghia. Ci\u00f2 prolunga notevolmente la durata della manicure, la mantiene impeccabile e riduce al minimo il rischio di desquamazione. Infatti, un primer privo di acidi agisce come una specie di &#8220;nastro biadesivo&#8221;, incollando la base all&#8217;unghia e migliorando la qualit\u00e0 dell&#8217;adesione. Ultrabond \u00e8 sicuro per la lamina ungueale, non altera l&#8217;equilibrio del pH ed \u00e8 caratterizzato da un effetto delicato.<\/p>\n<p>Non contiene acido metacrilico. Un pratico pennellino, una texture ottimale e la consistenza liquida garantiscono un consumo economico e un utilizzo semplice, consentendo di coprire l&#8217;unghia con uno strato dello spessore desiderato in un solo gesto. Adatto ad artigiani di qualsiasi livello di competenza. Si consiglia l&#8217;uso in abbinamento allo sgrassatore Nail Fresher KODI PROFESSIONAL.<\/p>\n<p>Ultrabond si attiva all&#8217;aria aperta entro 20 secondi, lasciando un&#8217;aderenza residua e una leggera lucentezza. Il contatto con la pelle e sotto la cuticola \u00e8 indesiderato, ma non danneggia le unghie, poich\u00e9 pu\u00f2 causare l&#8217;espansione della base in questi punti e una reazione allergica ai singoli componenti di Ultrabond.<\/p>\n","protected":false},"excerpt":{"rendered":"<p>Ultrabond \u00e8 un primer funzionale privo di acidi, parte integrante del sistema di manicure in gel sviluppato dal famoso marchio internazionale Kodi Professional. Con questo strumento \u00e8 possibile garantire un&#8217;adesione affidabile della base alla superficie dell&#8217;unghia. Ci\u00f2 prolunga notevolmente la durata della manicure, la mantiene impeccabile e riduce al minimo il rischio di desquamazione. Infatti, un primer privo di acidi agisce come una specie di &#8220;nastro biadesivo&#8221;, incollando la base all&#8217;unghia e migliorando la qualit\u00e0 dell&#8217;adesione. Ultrabond \u00e8 sicuro per la lamina ungueale, non altera l&#8217;equilibrio del pH ed \u00e8 caratterizzato da un effetto delicato.<\/p>\n<p>Non contiene acido metacrilico. Un pratico pennellino, una texture ottimale e la consistenza liquida garantiscono un consumo economico e un utilizzo semplice, consentendo di coprire l&#8217;unghia con uno strato dello spessore desiderato in un solo gesto. Adatto ad artigiani di qualsiasi livello di competenza. Si consiglia l&#8217;uso in abbinamento allo sgrassatore Nail Fresher KODI PROFESSIONAL.<\/p>\n<p>Ultrabond si attiva all&#8217;aria aperta entro 20 secondi, lasciando un&#8217;aderenza residua e una leggera lucentezza. Il contatto con la pelle e sotto la cuticola \u00e8 indesiderato, ma non danneggia le unghie, poich\u00e9 pu\u00f2 causare l&#8217;espansione della base in questi punti e una reazione allergica ai singoli componenti di Ultrabond.<\/p>\n","protected":false},"featured_media":30234,"comment_status":"closed","ping_status":"open","template":"","meta":[],"product_brand":[],"product_cat":[2627,2664,1509],"product_tag":[694,2091],"class_list":{"0":"post-30233","1":"product","2":"type-product","3":"status-publish","4":"has-post-thumbnail","6":"product_cat-kodi","7":"product_cat-liquidi-e-preparatori-kodi","8":"product_cat-top-brand-professionali-unghie","9":"product_tag-primer-non-acido","10":"product_tag-ultra-bond","12":"first","13":"instock","14":"shipping-taxable","15":"purchasable","16":"product-type-simple"},"_links":{"self":[{"href":"https:\/\/serverdedicato.lovenailsrivenditore.com\/index.php?rest_route=\/wp\/v2\/product\/30233","targetHints":{"allow":["GET"]}}],"collection":[{"href":"https:\/\/serverdedicato.lovenailsrivenditore.com\/index.php?rest_route=\/wp\/v2\/product"}],"about":[{"href":"https:\/\/serverdedicato.lovenailsrivenditore.com\/index.php?rest_route=\/wp\/v2\/types\/product"}],"replies":[{"embeddable":true,"href":"https:\/\/serverdedicato.lovenailsrivenditore.com\/index.php?rest_route=%2Fwp%2Fv2%2Fcomments&post=30233"}],"wp:featuredmedia":[{"embeddable":true,"href":"https:\/\/serverdedicato.lovenailsrivenditore.com\/index.php?rest_route=\/wp\/v2\/media\/30234"}],"wp:attachment":[{"href":"https:\/\/serverdedicato.lovenailsrivenditore.com\/index.php?rest_route=%2Fwp%2Fv2%2Fmedia&parent=30233"}],"wp:term":[{"taxonomy":"product_brand","embeddable":true,"href":"https:\/\/serverdedicato.lovenailsrivenditore.com\/index.php?rest_route=%2Fwp%2Fv2%2Fproduct_brand&post=30233"},{"taxonomy":"product_cat","embeddable":true,"href":"https:\/\/serverdedicato.lovenailsrivenditore.com\/index.php?rest_route=%2Fwp%2Fv2%2Fproduct_cat&post=30233"},{"taxonomy":"product_tag","embeddable":true,"href":"https:\/\/serverdedicato.lovenailsrivenditore.com\/index.php?rest_route=%2Fwp%2Fv2%2Fproduct_tag&post=30233"}],"curies":[{"name":"wp","href":"https:\/\/api.w.org\/{rel}","templated":true}]}}