{"id":30242,"date":"2025-04-21T14:04:27","date_gmt":"2025-04-21T12:04:27","guid":{"rendered":"https:\/\/serverdedicato.lovenailsrivenditore.com\/?product=kodi-rubber-base-gel-15ml"},"modified":"2026-04-20T10:13:44","modified_gmt":"2026-04-20T08:13:44","slug":"kodi-rubber-base-gel-15ml","status":"publish","type":"product","link":"https:\/\/serverdedicato.lovenailsrivenditore.com\/?product=kodi-rubber-base-gel-15ml","title":{"rendered":"KODI &#8211; RUBBER BASE GEL &#8211; 15ml"},"content":{"rendered":"<p>Rubber Base Gel \u00e8 il best-seller assoluto del marchio Kodi Professional.<\/p>\n<p>Questa base professionale garantisce un&#8217;elevata tenuta del rivestimento. Grazie alla speciale struttura plastica del Rubber Base Gel: garantisce un&#8217;adesione affidabile dello smalto gel alla lamina ungueale, uniforma la superficie dell&#8217;unghia, previene scheggiature e desquamazioni dello smalto in gel, consente di aumentare notevolmente la durata del suo utilizzo.\u00a0 La consistenza mediamente densa ed elastica si applica facilmente con un pennello senza colare, \u00e8 economica da usare ed \u00e8 particolarmente adatta per unghie fragili, sottili e problematiche con irregolarit\u00e0 evidenti.<\/p>\n<p>Rubber Base Gel \u00e8 ora disponibile nel pratico formato da 15 ml per uso professionale, garantendo una qualit\u00e0 costantemente elevata in un design nuovo e studiato nei minimi dettagli. Consigli per l&#8217;applicazione: applicare uno strato sottile.<\/p>\n<p>Tempo di polimerizzazione: lampada UV 36W &#8211; 2 minuti; LED \u2014 30 secondi<\/p>\n<p>. Durata di conservazione dopo l&#8217;apertura: 12 mesi.<\/p>\n","protected":false},"excerpt":{"rendered":"<p>Rubber Base Gel \u00e8 il best-seller assoluto del marchio Kodi Professional.<\/p>\n<p>Questa base professionale garantisce un&#8217;elevata tenuta del rivestimento. Grazie alla speciale struttura plastica del Rubber Base Gel: garantisce un&#8217;adesione affidabile dello smalto gel alla lamina ungueale, uniforma la superficie dell&#8217;unghia, previene scheggiature e desquamazioni dello smalto in gel, consente di aumentare notevolmente la durata del suo utilizzo.\u00a0 La consistenza mediamente densa ed elastica si applica facilmente con un pennello senza colare, \u00e8 economica da usare ed \u00e8 particolarmente adatta per unghie fragili, sottili e problematiche con irregolarit\u00e0 evidenti.<\/p>\n","protected":false},"featured_media":30243,"comment_status":"closed","ping_status":"open","template":"","meta":[],"product_brand":[],"product_cat":[2675,2627,1509],"product_tag":[2676,2677,1528],"class_list":{"0":"post-30242","1":"product","2":"type-product","3":"status-publish","4":"has-post-thumbnail","6":"product_cat-base-kodi","7":"product_cat-kodi","8":"product_cat-top-brand-professionali-unghie","9":"product_tag-bae","10":"product_tag-base-kodi","11":"product_tag-base-rubber","13":"first","14":"instock","15":"shipping-taxable","16":"purchasable","17":"product-type-simple"},"_links":{"self":[{"href":"https:\/\/serverdedicato.lovenailsrivenditore.com\/index.php?rest_route=\/wp\/v2\/product\/30242","targetHints":{"allow":["GET"]}}],"collection":[{"href":"https:\/\/serverdedicato.lovenailsrivenditore.com\/index.php?rest_route=\/wp\/v2\/product"}],"about":[{"href":"https:\/\/serverdedicato.lovenailsrivenditore.com\/index.php?rest_route=\/wp\/v2\/types\/product"}],"replies":[{"embeddable":true,"href":"https:\/\/serverdedicato.lovenailsrivenditore.com\/index.php?rest_route=%2Fwp%2Fv2%2Fcomments&post=30242"}],"wp:featuredmedia":[{"embeddable":true,"href":"https:\/\/serverdedicato.lovenailsrivenditore.com\/index.php?rest_route=\/wp\/v2\/media\/30243"}],"wp:attachment":[{"href":"https:\/\/serverdedicato.lovenailsrivenditore.com\/index.php?rest_route=%2Fwp%2Fv2%2Fmedia&parent=30242"}],"wp:term":[{"taxonomy":"product_brand","embeddable":true,"href":"https:\/\/serverdedicato.lovenailsrivenditore.com\/index.php?rest_route=%2Fwp%2Fv2%2Fproduct_brand&post=30242"},{"taxonomy":"product_cat","embeddable":true,"href":"https:\/\/serverdedicato.lovenailsrivenditore.com\/index.php?rest_route=%2Fwp%2Fv2%2Fproduct_cat&post=30242"},{"taxonomy":"product_tag","embeddable":true,"href":"https:\/\/serverdedicato.lovenailsrivenditore.com\/index.php?rest_route=%2Fwp%2Fv2%2Fproduct_tag&post=30242"}],"curies":[{"name":"wp","href":"https:\/\/api.w.org\/{rel}","templated":true}]}}