{"id":30270,"date":"2025-04-23T14:10:55","date_gmt":"2025-04-23T12:10:55","guid":{"rendered":"https:\/\/serverdedicato.lovenailsrivenditore.com\/?product=kodi-modeling-gel-shine-n-01-13ml"},"modified":"2026-04-20T10:15:14","modified_gmt":"2026-04-20T08:15:14","slug":"kodi-modeling-gel-shine-n-01-13ml","status":"publish","type":"product","link":"https:\/\/serverdedicato.lovenailsrivenditore.com\/?product=kodi-modeling-gel-shine-n-01-13ml","title":{"rendered":"KODI &#8211; MODELING GEL SHINE n.01 &#8211; 13ml"},"content":{"rendered":"<p>Il gel modellante effetto shine del famoso marchio internazionale Kodi Professional \u00e8 una nuova collezione di gel modellanti.<\/p>\n<p>Unisce la qualit\u00e0 costantemente elevata alla brillantezza dei glitter.<\/p>\n<p>La tonalit\u00e0 #01 \u00e8 un&#8217;elegante tonalit\u00e0 lattiginosa con un tocco di sottile e brillante brillantezza argentata.<\/p>\n<p>Il gel ha una consistenza media e un&#8217;elevata tissotropia, il che rende l&#8217;applicazione uniforme e senza problemi. Il materiale \u00e8 ideale per lavori senza limatura.<\/p>\n<p>Polimerizzazione: 90-120 secondi in lampada LED o 2 minuti in lampada UV.<\/p>\n","protected":false},"excerpt":{"rendered":"<p>Unisce la qualit\u00e0 costantemente elevata alla brillantezza dei glitter.<\/p>\n<p>La tonalit\u00e0 #01 \u00e8 un&#8217;elegante tonalit\u00e0 lattiginosa con un tocco di sottile e brillante brillantezza argentata.<\/p>\n<p>Il gel ha una consistenza media e un&#8217;elevata tissotropia, il che rende l&#8217;applicazione uniforme e senza problemi. Il materiale \u00e8 ideale per lavori senza limatura.<\/p>\n<p>Polimerizzazione: 90-120 secondi in lampada LED o 2 minuti in lampada UV<\/p>\n","protected":false},"featured_media":30271,"comment_status":"closed","ping_status":"open","template":"","meta":[],"product_brand":[],"product_cat":[2662,2627,1509],"product_tag":[1610,2679],"class_list":{"0":"post-30270","1":"product","2":"type-product","3":"status-publish","4":"has-post-thumbnail","6":"product_cat-costruttori-kodi","7":"product_cat-kodi","8":"product_cat-top-brand-professionali-unghie","9":"product_tag-builder","10":"product_tag-builder-shine","12":"first","13":"instock","14":"shipping-taxable","15":"purchasable","16":"product-type-simple"},"_links":{"self":[{"href":"https:\/\/serverdedicato.lovenailsrivenditore.com\/index.php?rest_route=\/wp\/v2\/product\/30270","targetHints":{"allow":["GET"]}}],"collection":[{"href":"https:\/\/serverdedicato.lovenailsrivenditore.com\/index.php?rest_route=\/wp\/v2\/product"}],"about":[{"href":"https:\/\/serverdedicato.lovenailsrivenditore.com\/index.php?rest_route=\/wp\/v2\/types\/product"}],"replies":[{"embeddable":true,"href":"https:\/\/serverdedicato.lovenailsrivenditore.com\/index.php?rest_route=%2Fwp%2Fv2%2Fcomments&post=30270"}],"wp:featuredmedia":[{"embeddable":true,"href":"https:\/\/serverdedicato.lovenailsrivenditore.com\/index.php?rest_route=\/wp\/v2\/media\/30271"}],"wp:attachment":[{"href":"https:\/\/serverdedicato.lovenailsrivenditore.com\/index.php?rest_route=%2Fwp%2Fv2%2Fmedia&parent=30270"}],"wp:term":[{"taxonomy":"product_brand","embeddable":true,"href":"https:\/\/serverdedicato.lovenailsrivenditore.com\/index.php?rest_route=%2Fwp%2Fv2%2Fproduct_brand&post=30270"},{"taxonomy":"product_cat","embeddable":true,"href":"https:\/\/serverdedicato.lovenailsrivenditore.com\/index.php?rest_route=%2Fwp%2Fv2%2Fproduct_cat&post=30270"},{"taxonomy":"product_tag","embeddable":true,"href":"https:\/\/serverdedicato.lovenailsrivenditore.com\/index.php?rest_route=%2Fwp%2Fv2%2Fproduct_tag&post=30270"}],"curies":[{"name":"wp","href":"https:\/\/api.w.org\/{rel}","templated":true}]}}