{"id":30388,"date":"2025-05-10T10:46:57","date_gmt":"2025-05-10T08:46:57","guid":{"rendered":"https:\/\/serverdedicato.lovenailsrivenditore.com\/?product=kodi-modeling-gel-shine-n-03-13ml"},"modified":"2026-04-20T10:16:51","modified_gmt":"2026-04-20T08:16:51","slug":"kodi-modeling-gel-shine-n-03-13ml","status":"publish","type":"product","link":"https:\/\/serverdedicato.lovenailsrivenditore.com\/?product=kodi-modeling-gel-shine-n-03-13ml","title":{"rendered":"KODI &#8211; MODELING GEL SHINE n.03 &#8211; 13ml"},"content":{"rendered":"<p>Il gel modellante effetto shine del famoso marchio internazionale Kodi Professional \u00e8 una nuova collezione di gel modellanti.<\/p>\n<p>Unisce la qualit\u00e0 costantemente elevata alla brillantezza dei glitter.<\/p>\n<p>La tonalit\u00e0 #03 \u00e8 il colore avorio pi\u00f9 delicato, con sottili riflessi argentati iridescenti<\/p>\n<p>Il gel ha una consistenza media e un&#8217;elevata tissotropia, il che rende l&#8217;applicazione uniforme e senza problemi. Il materiale \u00e8 ideale per lavori senza limatura.<\/p>\n<p>Polimerizzazione: 90-120 secondi in lampada LED o 2 minuti in lampada UV.<\/p>\n","protected":false},"excerpt":{"rendered":"<p>Unisce la qualit\u00e0 costantemente elevata alla brillantezza dei glitter.<\/p>\n<p>La tonalit\u00e0 #03 \u00e8 il colore avorio pi\u00f9 delicato, con sottili riflessi argentati iridescenti<\/p>\n<p>Il gel ha una consistenza media e un&#8217;elevata tissotropia, il che rende l&#8217;applicazione uniforme e senza problemi. Il materiale \u00e8 ideale per lavori senza limatura.<\/p>\n<p>Polimerizzazione: 90-120 secondi in lampada LED o 2 minuti in lampada UV<\/p>\n","protected":false},"featured_media":30389,"comment_status":"closed","ping_status":"open","template":"","meta":[],"product_brand":[],"product_cat":[2662,2627,1509],"product_tag":[1610,2679],"class_list":{"0":"post-30388","1":"product","2":"type-product","3":"status-publish","4":"has-post-thumbnail","6":"product_cat-costruttori-kodi","7":"product_cat-kodi","8":"product_cat-top-brand-professionali-unghie","9":"product_tag-builder","10":"product_tag-builder-shine","12":"first","13":"instock","14":"shipping-taxable","15":"purchasable","16":"product-type-simple"},"_links":{"self":[{"href":"https:\/\/serverdedicato.lovenailsrivenditore.com\/index.php?rest_route=\/wp\/v2\/product\/30388","targetHints":{"allow":["GET"]}}],"collection":[{"href":"https:\/\/serverdedicato.lovenailsrivenditore.com\/index.php?rest_route=\/wp\/v2\/product"}],"about":[{"href":"https:\/\/serverdedicato.lovenailsrivenditore.com\/index.php?rest_route=\/wp\/v2\/types\/product"}],"replies":[{"embeddable":true,"href":"https:\/\/serverdedicato.lovenailsrivenditore.com\/index.php?rest_route=%2Fwp%2Fv2%2Fcomments&post=30388"}],"wp:featuredmedia":[{"embeddable":true,"href":"https:\/\/serverdedicato.lovenailsrivenditore.com\/index.php?rest_route=\/wp\/v2\/media\/30389"}],"wp:attachment":[{"href":"https:\/\/serverdedicato.lovenailsrivenditore.com\/index.php?rest_route=%2Fwp%2Fv2%2Fmedia&parent=30388"}],"wp:term":[{"taxonomy":"product_brand","embeddable":true,"href":"https:\/\/serverdedicato.lovenailsrivenditore.com\/index.php?rest_route=%2Fwp%2Fv2%2Fproduct_brand&post=30388"},{"taxonomy":"product_cat","embeddable":true,"href":"https:\/\/serverdedicato.lovenailsrivenditore.com\/index.php?rest_route=%2Fwp%2Fv2%2Fproduct_cat&post=30388"},{"taxonomy":"product_tag","embeddable":true,"href":"https:\/\/serverdedicato.lovenailsrivenditore.com\/index.php?rest_route=%2Fwp%2Fv2%2Fproduct_tag&post=30388"}],"curies":[{"name":"wp","href":"https:\/\/api.w.org\/{rel}","templated":true}]}}