{"id":30610,"date":"2025-05-13T13:10:02","date_gmt":"2025-05-13T11:10:02","guid":{"rendered":"https:\/\/serverdedicato.lovenailsrivenditore.com\/?product=paese-lipgloss-glowerous-03-sparkle-limited-edition"},"modified":"2026-04-20T10:19:33","modified_gmt":"2026-04-20T08:19:33","slug":"paese-lipgloss-glowerous-03-sparkle-limited-edition","status":"publish","type":"product","link":"https:\/\/serverdedicato.lovenailsrivenditore.com\/?product=paese-lipgloss-glowerous-03-sparkle-limited-edition","title":{"rendered":"PAESE &#8211; LIPGLOSS GLOWEROUS &#8211; 03 SPARKLE (Limited Edition)"},"content":{"rendered":"<p>La formula unica arricchita con\u00a0<strong>olio di semi di lampone\u00a0<\/strong>\u00e8 pi\u00f9 di un semplice cosmetico &#8211; \u00e8 un trattamento intensivo che nutre e idrata le tue labbra, rendendole straordinariamente morbide ed elastiche. Grazie alla composizione speciale dell&#8217;olio di semi di lampone<strong>, le tue labbra appariranno non solo radiose ma soprattutto sane!<\/strong><strong>\u00a0<\/strong><\/p>\n<p>Il lucidalabbra Paese Glowerous non solo cura, ma dona anche un&#8217;intensa brillantezza che ingrandisce otticamente le labbra, aggiungendo un fascino unico. Da ora puoi goderti labbra piene e succose che incanteranno chiunque!<\/p>\n<p>L&#8217;applicatore \u00e8 stato progettato per garantire\u00a0<strong>un&#8217;applicazione facile e precisa,<\/strong>\u00a0rendendo l&#8217;applicazione non solo efficace ma anche piacevole e confortevole. Con esso, puoi ottenere rapidamente e facilmente l&#8217;effetto desiderato,<strong>\u00a0senza necessit\u00e0 di applicazioni multiple.<\/strong><strong>\u00a0<\/strong><\/p>\n<h2>I vantaggi del lucidalabbra Paese Glowerous?<\/h2>\n<ul>\n<li><strong>Idratazione eccezionale\u00a0<\/strong><\/li>\n<li><strong>Nutrimento eccellente\u00a0<\/strong><\/li>\n<li><strong>Cura delle tue labbra\u00a0<\/strong><\/li>\n<li><strong>Effetto glow naturale\u00a0<\/strong><\/li>\n<li><strong>Esalta il bellissimo colore delle tue labbra\u00a0<\/strong><\/li>\n<li><strong>Effetto ingrandente ottico\u00a0<\/strong><\/li>\n<\/ul>\n<p>Ora puoi goderti labbra belle e sane ogni giorno, grazie al lucidalabbra affidabile arricchito con olio di semi di lampone. Scopri il segreto della bellezza naturale e prenditi cura delle tue labbra in modo elegante ed efficace!<\/p>\n","protected":false},"excerpt":{"rendered":"<p>La formula unica arricchita con\u00a0<strong>olio di semi di lampone\u00a0<\/strong>\u00e8 pi\u00f9 di un semplice cosmetico &#8211; \u00e8 un trattamento intensivo che nutre e idrata le tue labbra, rendendole straordinariamente morbide ed elastiche. Grazie alla composizione speciale dell&#8217;olio di semi di lampone<strong>, le tue labbra appariranno non solo radiose ma soprattutto sane!<\/strong><strong>\u00a0<\/strong><\/p>\n<p>Il lucidalabbra Paese Glowerous non solo cura, ma dona anche un&#8217;intensa brillantezza che ingrandisce otticamente le labbra, aggiungendo un fascino unico. Da ora puoi goderti labbra piene e succose che incanteranno chiunque!<\/p>\n<p>L&#8217;applicatore \u00e8 stato progettato per garantire\u00a0<strong>un&#8217;applicazione facile e precisa,<\/strong>\u00a0rendendo l&#8217;applicazione non solo efficace ma anche piacevole e confortevole. Con esso, puoi ottenere rapidamente e facilmente l&#8217;effetto desiderato,<strong>\u00a0senza necessit\u00e0 di applicazioni multiple.<\/strong><strong>\u00a0<\/strong><\/p>\n<h2>I vantaggi del lucidalabbra Paese Glowerous?<\/h2>\n<ul>\n<li><strong>Idratazione eccezionale\u00a0<\/strong><\/li>\n<li><strong>Nutrimento eccellente\u00a0<\/strong><\/li>\n<li><strong>Cura delle tue labbra\u00a0<\/strong><\/li>\n<li><strong>Effetto glow naturale\u00a0<\/strong><\/li>\n<li><strong>Esalta il bellissimo colore delle tue labbra\u00a0<\/strong><\/li>\n<li><strong>Effetto ingrandente ottico\u00a0<\/strong><\/li>\n<\/ul>\n","protected":false},"featured_media":30611,"comment_status":"closed","ping_status":"open","template":"","meta":[],"product_brand":[],"product_cat":[2696,1856,2695],"product_tag":[1853,1890],"class_list":{"0":"post-30610","1":"product","2":"type-product","3":"status-publish","4":"has-post-thumbnail","6":"product_cat-labbra-paese","7":"product_cat-make-up","8":"product_cat-paese","9":"product_tag-lipgloss","10":"product_tag-lucidalabbra","12":"first","13":"instock","14":"shipping-taxable","15":"purchasable","16":"product-type-simple"},"_links":{"self":[{"href":"https:\/\/serverdedicato.lovenailsrivenditore.com\/index.php?rest_route=\/wp\/v2\/product\/30610","targetHints":{"allow":["GET"]}}],"collection":[{"href":"https:\/\/serverdedicato.lovenailsrivenditore.com\/index.php?rest_route=\/wp\/v2\/product"}],"about":[{"href":"https:\/\/serverdedicato.lovenailsrivenditore.com\/index.php?rest_route=\/wp\/v2\/types\/product"}],"replies":[{"embeddable":true,"href":"https:\/\/serverdedicato.lovenailsrivenditore.com\/index.php?rest_route=%2Fwp%2Fv2%2Fcomments&post=30610"}],"wp:featuredmedia":[{"embeddable":true,"href":"https:\/\/serverdedicato.lovenailsrivenditore.com\/index.php?rest_route=\/wp\/v2\/media\/30611"}],"wp:attachment":[{"href":"https:\/\/serverdedicato.lovenailsrivenditore.com\/index.php?rest_route=%2Fwp%2Fv2%2Fmedia&parent=30610"}],"wp:term":[{"taxonomy":"product_brand","embeddable":true,"href":"https:\/\/serverdedicato.lovenailsrivenditore.com\/index.php?rest_route=%2Fwp%2Fv2%2Fproduct_brand&post=30610"},{"taxonomy":"product_cat","embeddable":true,"href":"https:\/\/serverdedicato.lovenailsrivenditore.com\/index.php?rest_route=%2Fwp%2Fv2%2Fproduct_cat&post=30610"},{"taxonomy":"product_tag","embeddable":true,"href":"https:\/\/serverdedicato.lovenailsrivenditore.com\/index.php?rest_route=%2Fwp%2Fv2%2Fproduct_tag&post=30610"}],"curies":[{"name":"wp","href":"https:\/\/api.w.org\/{rel}","templated":true}]}}