{"id":30629,"date":"2025-05-13T13:43:54","date_gmt":"2025-05-13T11:43:54","guid":{"rendered":"https:\/\/serverdedicato.lovenailsrivenditore.com\/?product=paese-eyeliner-waterproof-02-brown"},"modified":"2026-04-20T10:19:44","modified_gmt":"2026-04-20T08:19:44","slug":"paese-eyeliner-waterproof-02-brown","status":"publish","type":"product","link":"https:\/\/serverdedicato.lovenailsrivenditore.com\/?product=paese-eyeliner-waterproof-02-brown","title":{"rendered":"PAESE &#8211; EYELINER Waterproof- 02 BROWN"},"content":{"rendered":"<div>Eyegasm &#8211; eyeliner liquido con balsamo metter\u00e0 in risalto i tuoi occhi con un colore intenso e una finitura brillante. Grazie alla sua formula fluida, il cosmetico \u00e8 facile da stendere e il pennello sagomato ti aiuter\u00e0 ad applicare l&#8217;eyeliner con precisione sulla pelle.<\/div>\n<div><\/div>\n<div>L&#8217;elevata saturazione dei pigmenti offre un colore intenso e una finitura eccezionalmente duratura. Disponibile nei colori nero intenso e marrone freddo. La formula innovativa offre un&#8217;elevata resistenza all&#8217;acqua, alle sbavature e all&#8217;abrasione. Il prodotto \u00e8 facile da applicare e si asciuga rapidamente, e grazie all&#8217;applicatore di precisione, consente di tracciare una linea precisa.<\/div>\n<div><\/div>\n<div><span class=\"jCAhz ChMk0b\"><span class=\"ryNqvb\">Widealash\u2122: un ingrediente che contiene biotina e d-pantenolo rende le ciglia pi\u00f9 lunghe, pi\u00f9 folte e pi\u00f9 forti, ne favorisce la crescita, rendendole pi\u00f9 lunghe, pi\u00f9 spesse e pi\u00f9 forti.<\/span><\/span><span class=\"jCAhz ChMk0b\"><span class=\"ryNqvb\"> Estratto di radice di basilico: si prende cura della salute e della densit\u00e0 delle ciglia, ne previene la caduta, le infoltisce e ne stimola la crescita.<\/span><\/span><span class=\"jCAhz ChMk0b\"><span class=\"ryNqvb\"> Puoi usare l&#8217;eyeliner sia per il trucco quotidiano naturale che per creare look pi\u00f9 audaci ed espressivi.<\/span><\/span> <span class=\"jCAhz ChMk0b\"><span class=\"ryNqvb\">Puoi facilmente creare un trucco occhi grafico e perfetto.<\/span><\/span> <span class=\"jCAhz ChMk0b\"><span class=\"ryNqvb\">Lascia che solo la tua immaginazione ti ponga limiti!<\/span><\/span><span class=\"jCAhz ChMk0b\"><span class=\"ryNqvb\"> Usalo insieme al mascara Eyegasm per ottenere i migliori risultati di cura i tuoi occhi.<\/span><\/span><\/div>\n<div>\n<p>Applicazione precisa in una sola passata Eyeliner + balsamo 2 in 1 Effetto a lunga durata e anti-sbavature Formula vegana<\/p>\n<\/div>\n<div><\/div>\n","protected":false},"excerpt":{"rendered":"<div>Eyegasm &#8211; eyeliner liquido con balsamo metter\u00e0 in risalto i tuoi occhi con un colore intenso e una finitura brillante. Grazie alla sua formula fluida, il cosmetico \u00e8 facile da stendere e il pennello sagomato ti aiuter\u00e0 ad applicare l&#8217;eyeliner con precisione sulla pelle.<\/div>\n<div><\/div>\n<div>L&#8217;elevata saturazione dei pigmenti offre un colore intenso e una finitura eccezionalmente duratura. Disponibile nei colori nero intenso e marrone freddo. La formula innovativa offre un&#8217;elevata resistenza all&#8217;acqua, alle sbavature e all&#8217;abrasione. Il prodotto \u00e8 facile da applicare e si asciuga rapidamente, e grazie all&#8217;applicatore di precisione, consente di tracciare una linea precisa.<\/div>\n<div><\/div>\n<div>La formula vegana \u00e8 stata arricchita con due ingredienti attivi chiave: Widealash ed estratto di radice di basilico, che stimolano la crescita delle ciglia e ne migliorano la condizione, rendendole pi\u00f9 lunghe, folte e forti.<\/div>\n<div><\/div>\n<div>Applicazione precisa in una sola passata Eyeliner + balsamo 2 in 1 Effetto a lunga durata e anti-sbavature Formula vegana<\/div>\n","protected":false},"featured_media":30630,"comment_status":"closed","ping_status":"open","template":"","meta":[],"product_brand":[],"product_cat":[1856,2701,2695],"product_tag":[2323,2428],"class_list":{"0":"post-30629","1":"product","2":"type-product","3":"status-publish","4":"has-post-thumbnail","6":"product_cat-make-up","7":"product_cat-occhi-paese","8":"product_cat-paese","9":"product_tag-eyeliner","10":"product_tag-eyeliner-black","12":"first","13":"instock","14":"shipping-taxable","15":"purchasable","16":"product-type-simple"},"_links":{"self":[{"href":"https:\/\/serverdedicato.lovenailsrivenditore.com\/index.php?rest_route=\/wp\/v2\/product\/30629","targetHints":{"allow":["GET"]}}],"collection":[{"href":"https:\/\/serverdedicato.lovenailsrivenditore.com\/index.php?rest_route=\/wp\/v2\/product"}],"about":[{"href":"https:\/\/serverdedicato.lovenailsrivenditore.com\/index.php?rest_route=\/wp\/v2\/types\/product"}],"replies":[{"embeddable":true,"href":"https:\/\/serverdedicato.lovenailsrivenditore.com\/index.php?rest_route=%2Fwp%2Fv2%2Fcomments&post=30629"}],"wp:featuredmedia":[{"embeddable":true,"href":"https:\/\/serverdedicato.lovenailsrivenditore.com\/index.php?rest_route=\/wp\/v2\/media\/30630"}],"wp:attachment":[{"href":"https:\/\/serverdedicato.lovenailsrivenditore.com\/index.php?rest_route=%2Fwp%2Fv2%2Fmedia&parent=30629"}],"wp:term":[{"taxonomy":"product_brand","embeddable":true,"href":"https:\/\/serverdedicato.lovenailsrivenditore.com\/index.php?rest_route=%2Fwp%2Fv2%2Fproduct_brand&post=30629"},{"taxonomy":"product_cat","embeddable":true,"href":"https:\/\/serverdedicato.lovenailsrivenditore.com\/index.php?rest_route=%2Fwp%2Fv2%2Fproduct_cat&post=30629"},{"taxonomy":"product_tag","embeddable":true,"href":"https:\/\/serverdedicato.lovenailsrivenditore.com\/index.php?rest_route=%2Fwp%2Fv2%2Fproduct_tag&post=30629"}],"curies":[{"name":"wp","href":"https:\/\/api.w.org\/{rel}","templated":true}]}}