{"id":30809,"date":"2025-05-16T14:12:50","date_gmt":"2025-05-16T12:12:50","guid":{"rendered":"https:\/\/serverdedicato.lovenailsrivenditore.com\/?product=paese-mascara-eyegasm-brown"},"modified":"2026-04-20T10:21:40","modified_gmt":"2026-04-20T08:21:40","slug":"paese-mascara-eyegasm-brown","status":"publish","type":"product","link":"https:\/\/serverdedicato.lovenailsrivenditore.com\/?product=paese-mascara-eyegasm-brown","title":{"rendered":"PAESE &#8211; MASCARA EYEGASM BROWN"},"content":{"rendered":"<p>Scopri un mascara che unisce la perfezione del trucco a un comfort ineguagliabile. Il suo scovolino preciso \u00e8 stato progettato per soddisfare le aspettative pi\u00f9 elevate: separa con precisione le ciglia, raggiunge anche i peli pi\u00f9 corti e le ricopre uniformemente con una tonalit\u00e0 marrone intenso. La formula del mascara dona il massimo volume, allunga e incurva visibilmente le ciglia, enfatizzando lo sguardo con un effetto lifting. Il prodotto \u00e8 leggero e non appesantisce le ciglia, offrendo comfort per tutto il giorno. Inoltre, non si sfalda n\u00e9 crea grumi, cos\u00ec il trucco rimane impeccabile da mattina a sera. L&#8217;effetto finale delizia e soddisfa anche le aspettative delle utenti pi\u00f9 esigenti. Un mascara che vale la pena consigliare: per ciglia piene di volume, lunghezza e naturale enfasi.<\/p>\n","protected":false},"excerpt":{"rendered":"<p>Scopri un mascara che unisce la perfezione del trucco a un comfort ineguagliabile. Il suo scovolino preciso \u00e8 stato progettato per soddisfare le aspettative pi\u00f9 elevate: separa con precisione le ciglia, raggiunge anche i peli pi\u00f9 corti e le ricopre uniformemente con una tonalit\u00e0 marrone intenso. La formula del mascara dona il massimo volume, allunga e incurva visibilmente le ciglia, enfatizzando lo sguardo con un effetto lifting. Il prodotto \u00e8 leggero e non appesantisce le ciglia, offrendo comfort per tutto il giorno. Inoltre, non si sfalda n\u00e9 crea grumi, cos\u00ec il trucco rimane impeccabile da mattina a sera. L&#8217;effetto finale delizia e soddisfa anche le aspettative delle utenti pi\u00f9 esigenti. Un mascara che vale la pena consigliare: per ciglia piene di volume, lunghezza e naturale enfasi.<\/p>\n","protected":false},"featured_media":30810,"comment_status":"closed","ping_status":"open","template":"","meta":[],"product_brand":[],"product_cat":[1856,2701,2695],"product_tag":[2700,1867,2644],"class_list":{"0":"post-30809","1":"product","2":"type-product","3":"status-publish","4":"has-post-thumbnail","6":"product_cat-make-up","7":"product_cat-occhi-paese","8":"product_cat-paese","9":"product_tag-eyegasm","10":"product_tag-mascara","11":"product_tag-mascara-brown","13":"first","14":"instock","15":"shipping-taxable","16":"purchasable","17":"product-type-simple"},"_links":{"self":[{"href":"https:\/\/serverdedicato.lovenailsrivenditore.com\/index.php?rest_route=\/wp\/v2\/product\/30809","targetHints":{"allow":["GET"]}}],"collection":[{"href":"https:\/\/serverdedicato.lovenailsrivenditore.com\/index.php?rest_route=\/wp\/v2\/product"}],"about":[{"href":"https:\/\/serverdedicato.lovenailsrivenditore.com\/index.php?rest_route=\/wp\/v2\/types\/product"}],"replies":[{"embeddable":true,"href":"https:\/\/serverdedicato.lovenailsrivenditore.com\/index.php?rest_route=%2Fwp%2Fv2%2Fcomments&post=30809"}],"wp:featuredmedia":[{"embeddable":true,"href":"https:\/\/serverdedicato.lovenailsrivenditore.com\/index.php?rest_route=\/wp\/v2\/media\/30810"}],"wp:attachment":[{"href":"https:\/\/serverdedicato.lovenailsrivenditore.com\/index.php?rest_route=%2Fwp%2Fv2%2Fmedia&parent=30809"}],"wp:term":[{"taxonomy":"product_brand","embeddable":true,"href":"https:\/\/serverdedicato.lovenailsrivenditore.com\/index.php?rest_route=%2Fwp%2Fv2%2Fproduct_brand&post=30809"},{"taxonomy":"product_cat","embeddable":true,"href":"https:\/\/serverdedicato.lovenailsrivenditore.com\/index.php?rest_route=%2Fwp%2Fv2%2Fproduct_cat&post=30809"},{"taxonomy":"product_tag","embeddable":true,"href":"https:\/\/serverdedicato.lovenailsrivenditore.com\/index.php?rest_route=%2Fwp%2Fv2%2Fproduct_tag&post=30809"}],"curies":[{"name":"wp","href":"https:\/\/api.w.org\/{rel}","templated":true}]}}