{"id":31003,"date":"2025-05-24T12:33:44","date_gmt":"2025-05-24T10:33:44","guid":{"rendered":"https:\/\/serverdedicato.lovenailsrivenditore.com\/?product=paese-palette-get-the-glow-look-multi-function-face"},"modified":"2026-04-20T10:24:11","modified_gmt":"2026-04-20T08:24:11","slug":"paese-palette-get-the-glow-look-multi-function-face","status":"publish","type":"product","link":"https:\/\/serverdedicato.lovenailsrivenditore.com\/?product=paese-palette-get-the-glow-look-multi-function-face","title":{"rendered":"PAESE &#8211; PALETTE GET THE GLOW LOOK &#8211; MULTI-FUNCTION FACE"},"content":{"rendered":"<h3 data-start=\"148\" data-end=\"201\">Paese Cosmetics \u2013 Palette <em data-start=\"178\" data-end=\"197\">Get the Glow Look<\/em><\/h3>\n<p data-start=\"202\" data-end=\"256\"><strong data-start=\"202\" data-end=\"256\">Illumina il tuo viso. Risplendi in ogni occasione.<\/strong><\/p>\n<p data-start=\"258\" data-end=\"543\">La palette <strong data-start=\"269\" data-end=\"290\">Get the Glow Look<\/strong> di <em data-start=\"294\" data-end=\"311\">Paese Cosmetics<\/em> \u00e8 la chiave per una luminosit\u00e0 naturale e sofisticata. Un mix perfetto di tonalit\u00e0 calde e brillanti che regalano luce, freschezza e definizione al volto. Ideale per creare look radiosi in pochi gesti, adatta a tutte le carnagioni.<\/p>\n<p data-start=\"545\" data-end=\"1083\">  <strong data-start=\"548\" data-end=\"581\">Illuminanti e blush versatili<\/strong> \u2013 Polveri ultra sottili che si fondono perfettamente con la pelle, donando un effetto \u201cglow\u201d immediato, senza esagerare.<br data-start=\"702\" data-end=\"705\" \/>  <strong data-start=\"708\" data-end=\"739\">Texture setosa e modulabile<\/strong> \u2013 Facile da sfumare, perfetta sia per un bagliore leggero da giorno che per un finish intenso da sera.<br data-start=\"842\" data-end=\"845\" \/>  <strong data-start=\"848\" data-end=\"878\">Finish luminoso e naturale<\/strong> \u2013 Niente glitter eccessivi: solo luce pura per scolpire e valorizzare i tratti del viso.<br data-start=\"967\" data-end=\"970\" \/>  <strong data-start=\"973\" data-end=\"996\">Elegante e compatta<\/strong> \u2013 Perfetta da portare sempre con te, con uno specchietto pratico per ritocchi ovunque.<\/p>\n<p data-start=\"1090\" data-end=\"1311\"><em data-start=\"1093\" data-end=\"1112\">Get the Glow Look<\/em> \u00e8 la scelta perfetta per chi vuole:<br data-start=\"1148\" data-end=\"1151\" \/>\u2714\ufe0f Valorizzare zigomi, arco di Cupido e arcata sopraccigliare<br data-start=\"1212\" data-end=\"1215\" \/>\u2714\ufe0f Dare un tocco fresco e giovane al viso<br data-start=\"1256\" data-end=\"1259\" \/>\u2714\ufe0f Creare make-up professionali con un solo prodotto<\/p>\n","protected":false},"excerpt":{"rendered":"<h3 data-start=\"148\" data-end=\"201\">Paese Cosmetics \u2013 Palette <em data-start=\"178\" data-end=\"197\">Get the Glow Look<\/em><\/h3>\n<p data-start=\"202\" data-end=\"256\"><strong data-start=\"202\" data-end=\"256\">Illumina il tuo viso. Risplendi in ogni occasione.<\/strong><\/p>\n<p data-start=\"258\" data-end=\"543\">La palette <strong data-start=\"269\" data-end=\"290\">Get the Glow Look<\/strong> di <em data-start=\"294\" data-end=\"311\">Paese Cosmetics<\/em> \u00e8 la chiave per una luminosit\u00e0 naturale e sofisticata. Un mix perfetto di tonalit\u00e0 calde e brillanti che regalano luce, freschezza e definizione al volto. Ideale per creare look radiosi in pochi gesti, adatta a tutte le carnagioni.<\/p>\n<p data-start=\"545\" data-end=\"1083\">  <strong data-start=\"548\" data-end=\"581\">Illuminanti e blush versatili<\/strong> \u2013 Polveri ultra sottili che si fondono perfettamente con la pelle, donando un effetto \u201cglow\u201d immediato, senza esagerare.<br data-start=\"702\" data-end=\"705\" \/>  <strong data-start=\"708\" data-end=\"739\">Texture setosa e modulabile<\/strong> \u2013 Facile da sfumare, perfetta sia per un bagliore leggero da giorno che per un finish intenso da sera.<br data-start=\"842\" data-end=\"845\" \/>  <strong data-start=\"848\" data-end=\"878\">Finish luminoso e naturale<\/strong> \u2013 Niente glitter eccessivi: solo luce pura per scolpire e valorizzare i tratti del viso.<br data-start=\"967\" data-end=\"970\" \/>  <strong data-start=\"973\" data-end=\"996\">Elegante e compatta<\/strong> \u2013 Perfetta da portare sempre con te, con uno specchietto pratico per ritocchi ovunque.<\/p>\n<p data-start=\"1090\" data-end=\"1311\"><em data-start=\"1093\" data-end=\"1112\">Get the Glow Look<\/em> \u00e8 la scelta perfetta per chi vuole:<br data-start=\"1148\" data-end=\"1151\" \/>\u2714\ufe0f Valorizzare zigomi, arco di Cupido e arcata sopraccigliare<br data-start=\"1212\" data-end=\"1215\" \/>\u2714\ufe0f Dare un tocco fresco e giovane al viso<br data-start=\"1256\" data-end=\"1259\" \/>\u2714\ufe0f Creare make-up professionali con un solo prodotto<\/p>\n","protected":false},"featured_media":31004,"comment_status":"closed","ping_status":"open","template":"","meta":[],"product_brand":[],"product_cat":[1856,2701,2695,2697],"product_tag":[2722,2718,2721],"class_list":{"0":"post-31003","1":"product","2":"type-product","3":"status-publish","4":"has-post-thumbnail","6":"product_cat-make-up","7":"product_cat-occhi-paese","8":"product_cat-paese","9":"product_cat-viso-paese","10":"product_tag-get-the-glow-look","11":"product_tag-palette-eyes","12":"product_tag-palette-paese","14":"first","15":"instock","16":"shipping-taxable","17":"purchasable","18":"product-type-simple"},"_links":{"self":[{"href":"https:\/\/serverdedicato.lovenailsrivenditore.com\/index.php?rest_route=\/wp\/v2\/product\/31003","targetHints":{"allow":["GET"]}}],"collection":[{"href":"https:\/\/serverdedicato.lovenailsrivenditore.com\/index.php?rest_route=\/wp\/v2\/product"}],"about":[{"href":"https:\/\/serverdedicato.lovenailsrivenditore.com\/index.php?rest_route=\/wp\/v2\/types\/product"}],"replies":[{"embeddable":true,"href":"https:\/\/serverdedicato.lovenailsrivenditore.com\/index.php?rest_route=%2Fwp%2Fv2%2Fcomments&post=31003"}],"wp:featuredmedia":[{"embeddable":true,"href":"https:\/\/serverdedicato.lovenailsrivenditore.com\/index.php?rest_route=\/wp\/v2\/media\/31004"}],"wp:attachment":[{"href":"https:\/\/serverdedicato.lovenailsrivenditore.com\/index.php?rest_route=%2Fwp%2Fv2%2Fmedia&parent=31003"}],"wp:term":[{"taxonomy":"product_brand","embeddable":true,"href":"https:\/\/serverdedicato.lovenailsrivenditore.com\/index.php?rest_route=%2Fwp%2Fv2%2Fproduct_brand&post=31003"},{"taxonomy":"product_cat","embeddable":true,"href":"https:\/\/serverdedicato.lovenailsrivenditore.com\/index.php?rest_route=%2Fwp%2Fv2%2Fproduct_cat&post=31003"},{"taxonomy":"product_tag","embeddable":true,"href":"https:\/\/serverdedicato.lovenailsrivenditore.com\/index.php?rest_route=%2Fwp%2Fv2%2Fproduct_tag&post=31003"}],"curies":[{"name":"wp","href":"https:\/\/api.w.org\/{rel}","templated":true}]}}