{"id":31257,"date":"2025-05-30T15:55:48","date_gmt":"2025-05-30T13:55:48","guid":{"rendered":"https:\/\/serverdedicato.lovenailsrivenditore.com\/?product=paese-fondotinta-illuminante-get-the-glow-look-2n-sand-beige"},"modified":"2026-04-20T10:27:12","modified_gmt":"2026-04-20T08:27:12","slug":"paese-fondotinta-illuminante-get-the-glow-look-2n-sand-beige","status":"publish","type":"product","link":"https:\/\/serverdedicato.lovenailsrivenditore.com\/?product=paese-fondotinta-illuminante-get-the-glow-look-2n-sand-beige","title":{"rendered":"PAESE &#8211; FONDOTINTA ILLUMINANTE &#8211; GET THE GLOW LOOK &#8211; 2N SAND BEIGE"},"content":{"rendered":"<p><b>Il fondotinta illuminante multifunzione<\/b>\u00a0ti permette di ottenere un trucco delicato e naturale, con una luminosit\u00e0 delicata. Offre una coprenza leggera con un&#8217;intensit\u00e0 modulabile, adattandosi alle tue esigenze: da un delicato effetto uniformante a un effetto pi\u00f9 definito. Il fondotinta si fonde perfettamente con la pelle, esaltandone l&#8217;aspetto sano e radioso senza creare un effetto maschera. La sua texture vellutata garantisce un&#8217;applicazione facile, nascondendo le imperfezioni e levigando la superficie cutanea. Inoltre, la formula non si accumula n\u00e9 si deposita nelle linee sottili, garantendo una finitura impeccabile per tutto il giorno.<br \/>\nIngredienti attivi:<\/p>\n<p><strong>Olio di nocciolo di pesca<\/strong>\u00a0: idrata e rigenera, lasciando la pelle morbida ed elastica.<\/p>\n<p><strong>Estratto di pesca<\/strong>\u00a0: ricco di vitamine e antiossidanti, rivitalizza l\u2019incarnato e ne esalta la naturale luminosit\u00e0.<\/p>\n<p><strong>Olio di rosa canina<\/strong>\u00a0: noto per le sue propriet\u00e0 schiarenti e rassodanti, aiuta a ridurre le piccole imperfezioni e uniforma il tono della pelle.<\/p>\n<p><strong>Squalano<\/strong>\u00a0: idrata in profondit\u00e0, previene la perdita di idratazione e dona alla pelle una finitura liscia come la seta, senza appesantirla.<\/p>\n<p>Grazie alla sua formula avanzata, questo fondotinta non solo esalta la bellezza naturale della pelle, ma assicura anche un comfort duraturo per tutto il giorno. Inoltre, contiene protezione UV SPF 20 per una difesa extra contro l&#8217;esposizione solare dannosa.<\/p>\n","protected":false},"excerpt":{"rendered":"<p><b>Il fondotinta illuminante multifunzione<\/b>\u00a0ti permette di ottenere un trucco delicato e naturale, con una luminosit\u00e0 delicata. Offre una coprenza leggera con un&#8217;intensit\u00e0 modulabile, adattandosi alle tue esigenze: da un delicato effetto uniformante a un effetto pi\u00f9 definito. Il fondotinta si fonde perfettamente con la pelle, esaltandone l&#8217;aspetto sano e radioso senza creare un effetto maschera. La sua texture vellutata garantisce un&#8217;applicazione facile, nascondendo le imperfezioni e levigando la superficie cutanea. Inoltre, la formula non si accumula n\u00e9 si deposita nelle linee sottili, garantendo una finitura impeccabile per tutto il giorno.<br \/>\nIngredienti attivi:<\/p>\n<p><strong>Olio di nocciolo di pesca<\/strong>\u00a0: idrata e rigenera, lasciando la pelle morbida ed elastica.<\/p>\n<p><strong>Estratto di pesca<\/strong>\u00a0: ricco di vitamine e antiossidanti, rivitalizza l\u2019incarnato e ne esalta la naturale luminosit\u00e0.<\/p>\n<p><strong>Olio di rosa canina<\/strong>\u00a0: noto per le sue propriet\u00e0 schiarenti e rassodanti, aiuta a ridurre le piccole imperfezioni e uniforma il tono della pelle.<\/p>\n<p><strong>Squalano<\/strong>\u00a0: idrata in profondit\u00e0, previene la perdita di idratazione e dona alla pelle una finitura liscia come la seta, senza appesantirla.<\/p>\n<p>Grazie alla sua formula avanzata, questo fondotinta non solo esalta la bellezza naturale della pelle, ma assicura anche un comfort duraturo per tutto il giorno. Inoltre, contiene protezione UV SPF 20 per una difesa extra contro l&#8217;esposizione solare dannosa.<\/p>\n","protected":false},"featured_media":31249,"comment_status":"closed","ping_status":"open","template":"","meta":[],"product_brand":[],"product_cat":[1856,2695,2697],"product_tag":[2334,2722,2734],"class_list":{"0":"post-31257","1":"product","2":"type-product","3":"status-publish","4":"has-post-thumbnail","6":"product_cat-make-up","7":"product_cat-paese","8":"product_cat-viso-paese","9":"product_tag-fondotinta","10":"product_tag-get-the-glow-look","11":"product_tag-multifunzione","13":"first","14":"instock","15":"shipping-taxable","16":"purchasable","17":"product-type-simple"},"_links":{"self":[{"href":"https:\/\/serverdedicato.lovenailsrivenditore.com\/index.php?rest_route=\/wp\/v2\/product\/31257","targetHints":{"allow":["GET"]}}],"collection":[{"href":"https:\/\/serverdedicato.lovenailsrivenditore.com\/index.php?rest_route=\/wp\/v2\/product"}],"about":[{"href":"https:\/\/serverdedicato.lovenailsrivenditore.com\/index.php?rest_route=\/wp\/v2\/types\/product"}],"replies":[{"embeddable":true,"href":"https:\/\/serverdedicato.lovenailsrivenditore.com\/index.php?rest_route=%2Fwp%2Fv2%2Fcomments&post=31257"}],"wp:featuredmedia":[{"embeddable":true,"href":"https:\/\/serverdedicato.lovenailsrivenditore.com\/index.php?rest_route=\/wp\/v2\/media\/31249"}],"wp:attachment":[{"href":"https:\/\/serverdedicato.lovenailsrivenditore.com\/index.php?rest_route=%2Fwp%2Fv2%2Fmedia&parent=31257"}],"wp:term":[{"taxonomy":"product_brand","embeddable":true,"href":"https:\/\/serverdedicato.lovenailsrivenditore.com\/index.php?rest_route=%2Fwp%2Fv2%2Fproduct_brand&post=31257"},{"taxonomy":"product_cat","embeddable":true,"href":"https:\/\/serverdedicato.lovenailsrivenditore.com\/index.php?rest_route=%2Fwp%2Fv2%2Fproduct_cat&post=31257"},{"taxonomy":"product_tag","embeddable":true,"href":"https:\/\/serverdedicato.lovenailsrivenditore.com\/index.php?rest_route=%2Fwp%2Fv2%2Fproduct_tag&post=31257"}],"curies":[{"name":"wp","href":"https:\/\/api.w.org\/{rel}","templated":true}]}}