{"id":31384,"date":"2025-05-31T09:06:21","date_gmt":"2025-05-31T07:06:21","guid":{"rendered":"https:\/\/serverdedicato.lovenailsrivenditore.com\/?product=paese-cosmetics-polvere-di-riso-10gr"},"modified":"2026-04-20T10:29:05","modified_gmt":"2026-04-20T08:29:05","slug":"paese-cosmetics-polvere-di-riso-10gr","status":"publish","type":"product","link":"https:\/\/serverdedicato.lovenailsrivenditore.com\/?product=paese-cosmetics-polvere-di-riso-10gr","title":{"rendered":"PAESE COSMETICS &#8211; POLVERE DI RISO &#8211; 10gr"},"content":{"rendered":"<div class=\"col-md-8 col-xs-12\"><span>A nostro avviso, la polvere di riso \u00e8 la pi\u00f9 grande protagonista dei servizi fotografici. Tutti lo adorano perch\u00e9 diventa completamente invisibile dopo l&#8217;applicazione. Garantisce un effetto opaco a lunga durata.<\/span><\/p>\n<ul>\n<li>Assorbe perfettamente l&#8217;eccesso di sebo e garantisce un effetto opaco a lunga durata<\/li>\n<li>Pu\u00f2 essere utilizzato come fissatore o primer opacizzante per il trucco<\/li>\n<li>Diventa trasparente dopo l&#8217;applicazione e si fonde perfettamente con la pelle<\/li>\n<li>Consigliato dai professionisti e utilizzato frequentemente durante i servizi fotografici<\/li>\n<\/ul>\n<\/div>\n<div class=\"hidden-text\"><\/div>\n<div class=\"col-md-4 col-xs-12\">\n<div class=\"list-title\">Il nostro prodotto<\/div>\n<ul>\n<li>Una polvere opacizzante dalla texture sciolta per pelli grasse, normali e miste<\/li>\n<li>\u00c8 privo di allergeni, parabeni e talco<\/li>\n<li>Non ostruisce i pori<\/li>\n<li>Perfetto per tutte le carnagioni<\/li>\n<\/ul>\n<\/div>\n","protected":false},"excerpt":{"rendered":"<div class=\"col-md-8 col-xs-12\">A nostro avviso, la polvere di riso \u00e8 la pi\u00f9 grande protagonista dei servizi fotografici. Tutti lo adorano perch\u00e9 diventa completamente invisibile dopo l&#8217;applicazione. Garantisce un effetto opaco a lunga durata.<\/p>\n<ul>\n<li>Assorbe perfettamente l&#8217;eccesso di sebo e garantisce un effetto opaco a lunga durata<\/li>\n<li>Pu\u00f2 essere utilizzato come fissatore o primer opacizzante per il trucco<\/li>\n<li>Diventa trasparente dopo l&#8217;applicazione e si fonde perfettamente con la pelle<\/li>\n<li>Consigliato dai professionisti e utilizzato frequentemente durante i servizi fotografici<\/li>\n<\/ul>\n<\/div>\n<div class=\"hidden-text\"><\/div>\n<div class=\"col-md-4 col-xs-12\">\n<div class=\"list-title\">Il nostro prodotto<\/div>\n<ul>\n<li>Una polvere opacizzante dalla texture sciolta per pelli grasse, normali e miste<\/li>\n<li>\u00c8 privo di allergeni, parabeni e talco<\/li>\n<li>Non ostruisce i pori<\/li>\n<li>Perfetto per tutte le carnagioni<\/li>\n<\/ul>\n<\/div>\n","protected":false},"featured_media":31385,"comment_status":"closed","ping_status":"open","template":"","meta":[],"product_brand":[],"product_cat":[1856,2695,2697],"product_tag":[2735,2736],"class_list":{"0":"post-31384","1":"product","2":"type-product","3":"status-publish","4":"has-post-thumbnail","6":"product_cat-make-up","7":"product_cat-paese","8":"product_cat-viso-paese","9":"product_tag-paese-powder","10":"product_tag-polvere-di-riso","12":"first","13":"instock","14":"shipping-taxable","15":"purchasable","16":"product-type-simple"},"_links":{"self":[{"href":"https:\/\/serverdedicato.lovenailsrivenditore.com\/index.php?rest_route=\/wp\/v2\/product\/31384","targetHints":{"allow":["GET"]}}],"collection":[{"href":"https:\/\/serverdedicato.lovenailsrivenditore.com\/index.php?rest_route=\/wp\/v2\/product"}],"about":[{"href":"https:\/\/serverdedicato.lovenailsrivenditore.com\/index.php?rest_route=\/wp\/v2\/types\/product"}],"replies":[{"embeddable":true,"href":"https:\/\/serverdedicato.lovenailsrivenditore.com\/index.php?rest_route=%2Fwp%2Fv2%2Fcomments&post=31384"}],"wp:featuredmedia":[{"embeddable":true,"href":"https:\/\/serverdedicato.lovenailsrivenditore.com\/index.php?rest_route=\/wp\/v2\/media\/31385"}],"wp:attachment":[{"href":"https:\/\/serverdedicato.lovenailsrivenditore.com\/index.php?rest_route=%2Fwp%2Fv2%2Fmedia&parent=31384"}],"wp:term":[{"taxonomy":"product_brand","embeddable":true,"href":"https:\/\/serverdedicato.lovenailsrivenditore.com\/index.php?rest_route=%2Fwp%2Fv2%2Fproduct_brand&post=31384"},{"taxonomy":"product_cat","embeddable":true,"href":"https:\/\/serverdedicato.lovenailsrivenditore.com\/index.php?rest_route=%2Fwp%2Fv2%2Fproduct_cat&post=31384"},{"taxonomy":"product_tag","embeddable":true,"href":"https:\/\/serverdedicato.lovenailsrivenditore.com\/index.php?rest_route=%2Fwp%2Fv2%2Fproduct_tag&post=31384"}],"curies":[{"name":"wp","href":"https:\/\/api.w.org\/{rel}","templated":true}]}}