{"id":31561,"date":"2025-06-03T16:20:40","date_gmt":"2025-06-03T14:20:40","guid":{"rendered":"https:\/\/serverdedicato.lovenailsrivenditore.com\/?product=claresa-kitulec-illuminante-6gr"},"modified":"2026-04-20T10:31:13","modified_gmt":"2026-04-20T08:31:13","slug":"claresa-kitulec-illuminante-6gr","status":"publish","type":"product","link":"https:\/\/serverdedicato.lovenailsrivenditore.com\/?product=claresa-kitulec-illuminante-6gr","title":{"rendered":"CLARESA &#8211; KITULEC ILLUMINANTE 6gr"},"content":{"rendered":"<p><span>La nostra POLVERE ILLUMINANTE \u00e8 la chiave per ottenere un incarnato radioso e sano che catturi l&#8217;attenzione. Questa polvere libera dall&#8217;effetto glow si adatta perfettamente a diverse tonalit\u00e0 di pelle, per far sentire ogni donna unica.<\/span><\/p>\n<p><span>La formula contenente microparticelle fotoriflettenti illumina e fissa delicatamente il trucco, creando l&#8217;effetto di una pelle fresca e riposata, proprio come piace a Kitulec. Grazie alla sua formula leggera e a lunga tenuta, la polvere dona un effetto glow che enfatizza la bellezza naturale e fa emergere ci\u00f2 che \u00e8 pi\u00f9 bello in te.<\/span><\/p>\n<p><span>Inoltre, la formula \u00e8 vegana, senza alcol e rispettosa degli animali, cos\u00ec potrai goderti l&#8217;effetto luminoso senza compromessi.<\/span><\/p>\n","protected":false},"excerpt":{"rendered":"<p>La nostra POLVERE ILLUMINANTE \u00e8 la chiave per ottenere un incarnato radioso e sano che catturi l&#8217;attenzione. Questa polvere libera dall&#8217;effetto glow si adatta perfettamente a diverse tonalit\u00e0 di pelle, per far sentire ogni donna unica.<\/p>\n<p>La formula contenente microparticelle fotoriflettenti illumina e fissa delicatamente il trucco, creando l&#8217;effetto di una pelle fresca e riposata, proprio come piace a Kitulec. Grazie alla sua formula leggera e a lunga tenuta, la polvere dona un effetto glow che enfatizza la bellezza naturale e fa emergere ci\u00f2 che \u00e8 pi\u00f9 bello in te.<\/p>\n<p>Inoltre, la formula \u00e8 vegana, senza alcol e rispettosa degli animali, cos\u00ec potrai goderti l&#8217;effetto luminoso senza compromessi.<\/p>\n","protected":false},"featured_media":31562,"comment_status":"closed","ping_status":"open","template":"","meta":[],"product_brand":[],"product_cat":[2319,1856,1509,2329],"product_tag":[2656,2357],"class_list":{"0":"post-31561","1":"product","2":"type-product","3":"status-publish","4":"has-post-thumbnail","6":"product_cat-claresa-make-up","7":"product_cat-make-up","8":"product_cat-top-brand-professionali-unghie","9":"product_cat-viso-claresa-make-up","10":"product_tag-highlighter","11":"product_tag-illuminante","13":"first","14":"instock","15":"shipping-taxable","16":"purchasable","17":"product-type-simple"},"_links":{"self":[{"href":"https:\/\/serverdedicato.lovenailsrivenditore.com\/index.php?rest_route=\/wp\/v2\/product\/31561","targetHints":{"allow":["GET"]}}],"collection":[{"href":"https:\/\/serverdedicato.lovenailsrivenditore.com\/index.php?rest_route=\/wp\/v2\/product"}],"about":[{"href":"https:\/\/serverdedicato.lovenailsrivenditore.com\/index.php?rest_route=\/wp\/v2\/types\/product"}],"replies":[{"embeddable":true,"href":"https:\/\/serverdedicato.lovenailsrivenditore.com\/index.php?rest_route=%2Fwp%2Fv2%2Fcomments&post=31561"}],"wp:featuredmedia":[{"embeddable":true,"href":"https:\/\/serverdedicato.lovenailsrivenditore.com\/index.php?rest_route=\/wp\/v2\/media\/31562"}],"wp:attachment":[{"href":"https:\/\/serverdedicato.lovenailsrivenditore.com\/index.php?rest_route=%2Fwp%2Fv2%2Fmedia&parent=31561"}],"wp:term":[{"taxonomy":"product_brand","embeddable":true,"href":"https:\/\/serverdedicato.lovenailsrivenditore.com\/index.php?rest_route=%2Fwp%2Fv2%2Fproduct_brand&post=31561"},{"taxonomy":"product_cat","embeddable":true,"href":"https:\/\/serverdedicato.lovenailsrivenditore.com\/index.php?rest_route=%2Fwp%2Fv2%2Fproduct_cat&post=31561"},{"taxonomy":"product_tag","embeddable":true,"href":"https:\/\/serverdedicato.lovenailsrivenditore.com\/index.php?rest_route=%2Fwp%2Fv2%2Fproduct_tag&post=31561"}],"curies":[{"name":"wp","href":"https:\/\/api.w.org\/{rel}","templated":true}]}}