{"id":31576,"date":"2025-06-03T16:31:04","date_gmt":"2025-06-03T14:31:04","guid":{"rendered":"https:\/\/serverdedicato.lovenailsrivenditore.com\/?product=claresa-kitulec-fard-liquido"},"modified":"2026-04-20T10:31:32","modified_gmt":"2026-04-20T08:31:32","slug":"claresa-kitulec-fard-liquido","status":"publish","type":"product","link":"https:\/\/serverdedicato.lovenailsrivenditore.com\/?product=claresa-kitulec-fard-liquido","title":{"rendered":"CLARESA &#8211; KITULEC &#8211; FARD LIQUIDO"},"content":{"rendered":"<div class=\"tab-container wceapp_tabs\">\n<div class=\"product-tabs\">\n<div id=\"box_description\" class=\"product-tab\" tabindex=\"0\" role=\"tabpanel\" data-tab=\"box_description\" aria-labelledby=\"box_description_tab\">\n<div class=\"innerbox\">\n<div class=\"resetcss\">\n<p><span>Ravviva il tuo incarnato con una tonalit\u00e0 corallo universale, accuratamente selezionata da Kitulec! LIQUID BLUSH \u00e8 un blush 2 in 1 che dona freschezza e luminosit\u00e0, esaltando la bellezza naturale della tua pelle. Grazie alla formula cremosa e setosa, l&#8217;applicazione \u00e8 semplice e precisa, sia sulle guance che sulle labbra.<\/span><\/p>\n<p><span>Arricchito con pigmenti a lunga tenuta che durano tutto il giorno, il blush dona un look radioso senza bisogno di correzioni. Il pratico packaging con un ampio applicatore rende l&#8217;applicazione del prodotto rapida e pratica.<\/span><\/p>\n<p><span>Per un effetto di pelle sana e riposata, con un tocco di eleganza: in ogni sorriso e in ogni rossore!<\/span><\/p>\n<\/div>\n<\/div>\n<\/div>\n<\/div>\n<\/div>\n<div class=\"product-modules-disabled\"><\/div>\n<div data-boxes-side=\"2\">\n<div id=\"box_recommendations_45\" class=\"box slider\"><\/div>\n<\/div>\n","protected":false},"excerpt":{"rendered":"<p>Ravviva il tuo incarnato con una tonalit\u00e0 corallo universale, accuratamente selezionata da Kitulec! LIQUID BLUSH \u00e8 un blush 2 in 1 che dona freschezza e luminosit\u00e0, esaltando la bellezza naturale della tua pelle. Grazie alla formula cremosa e setosa, l&#8217;applicazione \u00e8 semplice e precisa, sia sulle guance che sulle labbra. Arricchito con pigmenti a lunga [&hellip;]<\/p>\n","protected":false},"featured_media":31577,"comment_status":"closed","ping_status":"open","template":"","meta":[],"product_brand":[],"product_cat":[2319,1856,1509,2329],"product_tag":[1805,2611,2463],"class_list":{"0":"post-31576","1":"product","2":"type-product","3":"status-publish","4":"has-post-thumbnail","6":"product_cat-claresa-make-up","7":"product_cat-make-up","8":"product_cat-top-brand-professionali-unghie","9":"product_cat-viso-claresa-make-up","10":"product_tag-blush","11":"product_tag-fard","12":"product_tag-kitulec","14":"first","15":"instock","16":"shipping-taxable","17":"purchasable","18":"product-type-simple"},"_links":{"self":[{"href":"https:\/\/serverdedicato.lovenailsrivenditore.com\/index.php?rest_route=\/wp\/v2\/product\/31576","targetHints":{"allow":["GET"]}}],"collection":[{"href":"https:\/\/serverdedicato.lovenailsrivenditore.com\/index.php?rest_route=\/wp\/v2\/product"}],"about":[{"href":"https:\/\/serverdedicato.lovenailsrivenditore.com\/index.php?rest_route=\/wp\/v2\/types\/product"}],"replies":[{"embeddable":true,"href":"https:\/\/serverdedicato.lovenailsrivenditore.com\/index.php?rest_route=%2Fwp%2Fv2%2Fcomments&post=31576"}],"wp:featuredmedia":[{"embeddable":true,"href":"https:\/\/serverdedicato.lovenailsrivenditore.com\/index.php?rest_route=\/wp\/v2\/media\/31577"}],"wp:attachment":[{"href":"https:\/\/serverdedicato.lovenailsrivenditore.com\/index.php?rest_route=%2Fwp%2Fv2%2Fmedia&parent=31576"}],"wp:term":[{"taxonomy":"product_brand","embeddable":true,"href":"https:\/\/serverdedicato.lovenailsrivenditore.com\/index.php?rest_route=%2Fwp%2Fv2%2Fproduct_brand&post=31576"},{"taxonomy":"product_cat","embeddable":true,"href":"https:\/\/serverdedicato.lovenailsrivenditore.com\/index.php?rest_route=%2Fwp%2Fv2%2Fproduct_cat&post=31576"},{"taxonomy":"product_tag","embeddable":true,"href":"https:\/\/serverdedicato.lovenailsrivenditore.com\/index.php?rest_route=%2Fwp%2Fv2%2Fproduct_tag&post=31576"}],"curies":[{"name":"wp","href":"https:\/\/api.w.org\/{rel}","templated":true}]}}