{"id":31586,"date":"2025-06-03T16:44:42","date_gmt":"2025-06-03T14:44:42","guid":{"rendered":"https:\/\/serverdedicato.lovenailsrivenditore.com\/?product=claresa-cipria-protettiva-spf30"},"modified":"2026-04-20T10:31:41","modified_gmt":"2026-04-20T08:31:41","slug":"claresa-cipria-protettiva-spf30","status":"publish","type":"product","link":"https:\/\/serverdedicato.lovenailsrivenditore.com\/?product=claresa-cipria-protettiva-spf30","title":{"rendered":"CLARESA &#8211; CIPRIA PROTETTIVA SPF30"},"content":{"rendered":"<p><strong><span>Cipria in polvere protettiva SPF 30 \u2013 finitura satinata e protezione in una formula leggera<\/span><\/strong><\/p>\n<p><strong><span>Cipria in polvere ultraleggera<\/span><\/strong><span>\u00a0che non solo\u00a0<\/span><strong><span>fissa perfettamente il trucco<\/span><\/strong><span>\u00a0, ma\u00a0<\/span><strong><span>aiuta anche a proteggere la pelle dai danni del sole grazie al contenuto di filtri minerali SPF 30.<\/span><\/strong><span>\u00a0Grazie alla sua formula trasparente, si\u00a0<\/span><strong><span>adatta perfettamente a ogni tono della pelle<\/span><\/strong><span>\u00a0, lasciando\u00a0<\/span><strong><span>un finish satinato\u00a0<\/span><\/strong><strong><span>senza l&#8217;effetto bianco e pesante<\/span><\/strong><span>\u00a0. Ideale per l&#8217;uso quotidiano, funzioner\u00e0 in ogni situazione, sia come ultimo step del trucco, sia come prodotto per correzioni rapide durante il giorno.<\/span><\/p>\n<ul>\n<li><strong><span>Formula ultraleggera<\/span><\/strong><span>\u00a0, impercettibile sulla pelle.<\/span><\/li>\n<li><strong><span>SPF 30<\/span><\/strong><span>\u00a0: fornisce un ulteriore supporto alla barriera cutanea contro i danni del sole.<\/span><\/li>\n<li><strong><span>Finitura naturale e satinata,<\/span><\/strong><span>\u00a0senza particelle.<\/span><\/li>\n<li><strong><span>Leviga l&#8217;incarnato<\/span><\/strong><span>\u00a0, eliminando le piccole imperfezioni.<\/span><\/li>\n<li><strong><span>Una tonalit\u00e0 trasparente<\/span><\/strong><span>\u00a0che si adatta a qualsiasi carnagione.<\/span><\/li>\n<li><strong><span>Non schiarisce<\/span><\/strong><span>\u00a0, non appesantisce, non evidenzia la pelle secca.<\/span><\/li>\n<li><strong><span>Non ostruisce i pori n\u00e9 irrita la pelle.<\/span><\/strong><\/li>\n<li><strong><span>Non crea polvere n\u00e9 grumi<\/span><\/strong><span>\u00a0e consente rapide correzioni durante il giorno.<\/span><\/li>\n<li><strong><span>Esalta la naturale luminosit\u00e0 della pelle<\/span><\/strong><span>\u00a0, donandole un aspetto sano e radioso.<\/span><\/li>\n<li><strong><span>Rende il trucco pi\u00f9 duraturo e resistente all&#8217;abrasione.<\/span><\/strong><\/li>\n<\/ul>\n<p><strong><span>Ingredienti attivi:<\/span><\/strong><\/p>\n<ul>\n<li><strong><span>Vitamina E<\/span><\/strong><span>\u00a0: agisce come un potente antiossidante, supporta la protezione della pelle dai radicali liberi e aiuta a mantenerne l&#8217;elasticit\u00e0.<\/span><\/li>\n<li><strong><span>Allantoina<\/span><\/strong><span>\u00a0: lenisce e allevia le irritazioni, favorisce la rigenerazione della pelle.<\/span><\/li>\n<\/ul>\n<p><strong><span>La cipria in polvere protettiva SPF 30<\/span><\/strong><span>\u00a0\u00e8 pi\u00f9 di una semplice cipria: \u00e8 la combinazione perfetta di trucco e trattamento. Leggera, trasparente, ma efficace nella protezione e nel fissaggio. Il tuo must-have per ogni condizione atmosferica e per ogni occasione!<\/span><\/p>\n","protected":false},"excerpt":{"rendered":"<p>Cipria in polvere protettiva SPF 30 \u2013 finitura satinata e protezione in una formula leggera Cipria in polvere ultraleggera\u00a0che non solo\u00a0fissa perfettamente il trucco\u00a0, ma\u00a0aiuta anche a proteggere la pelle dai danni del sole grazie al contenuto di filtri minerali SPF 30.\u00a0Grazie alla sua formula trasparente, si\u00a0adatta perfettamente a ogni tono della pelle\u00a0, lasciando\u00a0un finish [&hellip;]<\/p>\n","protected":false},"featured_media":31587,"comment_status":"closed","ping_status":"open","template":"","meta":[],"product_brand":[],"product_cat":[2319,1856,1509,2329],"product_tag":[2534,2744],"class_list":{"0":"post-31586","1":"product","2":"type-product","3":"status-publish","4":"has-post-thumbnail","6":"product_cat-claresa-make-up","7":"product_cat-make-up","8":"product_cat-top-brand-professionali-unghie","9":"product_cat-viso-claresa-make-up","10":"product_tag-cipria-in-polvere","11":"product_tag-cipria-spf30","13":"first","14":"instock","15":"shipping-taxable","16":"purchasable","17":"product-type-simple"},"_links":{"self":[{"href":"https:\/\/serverdedicato.lovenailsrivenditore.com\/index.php?rest_route=\/wp\/v2\/product\/31586","targetHints":{"allow":["GET"]}}],"collection":[{"href":"https:\/\/serverdedicato.lovenailsrivenditore.com\/index.php?rest_route=\/wp\/v2\/product"}],"about":[{"href":"https:\/\/serverdedicato.lovenailsrivenditore.com\/index.php?rest_route=\/wp\/v2\/types\/product"}],"replies":[{"embeddable":true,"href":"https:\/\/serverdedicato.lovenailsrivenditore.com\/index.php?rest_route=%2Fwp%2Fv2%2Fcomments&post=31586"}],"wp:featuredmedia":[{"embeddable":true,"href":"https:\/\/serverdedicato.lovenailsrivenditore.com\/index.php?rest_route=\/wp\/v2\/media\/31587"}],"wp:attachment":[{"href":"https:\/\/serverdedicato.lovenailsrivenditore.com\/index.php?rest_route=%2Fwp%2Fv2%2Fmedia&parent=31586"}],"wp:term":[{"taxonomy":"product_brand","embeddable":true,"href":"https:\/\/serverdedicato.lovenailsrivenditore.com\/index.php?rest_route=%2Fwp%2Fv2%2Fproduct_brand&post=31586"},{"taxonomy":"product_cat","embeddable":true,"href":"https:\/\/serverdedicato.lovenailsrivenditore.com\/index.php?rest_route=%2Fwp%2Fv2%2Fproduct_cat&post=31586"},{"taxonomy":"product_tag","embeddable":true,"href":"https:\/\/serverdedicato.lovenailsrivenditore.com\/index.php?rest_route=%2Fwp%2Fv2%2Fproduct_tag&post=31586"}],"curies":[{"name":"wp","href":"https:\/\/api.w.org\/{rel}","templated":true}]}}