{"id":31705,"date":"2025-06-05T14:57:19","date_gmt":"2025-06-05T12:57:19","guid":{"rendered":"https:\/\/serverdedicato.lovenailsrivenditore.com\/?product=claresa-correttore-natural-skin-1c-light-cool"},"modified":"2026-04-20T10:33:52","modified_gmt":"2026-04-20T08:33:52","slug":"claresa-correttore-natural-skin-1c-light-cool","status":"publish","type":"product","link":"https:\/\/serverdedicato.lovenailsrivenditore.com\/?product=claresa-correttore-natural-skin-1c-light-cool","title":{"rendered":"CLARESA &#8211; CORRETTORE NATURAL SKIN &#8211; 1C LIGHT COOL"},"content":{"rendered":"<p><strong>Correttore Natural Skin Serum \u2013 pi\u00f9 di un correttore!<\/strong><\/p>\n<p>\u00c8 un ibrido di correttore e siero che\u00a0<strong>mimetizza perfettamente le occhiaie<\/strong>, illumina e lascia\u00a0<strong>un finish idratante<\/strong>, rendendo la pelle riposata e luminosa. Il suo\u00a0<strong>livello di copertura medio<\/strong>\u00a0consente di aumentare l&#8217;effetto gradualmente, dall&#8217;allineamento naturale alle imperfezioni pi\u00f9 nascoste.<\/p>\n<p><strong>Benefici:<\/strong><\/p>\n<ul>\n<li><strong>L&#8217;effetto di una pelle sana e luminosa:<\/strong>\u00a0il correttore rende la pelle pi\u00f9 idratata e liscia.<\/li>\n<li><strong>Formula del siero<\/strong>\u00a0\u2013 combina l&#8217;effetto curativo dei principi attivi con le propriet\u00e0 coprenti del correttore.<\/li>\n<li><strong>Di lunga durata e resistente alle condizioni esterne<\/strong>: non cola sulla superficie della pelle, \u00e8 resistente all&#8217;umidit\u00e0 e al sudore.<\/li>\n<li><strong>Non si accumula in pieghe e rughe<\/strong>: rimane in posizione tutto il giorno senza enfatizzare la struttura della pelle.<\/li>\n<li><strong>Fornisce un&#8217;uniformit\u00e0 del colore dall&#8217;aspetto naturale<\/strong>, senza l&#8217;effetto maschera o appesantimento.<\/li>\n<li><strong>Effetto lifting<\/strong>\u00a0\u2013 riduce i segni di stanchezza, leviga e illumina l&#8217;incarnato.<\/li>\n<li><strong>Non ostruisce i pori<\/strong>: permette alla pelle di respirare e non provoca imperfezioni.<\/li>\n<li><strong>Disponibile in 4 tonalit\u00e0<\/strong>, per adattarsi a diversi tipi di pelle per una copertura perfetta.<\/li>\n<\/ul>\n<p><strong>Principi attivi \u2013 cura e trucco in uno:<\/strong><\/p>\n<ul>\n<li><strong>WONDERAGE\u2122 (Monk Fruit \u2013 Fruit of Longevity)<\/strong>\u00a0\u2013 un ingrediente innovativo che bilancia l&#8217;epigenetica della pelle matura.\u00a0<strong>Idrata intensamente, illumina la pelle e riduce le rughe<\/strong>, eliminando i segni del tempo. Aiuta a combattere la sindrome del &#8220;collo tecnologico&#8221; (rughe causate dall&#8217;inclinazione della testa sullo schermo). La sua azione migliora anche\u00a0<strong>il benessere e ha un effetto positivo sulla sfera emotiva,<\/strong>\u00a0come confermato dalla ricerca che utilizza l&#8217;intelligenza artificiale.<\/li>\n<\/ul>\n<p>&nbsp;<\/p>\n<ul>\n<li><span><strong>Collagene vegetale<\/strong>\u00a0\u2013\u00a0<strong>idrata intensamente, rigenera e rassoda la pelle<\/strong>, sostenendone la ricostruzione e l&#8217;elasticit\u00e0.<\/span><\/li>\n<li><strong>Vitamina C<\/strong>\u00a0\u2013 un potente antiossidante che\u00a0<strong>illumina la pelle, uniforma il tono della pelle e supporta la produzione naturale di collagene<\/strong>, rendendo la carnagione pi\u00f9 giovane e sana.<\/li>\n<\/ul>\n<p>La sua\u00a0<strong>formula cremosa e liscia come la seta<\/strong>\u00a0garantisce un&#8217;applicazione confortevole e si fonde perfettamente con la pelle. Non enfatizza le cuticole secche o le rughe e, dopo il congelamento,\u00a0<strong>dura tutto il giorno<\/strong>, lasciando l&#8217;incarnato pieno di freschezza.\u00a0<strong>Perfetto per la pelle delicata del contorno occhi.<\/strong><\/p>\n<p><strong>Natural Skin Serum Concealer \u00e8 pi\u00f9 di un correttore: \u00e8 la tua arma segreta nella lotta contro i segni di stanchezza e le imperfezioni!<\/strong><\/p>\n","protected":false},"excerpt":{"rendered":"<p><strong>Correttore Natural Skin Serum \u2013 pi\u00f9 di un correttore!<\/strong><\/p>\n<p>\u00c8 un ibrido di correttore e siero che\u00a0<strong>mimetizza perfettamente le occhiaie<\/strong>, illumina e lascia\u00a0<strong>un finish idratante<\/strong>, rendendo la pelle riposata e luminosa. Il suo\u00a0<strong>livello di copertura medio<\/strong>\u00a0consente di aumentare l&#8217;effetto gradualmente, dall&#8217;allineamento naturale alle imperfezioni pi\u00f9 nascoste.<\/p>\n<p><strong>Benefici:<\/strong><\/p>\n<ul>\n<li><strong>L&#8217;effetto di una pelle sana e luminosa:<\/strong>\u00a0il correttore rende la pelle pi\u00f9 idratata e liscia.<\/li>\n<li><strong>Formula del siero<\/strong>\u00a0\u2013 combina l&#8217;effetto curativo dei principi attivi con le propriet\u00e0 coprenti del correttore.<\/li>\n<li><strong>Di lunga durata e resistente alle condizioni esterne<\/strong>: non cola sulla superficie della pelle, \u00e8 resistente all&#8217;umidit\u00e0 e al sudore.<\/li>\n<li><strong>Non si accumula in pieghe e rughe<\/strong>: rimane in posizione tutto il giorno senza enfatizzare la struttura della pelle.<\/li>\n<li><strong>Fornisce un&#8217;uniformit\u00e0 del colore dall&#8217;aspetto naturale<\/strong>, senza l&#8217;effetto maschera o appesantimento.<\/li>\n<li><strong>Effetto lifting<\/strong>\u00a0\u2013 riduce i segni di stanchezza, leviga e illumina l&#8217;incarnato.<\/li>\n<li><strong>Non ostruisce i pori<\/strong>: permette alla pelle di respirare e non provoca imperfezioni.<\/li>\n<li><strong>Disponibile in 4 tonalit\u00e0<\/strong>, per adattarsi a diversi tipi di pelle per una copertura perfetta.<\/li>\n<\/ul>\n","protected":false},"featured_media":31706,"comment_status":"closed","ping_status":"open","template":"","meta":[],"product_brand":[],"product_cat":[2319,1856,2320,1509,2329],"product_tag":[2704,2330],"class_list":{"0":"post-31705","1":"product","2":"type-product","3":"status-publish","4":"has-post-thumbnail","6":"product_cat-claresa-make-up","7":"product_cat-make-up","8":"product_cat-occhi-claresa-make-up","9":"product_cat-top-brand-professionali-unghie","10":"product_cat-viso-claresa-make-up","11":"product_tag-concealer","12":"product_tag-correttore","14":"first","15":"instock","16":"shipping-taxable","17":"purchasable","18":"product-type-simple"},"_links":{"self":[{"href":"https:\/\/serverdedicato.lovenailsrivenditore.com\/index.php?rest_route=\/wp\/v2\/product\/31705","targetHints":{"allow":["GET"]}}],"collection":[{"href":"https:\/\/serverdedicato.lovenailsrivenditore.com\/index.php?rest_route=\/wp\/v2\/product"}],"about":[{"href":"https:\/\/serverdedicato.lovenailsrivenditore.com\/index.php?rest_route=\/wp\/v2\/types\/product"}],"replies":[{"embeddable":true,"href":"https:\/\/serverdedicato.lovenailsrivenditore.com\/index.php?rest_route=%2Fwp%2Fv2%2Fcomments&post=31705"}],"wp:featuredmedia":[{"embeddable":true,"href":"https:\/\/serverdedicato.lovenailsrivenditore.com\/index.php?rest_route=\/wp\/v2\/media\/31706"}],"wp:attachment":[{"href":"https:\/\/serverdedicato.lovenailsrivenditore.com\/index.php?rest_route=%2Fwp%2Fv2%2Fmedia&parent=31705"}],"wp:term":[{"taxonomy":"product_brand","embeddable":true,"href":"https:\/\/serverdedicato.lovenailsrivenditore.com\/index.php?rest_route=%2Fwp%2Fv2%2Fproduct_brand&post=31705"},{"taxonomy":"product_cat","embeddable":true,"href":"https:\/\/serverdedicato.lovenailsrivenditore.com\/index.php?rest_route=%2Fwp%2Fv2%2Fproduct_cat&post=31705"},{"taxonomy":"product_tag","embeddable":true,"href":"https:\/\/serverdedicato.lovenailsrivenditore.com\/index.php?rest_route=%2Fwp%2Fv2%2Fproduct_tag&post=31705"}],"curies":[{"name":"wp","href":"https:\/\/api.w.org\/{rel}","templated":true}]}}