{"id":31891,"date":"2025-06-09T10:25:26","date_gmt":"2025-06-09T08:25:26","guid":{"rendered":"https:\/\/serverdedicato.lovenailsrivenditore.com\/?product=kodi-build-it-up-gel-short-nails-15ml"},"modified":"2026-04-20T11:53:01","modified_gmt":"2026-04-20T09:53:01","slug":"kodi-build-it-up-gel-short-nails-15ml","status":"publish","type":"product","link":"https:\/\/serverdedicato.lovenailsrivenditore.com\/?product=kodi-build-it-up-gel-short-nails-15ml","title":{"rendered":"KODI &#8211; BUILD IT UP GEL &#8211; SHORT NAILS &#8211; 15ml"},"content":{"rendered":"<p><span>La serie di gel modellanti Build It Up Gel del marchio Kodi Professional \u00e8 a pieno titolo considerata la novit\u00e0 pi\u00f9 innovativa della stagione. Un pratico pennellino permette di distribuire uniformemente il materiale sulle unghie, e l&#8217;elevata capacit\u00e0 autolivellante garantisce una copertura ideale e senza imperfezioni. Il gel ha una durezza media.<\/span><\/p>\n<p><span>Build It Up Gel Short Nails \u00e8 utilizzato per la modellazione e l&#8217;allungamento delle unghie corte, ha un&#8217;ottima tissotropia ed \u00e8 adatto alla tecnica dell&#8217;allungamento senza limatura.<\/span><\/p>\n<p><span>Nota: il gel modellante richiede l&#8217;applicazione preliminare di una base.<\/span><\/p>\n<p><span>Polimerizza in lampade da 60 W per 60-120 secondi.<\/span><\/p>\n","protected":false},"excerpt":{"rendered":"<p>La serie di gel modellanti Build It Up Gel del marchio Kodi Professional \u00e8 a pieno titolo considerata la novit\u00e0 pi\u00f9 innovativa della stagione. Un pratico pennellino permette di distribuire uniformemente il materiale sulle unghie, e l&#8217;elevata capacit\u00e0 autolivellante garantisce una copertura ideale e senza imperfezioni. Il gel ha una durezza media.<\/p>\n<p>Build It Up Gel Short Nails \u00e8 utilizzato per la modellazione e l&#8217;allungamento delle unghie corte, ha un&#8217;ottima tissotropia ed \u00e8 adatto alla tecnica dell&#8217;allungamento senza limatura.<\/p>\n<p>Nota: il gel modellante richiede l&#8217;applicazione preliminare di una base.<\/p>\n<p>Polimerizza in lampade da 60 W per 60-120 secondi.<\/p>\n","protected":false},"featured_media":31892,"comment_status":"closed","ping_status":"open","template":"","meta":[],"product_brand":[],"product_cat":[2662,2627,1509],"product_tag":[2763,1029,725],"class_list":{"0":"post-31891","1":"product","2":"type-product","3":"status-publish","4":"has-post-thumbnail","6":"product_cat-costruttori-kodi","7":"product_cat-kodi","8":"product_cat-top-brand-professionali-unghie","9":"product_tag-build-it-up-gel","10":"product_tag-gel-in-bottiglia","11":"product_tag-gel-in-bottle","13":"first","14":"instock","15":"shipping-taxable","16":"purchasable","17":"product-type-simple"},"_links":{"self":[{"href":"https:\/\/serverdedicato.lovenailsrivenditore.com\/index.php?rest_route=\/wp\/v2\/product\/31891","targetHints":{"allow":["GET"]}}],"collection":[{"href":"https:\/\/serverdedicato.lovenailsrivenditore.com\/index.php?rest_route=\/wp\/v2\/product"}],"about":[{"href":"https:\/\/serverdedicato.lovenailsrivenditore.com\/index.php?rest_route=\/wp\/v2\/types\/product"}],"replies":[{"embeddable":true,"href":"https:\/\/serverdedicato.lovenailsrivenditore.com\/index.php?rest_route=%2Fwp%2Fv2%2Fcomments&post=31891"}],"wp:featuredmedia":[{"embeddable":true,"href":"https:\/\/serverdedicato.lovenailsrivenditore.com\/index.php?rest_route=\/wp\/v2\/media\/31892"}],"wp:attachment":[{"href":"https:\/\/serverdedicato.lovenailsrivenditore.com\/index.php?rest_route=%2Fwp%2Fv2%2Fmedia&parent=31891"}],"wp:term":[{"taxonomy":"product_brand","embeddable":true,"href":"https:\/\/serverdedicato.lovenailsrivenditore.com\/index.php?rest_route=%2Fwp%2Fv2%2Fproduct_brand&post=31891"},{"taxonomy":"product_cat","embeddable":true,"href":"https:\/\/serverdedicato.lovenailsrivenditore.com\/index.php?rest_route=%2Fwp%2Fv2%2Fproduct_cat&post=31891"},{"taxonomy":"product_tag","embeddable":true,"href":"https:\/\/serverdedicato.lovenailsrivenditore.com\/index.php?rest_route=%2Fwp%2Fv2%2Fproduct_tag&post=31891"}],"curies":[{"name":"wp","href":"https:\/\/api.w.org\/{rel}","templated":true}]}}