{"id":31897,"date":"2025-06-09T10:45:08","date_gmt":"2025-06-09T08:45:08","guid":{"rendered":"https:\/\/serverdedicato.lovenailsrivenditore.com\/?product=kodi-professional-gel-paint-n-02-black-4ml"},"modified":"2026-04-20T11:53:04","modified_gmt":"2026-04-20T09:53:04","slug":"kodi-professional-gel-paint-n-02-black-4ml","status":"publish","type":"product","link":"https:\/\/serverdedicato.lovenailsrivenditore.com\/?product=kodi-professional-gel-paint-n-02-black-4ml","title":{"rendered":"KODI PROFESSIONAL &#8211; GEL PAINT n.02 &#8211; BLACK 4ml"},"content":{"rendered":"<p>La linea di gel paint professionale KODI PROFESSIONAL \u00e8 progettata per la decorazione di unghie.\u00a0 \u00c8 ideale per la decorazione di unghie di qualsiasi complessit\u00e0, dalle nail art pi\u00f9 semplici a quelle pi\u00f9 complesse, nonch\u00e9 per la creazione di disegni volumetrici. Adatta sia per unghie artificiali che naturali. La consistenza densa e viscosa del gel paint \u00e8 facile da lavorare e ne impedisce la dispersione.<\/p>\n<p>Non presenta strato di dispersione. Il gel paint ha un&#8217;elevata saturazione del pigmento e mantiene il colore per tutta la durata dell&#8217;applicazione. A seconda delle esigenze, si asciuga in lampada UV per 1-2 minuti, in lampada LED da 20 secondi a 1 minuto.<\/p>\n<div class=\"wrap-hidden-text-link\">\n<div data-text=\"\u0427\u0438\u0442\u0430\u0442\u044c \u043f\u043e\u043b\u043d\u043e\u0441\u0442\u044c\u044e\"><\/div>\n<\/div>\n","protected":false},"excerpt":{"rendered":"<p>La linea di gel paint professionale KODI PROFESSIONAL \u00e8 progettata per la decorazione di unghie.\u00a0 \u00c8 ideale per la decorazione di unghie di qualsiasi complessit\u00e0, dalle nail art pi\u00f9 semplici a quelle pi\u00f9 complesse, nonch\u00e9 per la creazione di disegni volumetrici. Adatta sia per unghie artificiali che naturali. La consistenza densa e viscosa del gel paint \u00e8 facile da lavorare e ne impedisce la dispersione.<\/p>\n<p>Non presenta strato di dispersione. Il gel paint ha un&#8217;elevata saturazione del pigmento e mantiene il colore per tutta la durata dell&#8217;applicazione. A seconda delle esigenze, si asciuga in lampada UV per 1-2 minuti, in lampada LED da 20 secondi a 1 minuto.<\/p>\n","protected":false},"featured_media":31898,"comment_status":"closed","ping_status":"open","template":"","meta":[],"product_brand":[],"product_cat":[24,25,2627,1509],"product_tag":[726,2766,2767],"class_list":{"0":"post-31897","1":"product","2":"type-product","3":"status-publish","4":"has-post-thumbnail","6":"product_cat-colori","7":"product_cat-gel-color","8":"product_cat-kodi","9":"product_cat-top-brand-professionali-unghie","10":"product_tag-gel-paint","11":"product_tag-gel-paint-black","12":"product_tag-gel-paint-nero","14":"first","15":"instock","16":"shipping-taxable","17":"purchasable","18":"product-type-simple"},"_links":{"self":[{"href":"https:\/\/serverdedicato.lovenailsrivenditore.com\/index.php?rest_route=\/wp\/v2\/product\/31897","targetHints":{"allow":["GET"]}}],"collection":[{"href":"https:\/\/serverdedicato.lovenailsrivenditore.com\/index.php?rest_route=\/wp\/v2\/product"}],"about":[{"href":"https:\/\/serverdedicato.lovenailsrivenditore.com\/index.php?rest_route=\/wp\/v2\/types\/product"}],"replies":[{"embeddable":true,"href":"https:\/\/serverdedicato.lovenailsrivenditore.com\/index.php?rest_route=%2Fwp%2Fv2%2Fcomments&post=31897"}],"wp:featuredmedia":[{"embeddable":true,"href":"https:\/\/serverdedicato.lovenailsrivenditore.com\/index.php?rest_route=\/wp\/v2\/media\/31898"}],"wp:attachment":[{"href":"https:\/\/serverdedicato.lovenailsrivenditore.com\/index.php?rest_route=%2Fwp%2Fv2%2Fmedia&parent=31897"}],"wp:term":[{"taxonomy":"product_brand","embeddable":true,"href":"https:\/\/serverdedicato.lovenailsrivenditore.com\/index.php?rest_route=%2Fwp%2Fv2%2Fproduct_brand&post=31897"},{"taxonomy":"product_cat","embeddable":true,"href":"https:\/\/serverdedicato.lovenailsrivenditore.com\/index.php?rest_route=%2Fwp%2Fv2%2Fproduct_cat&post=31897"},{"taxonomy":"product_tag","embeddable":true,"href":"https:\/\/serverdedicato.lovenailsrivenditore.com\/index.php?rest_route=%2Fwp%2Fv2%2Fproduct_tag&post=31897"}],"curies":[{"name":"wp","href":"https:\/\/api.w.org\/{rel}","templated":true}]}}