{"id":31900,"date":"2025-06-09T11:01:00","date_gmt":"2025-06-09T09:01:00","guid":{"rendered":"https:\/\/serverdedicato.lovenailsrivenditore.com\/?product=kodi-no-sticky-top-coat-milky-12ml"},"modified":"2026-04-20T11:53:05","modified_gmt":"2026-04-20T09:53:05","slug":"kodi-no-sticky-top-coat-milky-12ml","status":"publish","type":"product","link":"https:\/\/serverdedicato.lovenailsrivenditore.com\/?product=kodi-no-sticky-top-coat-milky-12ml","title":{"rendered":"KODI &#8211; NO STICKY TOP COAT MILKY &#8211; 12ml"},"content":{"rendered":"<div><span>I massimi esperti del famoso marchio internazionale Kodi Professional lavorano costantemente per migliorare le formule dei prodotti per unghie esistenti e lanciare nuovi prodotti innovativi che cambierebbero in meglio la vita delle artiste. L&#8217;iconico No Sticky Top Coat \u00e8 un ottimo esempio di questo prodotto.<\/span><\/div>\n<div><\/div>\n<div><span>Il prodotto viene applicato nella fase finale della manicure per fissare definitivamente lo smalto in gel. Conferisce ulteriore resistenza e brillantezza, garantendo durata ed elasticit\u00e0. Il prodotto \u00e8 comodo da usare e non presenta strato di dispersione. La delicata palette di tonalit\u00e0 naturali merita un&#8217;attenzione particolare. Il colore Milky \u00e8 un classico colore lattiginoso.<\/span><\/div>\n<div><\/div>\n<div><span>Subito dopo la polimerizzazione, il colore assume una tonalit\u00e0 giallastra, ma dopo 2 ore il rivestimento torna lattiginoso. Ci\u00f2 \u00e8 dovuto al contenuto di molecole che aiutano la parte superiore a non ingiallire durante l&#8217;uso.<\/span><\/div>\n<div><\/div>\n<div><strong><span>Tempo di polimerizzazione:<\/span><\/strong><span> 48 W &#8211; 60 secondi (sconsigliamo la polimerizzazione oltre i 48 W).<\/span><\/div>\n","protected":false},"excerpt":{"rendered":"<div>I massimi esperti del famoso marchio internazionale Kodi Professional lavorano costantemente per migliorare le formule dei prodotti per unghie esistenti e lanciare nuovi prodotti innovativi che cambierebbero in meglio la vita delle artiste. L&#8217;iconico No Sticky Top Coat \u00e8 un ottimo esempio di questo prodotto.<\/div>\n<div><\/div>\n<div>Il prodotto viene applicato nella fase finale della manicure per fissare definitivamente lo smalto in gel. Conferisce ulteriore resistenza e brillantezza, garantendo durata ed elasticit\u00e0. Il prodotto \u00e8 comodo da usare e non presenta strato di dispersione. La delicata palette di tonalit\u00e0 naturali merita un&#8217;attenzione particolare. Il colore Milky \u00e8 un classico colore lattiginoso.<\/div>\n<div><\/div>\n<div>Subito dopo la polimerizzazione, il colore assume una tonalit\u00e0 giallastra, ma dopo 2 ore il rivestimento torna lattiginoso. Ci\u00f2 \u00e8 dovuto al contenuto di molecole che aiutano la parte superiore a non ingiallire durante l&#8217;uso.<\/div>\n<div><\/div>\n<div><strong>Tempo di polimerizzazione:<\/strong> 48 W &#8211; 60 secondi (sconsigliamo la polimerizzazione oltre i 48 W).<\/div>\n","protected":false},"featured_media":31901,"comment_status":"closed","ping_status":"open","template":"","meta":[],"product_brand":[],"product_cat":[202,2667,2627,1509],"product_tag":[2768,1245,1577],"class_list":{"0":"post-31900","1":"product","2":"type-product","3":"status-publish","4":"has-post-thumbnail","6":"product_cat-finish","7":"product_cat-finish-kodi","8":"product_cat-kodi","9":"product_cat-top-brand-professionali-unghie","10":"product_tag-no-sticky-top-coat","11":"product_tag-top-milky","12":"product_tag-top-senza-dispersione","14":"first","15":"instock","16":"shipping-taxable","17":"purchasable","18":"product-type-simple"},"_links":{"self":[{"href":"https:\/\/serverdedicato.lovenailsrivenditore.com\/index.php?rest_route=\/wp\/v2\/product\/31900","targetHints":{"allow":["GET"]}}],"collection":[{"href":"https:\/\/serverdedicato.lovenailsrivenditore.com\/index.php?rest_route=\/wp\/v2\/product"}],"about":[{"href":"https:\/\/serverdedicato.lovenailsrivenditore.com\/index.php?rest_route=\/wp\/v2\/types\/product"}],"replies":[{"embeddable":true,"href":"https:\/\/serverdedicato.lovenailsrivenditore.com\/index.php?rest_route=%2Fwp%2Fv2%2Fcomments&post=31900"}],"wp:featuredmedia":[{"embeddable":true,"href":"https:\/\/serverdedicato.lovenailsrivenditore.com\/index.php?rest_route=\/wp\/v2\/media\/31901"}],"wp:attachment":[{"href":"https:\/\/serverdedicato.lovenailsrivenditore.com\/index.php?rest_route=%2Fwp%2Fv2%2Fmedia&parent=31900"}],"wp:term":[{"taxonomy":"product_brand","embeddable":true,"href":"https:\/\/serverdedicato.lovenailsrivenditore.com\/index.php?rest_route=%2Fwp%2Fv2%2Fproduct_brand&post=31900"},{"taxonomy":"product_cat","embeddable":true,"href":"https:\/\/serverdedicato.lovenailsrivenditore.com\/index.php?rest_route=%2Fwp%2Fv2%2Fproduct_cat&post=31900"},{"taxonomy":"product_tag","embeddable":true,"href":"https:\/\/serverdedicato.lovenailsrivenditore.com\/index.php?rest_route=%2Fwp%2Fv2%2Fproduct_tag&post=31900"}],"curies":[{"name":"wp","href":"https:\/\/api.w.org\/{rel}","templated":true}]}}